{"id":114,"date":"2011-04-03T14:02:33","date_gmt":"2011-04-03T14:02:33","guid":{"rendered":"http:\/\/interactiveworld.cba.pl\/?page_id=114"},"modified":"2011-04-03T14:02:33","modified_gmt":"2011-04-03T14:02:33","slug":"apetyt-na-kase","status":"publish","type":"page","link":"https:\/\/serwis.interactiveworld.pl\/?page_id=114","title":{"rendered":"Apetyt na kas\u0119"},"content":{"rendered":"<p><a href=\"http:\/\/interactiveworld.cba.pl\/wp-content\/uploads\/2011\/04\/2486.0.jpg\"><img loading=\"lazy\" decoding=\"async\" class=\"aligncenter size-medium wp-image-116\" title=\"Logo programu\" src=\"http:\/\/interactiveworld.cba.pl\/wp-content\/uploads\/2011\/04\/2486.0-300x164.jpg\" alt=\"\" width=\"449\" height=\"244\" \/><\/a><\/p>\n<p><strong>Apetyt na kas\u0119<\/strong> to teleturniej interaktywny nadawany w stacji \u201eTVN 7\u201d  produkcji firmy \u201eGrupa ITI\u201d. Zadebiutowa\u0142 5 stycznia 2009 roku. Program wraz z &#8222;Graniem na ekranie&#8221; emitowany by\u0142 ze studia-salonu. W mi\u0119dzy czasie zmienia\u0142a si\u0119 oprawa graficzna, prezenterki oraz zasady dostania  si\u0119 do studia (Odpowiedzi na pytania). Widocznie nie spodoba\u0142o si\u0119 to  widzom, dlatego po 2-miesi\u0119cznej przerwie w 2010 roku powr\u00f3cono do  starych zasad. Obecnie program nadal emitowany jest z Salonu, tak jak  pozosta\u0142e programy oraz zasady s\u0105 takie jak kiedy\u015b \u2013 nale\u017cy trafi\u0107 na  \u201eOtwart\u0105 lini\u0119\u201d.<\/p>\n<p><strong>Program prowadz\u0105<\/strong> : Ma\u0142gorzata Opczowska, Monika Pachnik, Agnieszka Wr\u00f3blewska, Anna Wo\u0142ek oraz Bo\u017cena Ostrysz.<br \/>\n<strong>Program prowadzi\u0142y<\/strong> : Klaudia Ko\u0142aczyk, Katarzyna Janus, Magdalena Michniak, Marzena Ziarek, Aleksandra Majcherek oraz Olimpia Ajakaie.<strong> <\/strong><br \/>\n<strong>Emisja<\/strong> : Poniedzia\u0142ek &#8211; Pi\u0105tek o 13.20 w stacji TVN 7.<\/p>\n<p style=\"text-align: center;\"><strong>Obecna formu\u0142a programu &#8222;Apetyt na kas\u0119&#8221;:<\/strong><\/p>\n<p style=\"text-align: center;\"><strong><img loading=\"lazy\" decoding=\"async\" class=\"alignnone\" src=\"http:\/\/img687.imageshack.us\/img687\/4825\/57394913.png\" alt=\"\" width=\"585\" height=\"325\" \/><br \/>\n<\/strong><\/p>\n<p><strong><br \/>\n<\/strong><\/p>\n<hr \/>\n<hr \/>\n<hr \/>\n<p style=\"text-align: center;\"><strong>Obecne prezenterki programu &#8222;Apetyt na kas\u0119&#8221; :<\/strong><\/p>\n<p><strong> <\/strong><\/p>\n<p style=\"text-align: center;\"><img loading=\"lazy\" decoding=\"async\" class=\"aligncenter\" src=\"http:\/\/img713.imageshack.us\/img713\/8431\/95646253.png\" alt=\"\" width=\"585\" height=\"325\" \/><strong>Ma\u0142gorzata Opczowska<\/strong><\/p>\n<hr \/>\n<p style=\"text-align: center;\"><img loading=\"lazy\" decoding=\"async\" class=\"aligncenter\" src=\"http:\/\/img830.imageshack.us\/img830\/3827\/51511491.jpg\" alt=\"\" width=\"585\" height=\"325\" \/><strong>Monika Pachnik<\/strong><\/p>\n<hr \/>\n<p style=\"text-align: center;\"><img loading=\"lazy\" decoding=\"async\" class=\"aligncenter\" src=\"http:\/\/img825.imageshack.us\/img825\/5450\/81769372.jpg\" alt=\"\" width=\"585\" height=\"325\" \/><strong>Agnieszka Wr\u00f3blewska<\/strong><\/p>\n<hr \/>\n<p style=\"text-align: center;\"><img loading=\"lazy\" decoding=\"async\" class=\"aligncenter\" src=\"http:\/\/img268.imageshack.us\/img268\/5779\/29114343.jpg\" alt=\"\" width=\"585\" height=\"325\" \/><strong>Anna Wo\u0142ek<\/strong><\/p>\n<hr \/>\n<p style=\"text-align: center;\"><img loading=\"lazy\" decoding=\"async\" class=\"aligncenter\" src=\"http:\/\/img839.imageshack.us\/img839\/8378\/34035942.jpg\" alt=\"\" width=\"585\" height=\"325\" \/><strong>Bo\u017cena Ostrysz<\/strong><\/p>\n<hr \/>\n<hr \/>\n<hr \/>\n<p><strong><br \/>\n<\/strong><\/p>\n<p style=\"text-align: center;\"><strong>Dawne prezenterki programu &#8222;Apetyt na kas\u0119&#8221; :<\/strong><\/p>\n<p><strong> <\/strong><\/p>\n<p style=\"text-align: center;\"><img loading=\"lazy\" decoding=\"async\" class=\"aligncenter\" src=\"http:\/\/img710.imageshack.us\/img710\/5707\/55935084.jpg\" alt=\"\" width=\"507\" height=\"405\" \/><strong>Klaudia Ko\u0142aczyk<\/strong><\/p>\n<hr \/>\n<p style=\"text-align: center;\"><img loading=\"lazy\" decoding=\"async\" class=\"aligncenter\" src=\"http:\/\/img204.imageshack.us\/img204\/2888\/76877422.jpg\" alt=\"\" width=\"507\" height=\"405\" \/><strong>Katarzyna Janus<\/strong><\/p>\n<hr \/>\n<p style=\"text-align: center;\"><img loading=\"lazy\" decoding=\"async\" class=\"aligncenter\" src=\"http:\/\/pixa.s3.amazonaws.com\/images\/be8\/18351211.jpg?u=1247684172\" alt=\"\" width=\"507\" height=\"405\" \/><strong>Magdalena Michniak<\/strong><\/p>\n<hr \/>\n<p style=\"text-align: center;\"><img loading=\"lazy\" decoding=\"async\" class=\"aligncenter\" src=\"http:\/\/img12.imageshack.us\/img12\/7633\/beztytuutsd.png\" alt=\"\" width=\"507\" height=\"405\" \/><strong>Marzena Ziarek<\/strong><\/p>\n<hr \/>\n<p style=\"text-align: center;\"><img loading=\"lazy\" decoding=\"async\" class=\"aligncenter\" src=\"http:\/\/img267.imageshack.us\/img267\/7793\/image11131257ch62.jpg\" alt=\"\" width=\"507\" height=\"405\" \/><strong>Aleksandra Majcherek<\/strong><\/p>\n<hr \/>\n<p style=\"text-align: center;\"><img loading=\"lazy\" decoding=\"async\" class=\"aligncenter\" src=\"http:\/\/img33.imageshack.us\/img33\/8514\/31963457.jpg\" alt=\"\" width=\"507\" height=\"405\" \/><strong>Olimpia Ajakaie<\/strong><\/p>\n<hr \/>\n","protected":false},"excerpt":{"rendered":"<p>Apetyt na kas\u0119 to teleturniej interaktywny nadawany w stacji \u201eTVN 7\u201d produkcji firmy \u201eGrupa ITI\u201d. Zadebiutowa\u0142 5 stycznia 2009 roku. Program wraz z &#8222;Graniem na ekranie&#8221; emitowany by\u0142 ze studia-salonu. W mi\u0119dzy czasie zmienia\u0142a si\u0119 oprawa graficzna, prezenterki oraz zasady dostania si\u0119 do studia (Odpowiedzi na pytania). Widocznie nie spodoba\u0142o si\u0119 to widzom, dlatego po<a href=\"https:\/\/serwis.interactiveworld.pl\/?page_id=114\">&nbsp;&nbsp;[wi&#281;cej]<\/a><\/p>\n","protected":false},"author":1,"featured_media":0,"parent":0,"menu_order":0,"comment_status":"open","ping_status":"open","template":"","meta":{"footnotes":""},"class_list":["post-114","page","type-page","status-publish","hentry"],"_links":{"self":[{"href":"https:\/\/serwis.interactiveworld.pl\/index.php?rest_route=\/wp\/v2\/pages\/114","targetHints":{"allow":["GET"]}}],"collection":[{"href":"https:\/\/serwis.interactiveworld.pl\/index.php?rest_route=\/wp\/v2\/pages"}],"about":[{"href":"https:\/\/serwis.interactiveworld.pl\/index.php?rest_route=\/wp\/v2\/types\/page"}],"author":[{"embeddable":true,"href":"https:\/\/serwis.interactiveworld.pl\/index.php?rest_route=\/wp\/v2\/users\/1"}],"replies":[{"embeddable":true,"href":"https:\/\/serwis.interactiveworld.pl\/index.php?rest_route=%2Fwp%2Fv2%2Fcomments&post=114"}],"version-history":[{"count":0,"href":"https:\/\/serwis.interactiveworld.pl\/index.php?rest_route=\/wp\/v2\/pages\/114\/revisions"}],"wp:attachment":[{"href":"https:\/\/serwis.interactiveworld.pl\/index.php?rest_route=%2Fwp%2Fv2%2Fmedia&parent=114"}],"curies":[{"name":"wp","href":"https:\/\/api.w.org\/{rel}","templated":true}]}}