{"id":1598,"date":"2013-03-18T10:13:39","date_gmt":"2013-03-18T09:13:39","guid":{"rendered":"http:\/\/serwis.interactiveworld.pl\/?page_id=1598"},"modified":"2018-01-01T20:59:42","modified_gmt":"2018-01-01T19:59:42","slug":"diana-hoffmann","status":"publish","type":"page","link":"https:\/\/serwis.interactiveworld.pl\/?page_id=1598","title":{"rendered":"Diana Hoffmann"},"content":{"rendered":"<p><b>Diana Hoffmann <\/b>&#8211; prezenterka pocz\u0105tkowo w Telemedia InteracTV. Prowadzi\u0142a &#8222;Nocne Igraszki&#8221; i &#8222;Kasa gra&#8221; w TVN i TVN7. W 2008 r. by\u0142a gospodyni\u0105 programu &#8222;Ale Kasa!&#8221; w telewizji Polsat produkcji 9live. Po kilkuletniej przerwie, w 2013 r. wr\u00f3ci\u0142a do Telemedia InteracTV i przez dwa tygodnie pojawia\u0142a si\u0119 w teleturnieju &#8222;\u0141atwa Kasa&#8221; w Polonii1.<\/p>\n<p style=\"text-align: center;\"><img loading=\"lazy\" decoding=\"async\" class=\"aligncenter wp-image-3410 size-full\" title=\"Nocne Igraszki - TelemediaInteracTv - Diana Hoffmann\" src=\"https:\/\/serwis.interactiveworld.pl\/wp-content\/uploads\/2013\/03\/56.png\" alt=\"Nocne Igraszki - TelemediaInteracTv - Diana Hoffmann\" width=\"409\" height=\"306\" srcset=\"https:\/\/serwis.interactiveworld.pl\/wp-content\/uploads\/2013\/03\/56.png 409w, https:\/\/serwis.interactiveworld.pl\/wp-content\/uploads\/2013\/03\/56-300x224.png 300w, https:\/\/serwis.interactiveworld.pl\/wp-content\/uploads\/2013\/03\/56-80x60.png 80w\" sizes=\"auto, (max-width: 409px) 100vw, 409px\" \/><strong>Diana Hoffmann w programie &#8222;Nocne Igraszki&#8221; (2007r.)<\/strong><\/p>\n<hr \/>\n<p style=\"text-align: center;\"><strong><img loading=\"lazy\" decoding=\"async\" class=\"aligncenter wp-image-3411 size-full\" title=\"Kasa Gra - TelemediaInteracTv - Diana Hoffmann\" src=\"https:\/\/serwis.interactiveworld.pl\/wp-content\/uploads\/2013\/03\/50.png\" alt=\"Kasa Gra - Diana Hoffmann\" width=\"409\" height=\"306\" srcset=\"https:\/\/serwis.interactiveworld.pl\/wp-content\/uploads\/2013\/03\/50.png 409w, https:\/\/serwis.interactiveworld.pl\/wp-content\/uploads\/2013\/03\/50-300x224.png 300w, https:\/\/serwis.interactiveworld.pl\/wp-content\/uploads\/2013\/03\/50-80x60.png 80w\" sizes=\"auto, (max-width: 409px) 100vw, 409px\" \/>Diana Hoffmann w programie &#8222;Kasa Gra&#8221; (2007r.)<\/strong><\/p>\n<hr \/>\n<p style=\"text-align: center;\"><strong><img loading=\"lazy\" decoding=\"async\" class=\"aligncenter wp-image-5018\" title=\"Ale kasa! - 9 live - Diana Hoffmann\" src=\"https:\/\/serwis.interactiveworld.pl\/wp-content\/uploads\/2011\/08\/Ale-kasa.png\" alt=\"Ale kasa! - 9 live - Diana Hoffmann\" width=\"390\" height=\"304\" srcset=\"https:\/\/serwis.interactiveworld.pl\/wp-content\/uploads\/2011\/08\/Ale-kasa.png 610w, https:\/\/serwis.interactiveworld.pl\/wp-content\/uploads\/2011\/08\/Ale-kasa-300x234.png 300w\" sizes=\"auto, (max-width: 390px) 100vw, 390px\" \/>Diana Hoffmann w programie &#8222;Ale Kasa&#8221; (2008r.)<\/strong><\/p>\n<hr \/>\n<p style=\"text-align: center;\"><strong><img loading=\"lazy\" decoding=\"async\" class=\"aligncenter wp-image-4937\" title=\"\u0141atwa Kasa - TelemediaInteracTv - Diana Hoffmann\" src=\"https:\/\/serwis.interactiveworld.pl\/wp-content\/uploads\/2015\/10\/Magda1.png\" alt=\"\u0141atwa Kasa - TelemediaInteracTv - Diana Hoffmann\" width=\"390\" height=\"304\" srcset=\"https:\/\/serwis.interactiveworld.pl\/wp-content\/uploads\/2015\/10\/Magda1.png 610w, https:\/\/serwis.interactiveworld.pl\/wp-content\/uploads\/2015\/10\/Magda1-300x234.png 300w\" sizes=\"auto, (max-width: 390px) 100vw, 390px\" \/>Diana Hoffmann w programie &#8222;\u0141atwa Kasa&#8221; (2013r.)<\/strong><\/p>\n","protected":false},"excerpt":{"rendered":"<p>Diana Hoffmann &#8211; prezenterka pocz\u0105tkowo w Telemedia InteracTV. Prowadzi\u0142a &#8222;Nocne Igraszki&#8221; i &#8222;Kasa gra&#8221; w TVN i TVN7. W 2008 r. by\u0142a gospodyni\u0105 programu &#8222;Ale Kasa!&#8221; w telewizji Polsat produkcji 9live. Po kilkuletniej przerwie, w 2013 r. wr\u00f3ci\u0142a do Telemedia InteracTV i przez dwa tygodnie pojawia\u0142a si\u0119 w teleturnieju &#8222;\u0141atwa Kasa&#8221; w Polonii1. Diana Hoffmann<a href=\"https:\/\/serwis.interactiveworld.pl\/?page_id=1598\">&nbsp;&nbsp;[wi&#281;cej]<\/a><\/p>\n","protected":false},"author":1,"featured_media":0,"parent":0,"menu_order":0,"comment_status":"open","ping_status":"open","template":"","meta":{"footnotes":""},"class_list":["post-1598","page","type-page","status-publish","hentry"],"_links":{"self":[{"href":"https:\/\/serwis.interactiveworld.pl\/index.php?rest_route=\/wp\/v2\/pages\/1598","targetHints":{"allow":["GET"]}}],"collection":[{"href":"https:\/\/serwis.interactiveworld.pl\/index.php?rest_route=\/wp\/v2\/pages"}],"about":[{"href":"https:\/\/serwis.interactiveworld.pl\/index.php?rest_route=\/wp\/v2\/types\/page"}],"author":[{"embeddable":true,"href":"https:\/\/serwis.interactiveworld.pl\/index.php?rest_route=\/wp\/v2\/users\/1"}],"replies":[{"embeddable":true,"href":"https:\/\/serwis.interactiveworld.pl\/index.php?rest_route=%2Fwp%2Fv2%2Fcomments&post=1598"}],"version-history":[{"count":12,"href":"https:\/\/serwis.interactiveworld.pl\/index.php?rest_route=\/wp\/v2\/pages\/1598\/revisions"}],"predecessor-version":[{"id":6269,"href":"https:\/\/serwis.interactiveworld.pl\/index.php?rest_route=\/wp\/v2\/pages\/1598\/revisions\/6269"}],"wp:attachment":[{"href":"https:\/\/serwis.interactiveworld.pl\/index.php?rest_route=%2Fwp%2Fv2%2Fmedia&parent=1598"}],"curies":[{"name":"wp","href":"https:\/\/api.w.org\/{rel}","templated":true}]}}