{"id":177,"date":"2011-04-04T15:45:46","date_gmt":"2011-04-04T15:45:46","guid":{"rendered":"http:\/\/interactiveworld.cba.pl\/?page_id=177"},"modified":"2017-05-31T23:36:54","modified_gmt":"2017-05-31T21:36:54","slug":"informacje","status":"publish","type":"page","link":"https:\/\/serwis.interactiveworld.pl\/?page_id=177","title":{"rendered":"INFOrmacje"},"content":{"rendered":"<h3 style=\"text-align: center;\"><strong style=\"color: #ff0000; text-decoration: underline; font-size: 1.5em;\"><strong>Informacje dla stacji telewizyjnych i firm produkuj\u0105cych:<\/strong><\/strong><\/h3>\n<p>1. Materia\u0142y naszego serwisu\/forum s\u0105 wy\u0142\u0105cznie dodawane w celach <span style=\"text-decoration: underline;\"><strong> ARCHIWALNYCH<\/strong><\/span> i <span style=\"text-decoration: underline;\"><strong> INFORMACYJNYCH<\/strong><\/span> tzw. &#8222;pami\u0105tki z program\u00f3w interaktywnych &#8211; CallTV&#8221;.<\/p>\n<p>2. Materia\u0142y nie s\u0105 wykorzystywane w \u017caden spos\u00f3b.<\/p>\n<p>3. Serwis InteractiveWorld <span style=\"text-decoration: underline;\"><strong>NIE CZERPIE<\/strong><\/span> z nich \u017cadnych korzy\u015bci materialnych mog\u0105cych przynie\u015b\u0107 straty firmie produkuj\u0105cej oraz stacji emituj\u0105cej dany program.<\/p>\n<p>4. Prawa autorskie do tych materia\u0142\u00f3w posiada dana firma produkuj\u0105ca oraz stacja, kt\u00f3ra emituje dany program.<\/p>\n","protected":false},"excerpt":{"rendered":"<p>Informacje dla stacji telewizyjnych i firm produkuj\u0105cych: 1. Materia\u0142y naszego serwisu\/forum s\u0105 wy\u0142\u0105cznie dodawane w celach ARCHIWALNYCH i INFORMACYJNYCH tzw. &#8222;pami\u0105tki z program\u00f3w interaktywnych &#8211; CallTV&#8221;. 2. Materia\u0142y nie s\u0105 wykorzystywane w \u017caden spos\u00f3b. 3. Serwis InteractiveWorld NIE CZERPIE z nich \u017cadnych korzy\u015bci materialnych mog\u0105cych przynie\u015b\u0107 straty firmie produkuj\u0105cej oraz stacji emituj\u0105cej dany program. 4.<a href=\"https:\/\/serwis.interactiveworld.pl\/?page_id=177\">&nbsp;&nbsp;[wi&#281;cej]<\/a><\/p>\n","protected":false},"author":1,"featured_media":0,"parent":0,"menu_order":0,"comment_status":"open","ping_status":"open","template":"","meta":{"footnotes":""},"class_list":["post-177","page","type-page","status-publish","hentry"],"_links":{"self":[{"href":"https:\/\/serwis.interactiveworld.pl\/index.php?rest_route=\/wp\/v2\/pages\/177","targetHints":{"allow":["GET"]}}],"collection":[{"href":"https:\/\/serwis.interactiveworld.pl\/index.php?rest_route=\/wp\/v2\/pages"}],"about":[{"href":"https:\/\/serwis.interactiveworld.pl\/index.php?rest_route=\/wp\/v2\/types\/page"}],"author":[{"embeddable":true,"href":"https:\/\/serwis.interactiveworld.pl\/index.php?rest_route=\/wp\/v2\/users\/1"}],"replies":[{"embeddable":true,"href":"https:\/\/serwis.interactiveworld.pl\/index.php?rest_route=%2Fwp%2Fv2%2Fcomments&post=177"}],"version-history":[{"count":7,"href":"https:\/\/serwis.interactiveworld.pl\/index.php?rest_route=\/wp\/v2\/pages\/177\/revisions"}],"predecessor-version":[{"id":6099,"href":"https:\/\/serwis.interactiveworld.pl\/index.php?rest_route=\/wp\/v2\/pages\/177\/revisions\/6099"}],"wp:attachment":[{"href":"https:\/\/serwis.interactiveworld.pl\/index.php?rest_route=%2Fwp%2Fv2%2Fmedia&parent=177"}],"curies":[{"name":"wp","href":"https:\/\/api.w.org\/{rel}","templated":true}]}}