{"id":182,"date":"2011-04-09T16:08:37","date_gmt":"2011-04-09T16:08:37","guid":{"rendered":"http:\/\/interactiveworld.cba.pl\/?page_id=182"},"modified":"2018-01-01T20:46:05","modified_gmt":"2018-01-01T19:46:05","slug":"beata-cwalinska","status":"publish","type":"page","link":"https:\/\/serwis.interactiveworld.pl\/?page_id=182","title":{"rendered":"Beata Cwali\u0144ska"},"content":{"rendered":"<p><strong>Beata Cwali\u0144ska<\/strong> &#8211; prezenterka w Telemedia InteracTV. Prowadzi\u0142a teleturnieje takie jak 'Zagadkowa Noc&#8221;, &#8222;Wielka Wygrana&#8221;, &#8222;Fortuna Wiedzy&#8221; w telewizji Polsat oraz w Polsat2 &#8222;Wygraj Teraz&#8221; i &#8222;Rusz G\u0142ow\u0105&#8221;, kt\u00f3ry by\u0142 jej ostatnim programem.<\/p>\n<p style=\"text-align: center;\">\u00a0<img loading=\"lazy\" decoding=\"async\" class=\"aligncenter wp-image-3419 size-full\" title=\"Wygraj Teraz - TelemediaInteracTv - Beata Cwali\u0144ska\" src=\"https:\/\/serwis.interactiveworld.pl\/wp-content\/uploads\/2011\/04\/Beata-Cwali\u0144ska-Wygraj-Teraz.png\" alt=\"Wygraj Teraz - TelemediaInteracTv - Beata Cwali\u0144ska\" width=\"409\" height=\"306\" srcset=\"https:\/\/serwis.interactiveworld.pl\/wp-content\/uploads\/2011\/04\/Beata-Cwali\u0144ska-Wygraj-Teraz.png 409w, https:\/\/serwis.interactiveworld.pl\/wp-content\/uploads\/2011\/04\/Beata-Cwali\u0144ska-Wygraj-Teraz-300x224.png 300w, https:\/\/serwis.interactiveworld.pl\/wp-content\/uploads\/2011\/04\/Beata-Cwali\u0144ska-Wygraj-Teraz-80x60.png 80w\" sizes=\"auto, (max-width: 409px) 100vw, 409px\" \/><strong>Beata Cwali\u0144ska w programie &#8222;Wygraj Teraz&#8221; &#8211; 2009r.<\/strong><\/p>\n<hr \/>\n<p style=\"text-align: center;\"><strong><img loading=\"lazy\" decoding=\"async\" class=\"aligncenter wp-image-3421 size-full\" title=\"Teleturniej - TelemediaInteracTv - Beata Cwali\u0144ska\" src=\"https:\/\/serwis.interactiveworld.pl\/wp-content\/uploads\/2011\/04\/Beata-Cwali\u0144ska-Teleturniej.png\" alt=\"Teleturniej - TelemediaInteracTv - Beata Cwali\u0144ska\" width=\"409\" height=\"306\" srcset=\"https:\/\/serwis.interactiveworld.pl\/wp-content\/uploads\/2011\/04\/Beata-Cwali\u0144ska-Teleturniej.png 409w, https:\/\/serwis.interactiveworld.pl\/wp-content\/uploads\/2011\/04\/Beata-Cwali\u0144ska-Teleturniej-300x224.png 300w, https:\/\/serwis.interactiveworld.pl\/wp-content\/uploads\/2011\/04\/Beata-Cwali\u0144ska-Teleturniej-80x60.png 80w\" sizes=\"auto, (max-width: 409px) 100vw, 409px\" \/>Beata Cwali\u0144ska w programie &#8222;Teleturniej&#8221; &#8211; 2009r.<\/strong><\/p>\n<hr \/>\n<p style=\"text-align: center;\"><strong><img loading=\"lazy\" decoding=\"async\" class=\"aligncenter wp-image-3422 size-full\" title=\"Wielka Wygrana - TelemediaInteracTv - Beata Cwali\u0144ska\" src=\"https:\/\/serwis.interactiveworld.pl\/wp-content\/uploads\/2011\/04\/Beata-Cwali\u0144ska-Wielka-Wygrana.png\" alt=\"Wielka Wygrana - TelemediaInteracTv - Beata Cwali\u0144ska\" width=\"409\" height=\"306\" srcset=\"https:\/\/serwis.interactiveworld.pl\/wp-content\/uploads\/2011\/04\/Beata-Cwali\u0144ska-Wielka-Wygrana.png 409w, https:\/\/serwis.interactiveworld.pl\/wp-content\/uploads\/2011\/04\/Beata-Cwali\u0144ska-Wielka-Wygrana-300x224.png 300w, https:\/\/serwis.interactiveworld.pl\/wp-content\/uploads\/2011\/04\/Beata-Cwali\u0144ska-Wielka-Wygrana-80x60.png 80w\" sizes=\"auto, (max-width: 409px) 100vw, 409px\" \/>Beata Cwali\u0144ska w programie &#8222;Wielka Wygrana&#8221; &#8211; 2009r.<\/strong><\/p>\n<hr \/>\n<p style=\"text-align: center;\"><strong><img loading=\"lazy\" decoding=\"async\" class=\"aligncenter wp-image-3424 size-full\" title=\"Nagroda Gwarantowana - TelemediaInteracTv - Beata Cwali\u0144ska\" src=\"https:\/\/serwis.interactiveworld.pl\/wp-content\/uploads\/2011\/04\/Beata-Cwali\u0144ska-Nagroda-Gwarantowana.png\" alt=\"Nagroda Gwarantowana - TelemediaInteracTv - Beata Cwali\u0144ska\" width=\"409\" height=\"306\" srcset=\"https:\/\/serwis.interactiveworld.pl\/wp-content\/uploads\/2011\/04\/Beata-Cwali\u0144ska-Nagroda-Gwarantowana.png 409w, https:\/\/serwis.interactiveworld.pl\/wp-content\/uploads\/2011\/04\/Beata-Cwali\u0144ska-Nagroda-Gwarantowana-300x224.png 300w, https:\/\/serwis.interactiveworld.pl\/wp-content\/uploads\/2011\/04\/Beata-Cwali\u0144ska-Nagroda-Gwarantowana-80x60.png 80w\" sizes=\"auto, (max-width: 409px) 100vw, 409px\" \/>Beata Cwali\u0144ska w programie &#8222;Nagroda Gwarantowana&#8221; &#8211; 2009r.<\/strong><\/p>\n<hr \/>\n<p style=\"text-align: center;\"><strong><img loading=\"lazy\" decoding=\"async\" class=\"aligncenter wp-image-3423 size-full\" title=\"Fortuna Wiedzy - TelemediaInteracTv - Beata Cwali\u0144ska\" src=\"https:\/\/serwis.interactiveworld.pl\/wp-content\/uploads\/2011\/04\/Beata-Cwali\u0144ska-Fortuna-Wiedzy.png\" alt=\"Fortuna Wiedzy - TelemediaInteracTv - Beata Cwali\u0144ska\" width=\"409\" height=\"306\" srcset=\"https:\/\/serwis.interactiveworld.pl\/wp-content\/uploads\/2011\/04\/Beata-Cwali\u0144ska-Fortuna-Wiedzy.png 409w, https:\/\/serwis.interactiveworld.pl\/wp-content\/uploads\/2011\/04\/Beata-Cwali\u0144ska-Fortuna-Wiedzy-300x224.png 300w, https:\/\/serwis.interactiveworld.pl\/wp-content\/uploads\/2011\/04\/Beata-Cwali\u0144ska-Fortuna-Wiedzy-80x60.png 80w\" sizes=\"auto, (max-width: 409px) 100vw, 409px\" \/>Beata Cwali\u0144ska w programie &#8222;Fortuna Wiedzy&#8221; &#8211; 2010r.<\/strong><\/p>\n<hr \/>\n<p style=\"text-align: center;\"><strong><img loading=\"lazy\" decoding=\"async\" class=\"aligncenter wp-image-3425 size-full\" title=\"Zagadkowa Noc - TelemediaInteracTv - Beata Cwali\u0144ska\" src=\"https:\/\/serwis.interactiveworld.pl\/wp-content\/uploads\/2011\/04\/9.png\" alt=\"Zagadkowa Noc - TelemediaInteracTv - Beata Cwali\u0144ska\" width=\"409\" height=\"306\" srcset=\"https:\/\/serwis.interactiveworld.pl\/wp-content\/uploads\/2011\/04\/9.png 409w, https:\/\/serwis.interactiveworld.pl\/wp-content\/uploads\/2011\/04\/9-300x224.png 300w, https:\/\/serwis.interactiveworld.pl\/wp-content\/uploads\/2011\/04\/9-80x60.png 80w\" sizes=\"auto, (max-width: 409px) 100vw, 409px\" \/>Beata Cwali\u0144ska w programie &#8222;Zagadkowa Noc&#8221; &#8211; 2010r.<\/strong><\/p>\n<hr \/>\n<p style=\"text-align: center;\"><strong><img loading=\"lazy\" decoding=\"async\" class=\"aligncenter wp-image-3426 size-full\" title=\"Rusz G\u0142ow\u0105 - TelemediaInteracTv - Beata Cwali\u0144ska\" src=\"https:\/\/serwis.interactiveworld.pl\/wp-content\/uploads\/2011\/04\/Beata-Cwali\u0144ska-Rusz-G\u0142ow\u0105.png\" alt=\"Rusz G\u0142ow\u0105 - TelemediaInteracTv - Beata Cwali\u0144ska\" width=\"409\" height=\"306\" srcset=\"https:\/\/serwis.interactiveworld.pl\/wp-content\/uploads\/2011\/04\/Beata-Cwali\u0144ska-Rusz-G\u0142ow\u0105.png 409w, https:\/\/serwis.interactiveworld.pl\/wp-content\/uploads\/2011\/04\/Beata-Cwali\u0144ska-Rusz-G\u0142ow\u0105-300x224.png 300w, https:\/\/serwis.interactiveworld.pl\/wp-content\/uploads\/2011\/04\/Beata-Cwali\u0144ska-Rusz-G\u0142ow\u0105-80x60.png 80w\" sizes=\"auto, (max-width: 409px) 100vw, 409px\" \/>Beata Cwali\u0144ska w programie &#8222;Rusz G\u0142ow\u0105&#8221; &#8211; 2010r.<\/strong><\/p>\n","protected":false},"excerpt":{"rendered":"<p>Beata Cwali\u0144ska &#8211; prezenterka w Telemedia InteracTV. Prowadzi\u0142a teleturnieje takie jak 'Zagadkowa Noc&#8221;, &#8222;Wielka Wygrana&#8221;, &#8222;Fortuna Wiedzy&#8221; w telewizji Polsat oraz w Polsat2 &#8222;Wygraj Teraz&#8221; i &#8222;Rusz G\u0142ow\u0105&#8221;, kt\u00f3ry by\u0142 jej ostatnim programem. \u00a0Beata Cwali\u0144ska w programie &#8222;Wygraj Teraz&#8221; &#8211; 2009r. Beata Cwali\u0144ska w programie &#8222;Teleturniej&#8221; &#8211; 2009r. Beata Cwali\u0144ska w programie &#8222;Wielka Wygrana&#8221; &#8211;<a href=\"https:\/\/serwis.interactiveworld.pl\/?page_id=182\">&nbsp;&nbsp;[wi&#281;cej]<\/a><\/p>\n","protected":false},"author":1,"featured_media":0,"parent":0,"menu_order":0,"comment_status":"open","ping_status":"open","template":"","meta":{"footnotes":""},"class_list":["post-182","page","type-page","status-publish","hentry"],"_links":{"self":[{"href":"https:\/\/serwis.interactiveworld.pl\/index.php?rest_route=\/wp\/v2\/pages\/182","targetHints":{"allow":["GET"]}}],"collection":[{"href":"https:\/\/serwis.interactiveworld.pl\/index.php?rest_route=\/wp\/v2\/pages"}],"about":[{"href":"https:\/\/serwis.interactiveworld.pl\/index.php?rest_route=\/wp\/v2\/types\/page"}],"author":[{"embeddable":true,"href":"https:\/\/serwis.interactiveworld.pl\/index.php?rest_route=\/wp\/v2\/users\/1"}],"replies":[{"embeddable":true,"href":"https:\/\/serwis.interactiveworld.pl\/index.php?rest_route=%2Fwp%2Fv2%2Fcomments&post=182"}],"version-history":[{"count":4,"href":"https:\/\/serwis.interactiveworld.pl\/index.php?rest_route=\/wp\/v2\/pages\/182\/revisions"}],"predecessor-version":[{"id":6267,"href":"https:\/\/serwis.interactiveworld.pl\/index.php?rest_route=\/wp\/v2\/pages\/182\/revisions\/6267"}],"wp:attachment":[{"href":"https:\/\/serwis.interactiveworld.pl\/index.php?rest_route=%2Fwp%2Fv2%2Fmedia&parent=182"}],"curies":[{"name":"wp","href":"https:\/\/api.w.org\/{rel}","templated":true}]}}