{"id":184,"date":"2011-04-09T16:13:23","date_gmt":"2011-04-09T16:13:23","guid":{"rendered":"http:\/\/interactiveworld.cba.pl\/?page_id=184"},"modified":"2017-06-16T23:02:54","modified_gmt":"2017-06-16T21:02:54","slug":"bianka-gibaszewska","status":"publish","type":"page","link":"https:\/\/serwis.interactiveworld.pl\/?page_id=184","title":{"rendered":"Bianka Gibaszewska"},"content":{"rendered":"<p><strong>Bianka Gibaszewska<\/strong> &#8211; weso\u0142a, mi\u0142a oraz sympatyczna prowadz\u0105ca Call-TV. Prac\u0119 w telewizji zacz\u0119\u0142a od TMT gdzie przeprowadza\u0142a wywiady ze znanymi osobami.\u00a0Bianka zawsze tryska\u0142a mn\u00f3stwem energii, potrafi\u0142a rozbawi\u0107 widza, i zach\u0119ci\u0107 do programu sympatyczno\u015bci\u0105. Swoje pocz\u0105tki sp\u0119dzi\u0142a w programie &#8222;Wykr\u0119\u0107 Numer&#8221;, na antenie TVN oraz w &#8222;Kasa Gra&#8221; na kanale TVN Gra. P\u00f3\u017aniej mo\u017cna by\u0142o j\u0105 podziwia\u0107 na antenie TV4 w &#8222;Dziewczynach Fortuny&#8221;. Poprowadzi\u0142a r\u00f3wnie\u017c kilka odcink\u00f3w programu &#8222;Wielka Wygrana&#8221; go\u015bcinnie. Nast\u0119pnie prowadzi\u0142a programy Polsatu oraz wszystkie p\u00f3\u017aniejsze ods\u0142ony programu <em>\u0141atwa Kasa\u00a0<\/em>na kana\u0142ach: TVS, Tele 5 i Polonia 1.\u00a0Wi\u0119kszo\u015b\u0107 opinii o Biance, by\u0142y bardzo pozytywne.<\/p>\n<p style=\"text-align: center;\"><img loading=\"lazy\" decoding=\"async\" class=\"aligncenter wp-image-3439 size-full\" title=\"Wykr\u0119\u0107 numer\" src=\"https:\/\/serwis.interactiveworld.pl\/wp-content\/uploads\/2011\/04\/Bianka-Gibaszewska-wykr\u0119\u0107-numer.png\" alt=\"Wykr\u0119\u0107 numer\" width=\"409\" height=\"306\" srcset=\"https:\/\/serwis.interactiveworld.pl\/wp-content\/uploads\/2011\/04\/Bianka-Gibaszewska-wykr\u0119\u0107-numer.png 409w, https:\/\/serwis.interactiveworld.pl\/wp-content\/uploads\/2011\/04\/Bianka-Gibaszewska-wykr\u0119\u0107-numer-300x224.png 300w, https:\/\/serwis.interactiveworld.pl\/wp-content\/uploads\/2011\/04\/Bianka-Gibaszewska-wykr\u0119\u0107-numer-80x60.png 80w\" sizes=\"auto, (max-width: 409px) 100vw, 409px\" \/><strong>Bianka Gibaszewska w programie &#8222;Wykr\u0119\u0107 Numer&#8221; &#8211; 2007r.<\/strong><\/p>\n<hr \/>\n<p style=\"text-align: center;\"><strong><img loading=\"lazy\" decoding=\"async\" class=\"aligncenter wp-image-3441 size-full\" title=\"Kasa Gra\" src=\"https:\/\/serwis.interactiveworld.pl\/wp-content\/uploads\/2011\/04\/Kasa-GRa.png\" alt=\"Kasa Gra\" width=\"409\" height=\"306\" srcset=\"https:\/\/serwis.interactiveworld.pl\/wp-content\/uploads\/2011\/04\/Kasa-GRa.png 409w, https:\/\/serwis.interactiveworld.pl\/wp-content\/uploads\/2011\/04\/Kasa-GRa-300x224.png 300w, https:\/\/serwis.interactiveworld.pl\/wp-content\/uploads\/2011\/04\/Kasa-GRa-80x60.png 80w\" sizes=\"auto, (max-width: 409px) 100vw, 409px\" \/>Bianka Gibaszewska w programie &#8222;Kasa Gra&#8221; &#8211; 2007r.<\/strong><\/p>\n<hr \/>\n<p style=\"text-align: center;\"><strong><img loading=\"lazy\" decoding=\"async\" class=\"aligncenter wp-image-3442 size-full\" title=\"Bianka Gibaszewska - Wygraj Fortun\u0119\" src=\"https:\/\/serwis.interactiveworld.pl\/wp-content\/uploads\/2011\/04\/Bianka-Gibaszewska-Wygraj-Fortun\u0119.png\" alt=\"Bianka Gibaszewska - Wygraj Fortun\u0119\" width=\"409\" height=\"306\" srcset=\"https:\/\/serwis.interactiveworld.pl\/wp-content\/uploads\/2011\/04\/Bianka-Gibaszewska-Wygraj-Fortun\u0119.png 409w, https:\/\/serwis.interactiveworld.pl\/wp-content\/uploads\/2011\/04\/Bianka-Gibaszewska-Wygraj-Fortun\u0119-300x224.png 300w, https:\/\/serwis.interactiveworld.pl\/wp-content\/uploads\/2011\/04\/Bianka-Gibaszewska-Wygraj-Fortun\u0119-80x60.png 80w\" sizes=\"auto, (max-width: 409px) 100vw, 409px\" \/>Bianka Gibaszewska w programie &#8222;Wygraj Fortun\u0119&#8221; &#8211; 2008r.<\/strong><\/p>\n<hr \/>\n<p style=\"text-align: center;\"><strong><img loading=\"lazy\" decoding=\"async\" class=\"aligncenter wp-image-3443 size-full\" title=\"Bianka Gibaszewska - Wygraj Teraz\" src=\"https:\/\/serwis.interactiveworld.pl\/wp-content\/uploads\/2011\/04\/Bianka-Gibaszewska-Wygraj-Teraz-.png\" alt=\"Bianka Gibaszewska - Wygraj Teraz\" width=\"409\" height=\"306\" srcset=\"https:\/\/serwis.interactiveworld.pl\/wp-content\/uploads\/2011\/04\/Bianka-Gibaszewska-Wygraj-Teraz-.png 409w, https:\/\/serwis.interactiveworld.pl\/wp-content\/uploads\/2011\/04\/Bianka-Gibaszewska-Wygraj-Teraz--300x224.png 300w, https:\/\/serwis.interactiveworld.pl\/wp-content\/uploads\/2011\/04\/Bianka-Gibaszewska-Wygraj-Teraz--80x60.png 80w\" sizes=\"auto, (max-width: 409px) 100vw, 409px\" \/>Bianka Gibaszewska w programie &#8222;Wygraj Teraz&#8221; &#8211; 2009r.<\/strong><\/p>\n<hr \/>\n<p style=\"text-align: center;\"><strong><img loading=\"lazy\" decoding=\"async\" class=\"aligncenter wp-image-3444 size-full\" title=\"Bianka Gibaszewska - Kasa na Bnak\" src=\"https:\/\/serwis.interactiveworld.pl\/wp-content\/uploads\/2011\/04\/Bianka-Gibaszewska-Kasa-na-Bnak.png\" alt=\"Bianka Gibaszewska - Kasa na Bnak\" width=\"409\" height=\"306\" srcset=\"https:\/\/serwis.interactiveworld.pl\/wp-content\/uploads\/2011\/04\/Bianka-Gibaszewska-Kasa-na-Bnak.png 409w, https:\/\/serwis.interactiveworld.pl\/wp-content\/uploads\/2011\/04\/Bianka-Gibaszewska-Kasa-na-Bnak-300x224.png 300w, https:\/\/serwis.interactiveworld.pl\/wp-content\/uploads\/2011\/04\/Bianka-Gibaszewska-Kasa-na-Bnak-80x60.png 80w\" sizes=\"auto, (max-width: 409px) 100vw, 409px\" \/>Bianka Gibaszewska w programie &#8222;Kasa na Bank&#8221; &#8211; 2009r.<\/strong><\/p>\n<hr \/>\n<p style=\"text-align: center;\"><strong><img loading=\"lazy\" decoding=\"async\" class=\"aligncenter wp-image-5324\" title=\"Bianka Gibaszewska - Dziewczyny fortuny\" src=\"https:\/\/serwis.interactiveworld.pl\/wp-content\/uploads\/2011\/08\/2.png\" alt=\"Bianka Gibaszewska - Dziewczyny fortuny\" width=\"390\" height=\"304\" srcset=\"https:\/\/serwis.interactiveworld.pl\/wp-content\/uploads\/2011\/08\/2.png 610w, https:\/\/serwis.interactiveworld.pl\/wp-content\/uploads\/2011\/08\/2-300x234.png 300w\" sizes=\"auto, (max-width: 390px) 100vw, 390px\" \/>Bianka Gibaszewska w programie &#8222;Dziewczyny Fortuny&#8221; &#8211; 2009r.<\/strong><\/p>\n<hr \/>\n<p style=\"text-align: center;\"><strong><img loading=\"lazy\" decoding=\"async\" class=\"aligncenter wp-image-3446 size-full\" title=\"Bianka Gibaszewska - Dziewczyny z fortun\u0105\" src=\"https:\/\/serwis.interactiveworld.pl\/wp-content\/uploads\/2011\/04\/Bianka-Gibaszewska-Dziewczyny-z-fortun\u0105.png\" alt=\"Bianka Gibaszewska - Dziewczyny z fortun\u0105\" width=\"409\" height=\"306\" srcset=\"https:\/\/serwis.interactiveworld.pl\/wp-content\/uploads\/2011\/04\/Bianka-Gibaszewska-Dziewczyny-z-fortun\u0105.png 409w, https:\/\/serwis.interactiveworld.pl\/wp-content\/uploads\/2011\/04\/Bianka-Gibaszewska-Dziewczyny-z-fortun\u0105-300x224.png 300w, https:\/\/serwis.interactiveworld.pl\/wp-content\/uploads\/2011\/04\/Bianka-Gibaszewska-Dziewczyny-z-fortun\u0105-80x60.png 80w\" sizes=\"auto, (max-width: 409px) 100vw, 409px\" \/>Bianka Gibaszewska w programie &#8222;Dziewczyny z fortun\u0105&#8221; &#8211; 2010r.<\/strong><\/p>\n<hr \/>\n<p style=\"text-align: center;\"><strong><img loading=\"lazy\" decoding=\"async\" class=\"aligncenter wp-image-3447 size-full\" title=\"Bianka Gibaszewska - Zagadkowa noc\" src=\"https:\/\/serwis.interactiveworld.pl\/wp-content\/uploads\/2011\/04\/Bianka-Gibaszewska-Zagadkowa-noc.png\" alt=\"Bianka Gibaszewska - Zagadkowa noc\" width=\"409\" height=\"306\" srcset=\"https:\/\/serwis.interactiveworld.pl\/wp-content\/uploads\/2011\/04\/Bianka-Gibaszewska-Zagadkowa-noc.png 409w, https:\/\/serwis.interactiveworld.pl\/wp-content\/uploads\/2011\/04\/Bianka-Gibaszewska-Zagadkowa-noc-300x224.png 300w, https:\/\/serwis.interactiveworld.pl\/wp-content\/uploads\/2011\/04\/Bianka-Gibaszewska-Zagadkowa-noc-80x60.png 80w\" sizes=\"auto, (max-width: 409px) 100vw, 409px\" \/>Bianka Gibaszewska w &#8222;Zagadkowej Nocy&#8221; &#8211; 2010r.<\/strong><\/p>\n<hr \/>\n<p style=\"text-align: center;\"><strong><img loading=\"lazy\" decoding=\"async\" class=\"aligncenter wp-image-3448 size-full\" title=\"Bianka Gibaszewska w programie RUSZ G\u0141OW\u0104 \" src=\"https:\/\/serwis.interactiveworld.pl\/wp-content\/uploads\/2011\/04\/Bianka.png\" alt=\"Bianka Gibaszewska\" width=\"409\" height=\"306\" srcset=\"https:\/\/serwis.interactiveworld.pl\/wp-content\/uploads\/2011\/04\/Bianka.png 409w, https:\/\/serwis.interactiveworld.pl\/wp-content\/uploads\/2011\/04\/Bianka-300x224.png 300w, https:\/\/serwis.interactiveworld.pl\/wp-content\/uploads\/2011\/04\/Bianka-80x60.png 80w\" sizes=\"auto, (max-width: 409px) 100vw, 409px\" \/>Bianka Gibaszewska w programie &#8222;Rusz G\u0142ow\u0105&#8221; &#8211; 2010r.<\/strong><\/p>\n<hr \/>\n<p style=\"text-align: center;\"><strong><img loading=\"lazy\" decoding=\"async\" class=\"aligncenter wp-image-3449 size-full\" title=\"Bianka Gibaszewska - \u0141atwa Kasa - TVS\" src=\"https:\/\/serwis.interactiveworld.pl\/wp-content\/uploads\/2011\/04\/Bianka-Gibaszewska-\u0141atwa-Kasa-TVS.png\" alt=\"Bianka Gibaszewska - \u0141atwa Kasa - TVS\" width=\"409\" height=\"306\" srcset=\"https:\/\/serwis.interactiveworld.pl\/wp-content\/uploads\/2011\/04\/Bianka-Gibaszewska-\u0141atwa-Kasa-TVS.png 409w, https:\/\/serwis.interactiveworld.pl\/wp-content\/uploads\/2011\/04\/Bianka-Gibaszewska-\u0141atwa-Kasa-TVS-300x224.png 300w, https:\/\/serwis.interactiveworld.pl\/wp-content\/uploads\/2011\/04\/Bianka-Gibaszewska-\u0141atwa-Kasa-TVS-80x60.png 80w\" sizes=\"auto, (max-width: 409px) 100vw, 409px\" \/>Bianka Gibaszewska w programie &#8222;\u0141atwa Kasa&#8221; na antenie TVS &#8211; 2012r.<\/strong><\/p>\n<hr \/>\n<p style=\"text-align: center;\"><strong><img loading=\"lazy\" decoding=\"async\" class=\"aligncenter wp-image-3450 size-full\" title=\"Bianka Gibaszewska - \u0141atwa Kasa (Tele5)\" src=\"https:\/\/serwis.interactiveworld.pl\/wp-content\/uploads\/2011\/04\/Bianka-Gibaszewska-\u0141atwa-Kasa-Tele5.png\" alt=\"Bianka Gibaszewska - \u0141atwa Kasa (Tele5)\" width=\"409\" height=\"306\" srcset=\"https:\/\/serwis.interactiveworld.pl\/wp-content\/uploads\/2011\/04\/Bianka-Gibaszewska-\u0141atwa-Kasa-Tele5.png 409w, https:\/\/serwis.interactiveworld.pl\/wp-content\/uploads\/2011\/04\/Bianka-Gibaszewska-\u0141atwa-Kasa-Tele5-300x224.png 300w, https:\/\/serwis.interactiveworld.pl\/wp-content\/uploads\/2011\/04\/Bianka-Gibaszewska-\u0141atwa-Kasa-Tele5-80x60.png 80w\" sizes=\"auto, (max-width: 409px) 100vw, 409px\" \/>Bianka Gibaszewska w programie &#8222;\u0141atwa Kasa&#8221; na kanale Tele 5 &#8211; 2013r.<\/strong><\/p>\n<hr \/>\n<p style=\"text-align: center;\"><strong><img loading=\"lazy\" decoding=\"async\" class=\"aligncenter wp-image-3451 size-full\" title=\"Bianka Gibaszewska - \u0141atwa Kasa - Polonia1\" src=\"https:\/\/serwis.interactiveworld.pl\/wp-content\/uploads\/2011\/04\/Bianka-Gibaszewska-\u0141atwa-Kasa-Polonia1.png\" alt=\"Bianka Gibaszewska - \u0141atwa Kasa - Polonia1\" width=\"409\" height=\"306\" srcset=\"https:\/\/serwis.interactiveworld.pl\/wp-content\/uploads\/2011\/04\/Bianka-Gibaszewska-\u0141atwa-Kasa-Polonia1.png 409w, https:\/\/serwis.interactiveworld.pl\/wp-content\/uploads\/2011\/04\/Bianka-Gibaszewska-\u0141atwa-Kasa-Polonia1-300x224.png 300w, https:\/\/serwis.interactiveworld.pl\/wp-content\/uploads\/2011\/04\/Bianka-Gibaszewska-\u0141atwa-Kasa-Polonia1-80x60.png 80w\" sizes=\"auto, (max-width: 409px) 100vw, 409px\" \/>Bianka w swoim ostatnim programie calltv &#8222;\u0141atwa Kasa&#8221; na kanale Polonia1 &#8211; 2013r.<\/strong><\/p>\n","protected":false},"excerpt":{"rendered":"<p>Bianka Gibaszewska &#8211; weso\u0142a, mi\u0142a oraz sympatyczna prowadz\u0105ca Call-TV. Prac\u0119 w telewizji zacz\u0119\u0142a od TMT gdzie przeprowadza\u0142a wywiady ze znanymi osobami.\u00a0Bianka zawsze tryska\u0142a mn\u00f3stwem energii, potrafi\u0142a rozbawi\u0107 widza, i zach\u0119ci\u0107 do programu sympatyczno\u015bci\u0105. Swoje pocz\u0105tki sp\u0119dzi\u0142a w programie &#8222;Wykr\u0119\u0107 Numer&#8221;, na antenie TVN oraz w &#8222;Kasa Gra&#8221; na kanale TVN Gra. P\u00f3\u017aniej mo\u017cna by\u0142o j\u0105<a href=\"https:\/\/serwis.interactiveworld.pl\/?page_id=184\">&nbsp;&nbsp;[wi&#281;cej]<\/a><\/p>\n","protected":false},"author":1,"featured_media":0,"parent":0,"menu_order":0,"comment_status":"open","ping_status":"open","template":"","meta":{"footnotes":""},"class_list":["post-184","page","type-page","status-publish","hentry"],"_links":{"self":[{"href":"https:\/\/serwis.interactiveworld.pl\/index.php?rest_route=\/wp\/v2\/pages\/184","targetHints":{"allow":["GET"]}}],"collection":[{"href":"https:\/\/serwis.interactiveworld.pl\/index.php?rest_route=\/wp\/v2\/pages"}],"about":[{"href":"https:\/\/serwis.interactiveworld.pl\/index.php?rest_route=\/wp\/v2\/types\/page"}],"author":[{"embeddable":true,"href":"https:\/\/serwis.interactiveworld.pl\/index.php?rest_route=\/wp\/v2\/users\/1"}],"replies":[{"embeddable":true,"href":"https:\/\/serwis.interactiveworld.pl\/index.php?rest_route=%2Fwp%2Fv2%2Fcomments&post=184"}],"version-history":[{"count":15,"href":"https:\/\/serwis.interactiveworld.pl\/index.php?rest_route=\/wp\/v2\/pages\/184\/revisions"}],"predecessor-version":[{"id":6175,"href":"https:\/\/serwis.interactiveworld.pl\/index.php?rest_route=\/wp\/v2\/pages\/184\/revisions\/6175"}],"wp:attachment":[{"href":"https:\/\/serwis.interactiveworld.pl\/index.php?rest_route=%2Fwp%2Fv2%2Fmedia&parent=184"}],"curies":[{"name":"wp","href":"https:\/\/api.w.org\/{rel}","templated":true}]}}