{"id":198,"date":"2011-04-08T07:03:56","date_gmt":"2011-04-08T07:03:56","guid":{"rendered":"http:\/\/interactiveworld.cba.pl\/?page_id=198"},"modified":"2016-09-24T13:24:37","modified_gmt":"2016-09-24T11:24:37","slug":"olimpia-ajakayie","status":"publish","type":"page","link":"https:\/\/serwis.interactiveworld.pl\/?page_id=198","title":{"rendered":"Olimpia Ajakaiye"},"content":{"rendered":"<p><strong>Olimpia Ajakaiye<\/strong> &#8211; dawna, sympatyczna, tryskaj\u0105ca energi\u0105 prowadz\u0105ca Grupy ITI. Pierwsze programy prowadzi\u0142a ju\u017c w 2001 r. Jej pierwszy program to &#8222;Tele Gra&#8221;. Po &#8222;erze&#8221; program\u00f3w Call-TV w latach 2002-2005, powsta\u0142 nowy kana\u0142 interaktywny TVN Gra. Tam Olimpia prowadzi\u0142a mn\u00f3stwo program\u00f3w. Bardzo lubi\u0142a swoj\u0105 prac\u0119, zawsze by\u0142a sympatyczna i tryskaj\u0105ca mn\u00f3stwem energii. Swoje programy, prowadzi\u0142a zawsze w dzie\u0144, nigdy noc\u0105. Po zako\u0144czeniu pracy z Grup\u0105 ITI prowadzi\u0142a program &#8222;A normalnie o tej porze&#8221; na TVP2. Aktualnie zajmuje si\u0119 projektowaniem wn\u0119trz.<\/p>\n<p>&nbsp;<\/p>\n<p style=\"text-align: center;\"><a href=\"http:\/\/interactiveworld.cba.pl\/wp-content\/uploads\/2011\/04\/olimpia.jpg\"><img loading=\"lazy\" decoding=\"async\" class=\"aligncenter size-medium wp-image-338\" title=\"olimpia\" src=\"http:\/\/images27.fotosik.pl\/243\/520a130df0e755fd.jpg\" alt=\"\" width=\"325\" height=\"260\" \/><\/a><strong>Olimpia w &#8222;Garito&#8221;<\/strong><\/p>\n<p>&nbsp;<\/p>\n","protected":false},"excerpt":{"rendered":"<p>Olimpia Ajakaiye &#8211; dawna, sympatyczna, tryskaj\u0105ca energi\u0105 prowadz\u0105ca Grupy ITI. Pierwsze programy prowadzi\u0142a ju\u017c w 2001 r. Jej pierwszy program to &#8222;Tele Gra&#8221;. Po &#8222;erze&#8221; program\u00f3w Call-TV w latach 2002-2005, powsta\u0142 nowy kana\u0142 interaktywny TVN Gra. Tam Olimpia prowadzi\u0142a mn\u00f3stwo program\u00f3w. Bardzo lubi\u0142a swoj\u0105 prac\u0119, zawsze by\u0142a sympatyczna i tryskaj\u0105ca mn\u00f3stwem energii. Swoje programy, prowadzi\u0142a<a href=\"https:\/\/serwis.interactiveworld.pl\/?page_id=198\">&nbsp;&nbsp;[wi&#281;cej]<\/a><\/p>\n","protected":false},"author":1,"featured_media":0,"parent":0,"menu_order":0,"comment_status":"open","ping_status":"open","template":"","meta":{"footnotes":""},"class_list":["post-198","page","type-page","status-publish","hentry"],"_links":{"self":[{"href":"https:\/\/serwis.interactiveworld.pl\/index.php?rest_route=\/wp\/v2\/pages\/198","targetHints":{"allow":["GET"]}}],"collection":[{"href":"https:\/\/serwis.interactiveworld.pl\/index.php?rest_route=\/wp\/v2\/pages"}],"about":[{"href":"https:\/\/serwis.interactiveworld.pl\/index.php?rest_route=\/wp\/v2\/types\/page"}],"author":[{"embeddable":true,"href":"https:\/\/serwis.interactiveworld.pl\/index.php?rest_route=\/wp\/v2\/users\/1"}],"replies":[{"embeddable":true,"href":"https:\/\/serwis.interactiveworld.pl\/index.php?rest_route=%2Fwp%2Fv2%2Fcomments&post=198"}],"version-history":[{"count":6,"href":"https:\/\/serwis.interactiveworld.pl\/index.php?rest_route=\/wp\/v2\/pages\/198\/revisions"}],"predecessor-version":[{"id":5822,"href":"https:\/\/serwis.interactiveworld.pl\/index.php?rest_route=\/wp\/v2\/pages\/198\/revisions\/5822"}],"wp:attachment":[{"href":"https:\/\/serwis.interactiveworld.pl\/index.php?rest_route=%2Fwp%2Fv2%2Fmedia&parent=198"}],"curies":[{"name":"wp","href":"https:\/\/api.w.org\/{rel}","templated":true}]}}