{"id":204,"date":"2011-04-08T07:09:48","date_gmt":"2011-04-08T07:09:48","guid":{"rendered":"http:\/\/interactiveworld.cba.pl\/?page_id=204"},"modified":"2013-05-05T10:54:07","modified_gmt":"2013-05-05T09:54:07","slug":"204-2","status":"publish","type":"page","link":"https:\/\/serwis.interactiveworld.pl\/?page_id=204","title":{"rendered":"Katarzyna Janus"},"content":{"rendered":"<p><strong>Katarzyna Janus<\/strong> &#8211; wspania\u0142a prowadz\u0105ca program\u00f3w TVN-u Grupy ITI.  Swoje programy prowadzi\u0142a od 2005 r., r\u00f3wnie\u017c na kanale TVN Gra.  Prowadzi\u0142a &#8222;Stra\u017cnika Kasy&#8221; czy &#8222;Hej-na\u0142 show&#8221;. Kiedy telewizja TVN Gra  sko\u0144czy\u0142a swoje nadawanie, Kasia zacz\u0119\u0142a prowadzi\u0107 programy &#8222;Granie na  \u015bniadanie&#8221;, &#8222;Salon gry&#8221;, &#8222;Apetyt na kas\u0119&#8221; oraz &#8222;Nocne granie&#8221;. Mia\u0142a  bardzo du\u017co fan\u00f3w. Wi\u0119kszo\u015b\u0107 widz\u00f3w bardzo j\u0105 lubi\u0142a, jednak\u017ce dostawa\u0142a  r\u00f3wnie\u017c niemi\u0142e telefony w nocnych programach. Ostatnie programy  prowadzi\u0142a pod koniec 2009 r. Wraz z now\u0105 ods\u0142on\u0105 program\u00f3w TVN-u  znikn\u0119\u0142a z program\u00f3w interaktywnych z Magd\u0105 Michniak raz na zawsze.<\/p>\n<p style=\"text-align: center;\"><strong>Programy<\/strong>:  Granie na \u015bniadanie, Salon gry, Apetyt na kas\u0119, Nocne granie, Stra\u017cnik kasy, Hej-na\u0142 show, Kryminalne zagadki, Seans filmowy oraz. Zabawa od kuchni.<\/p>\n<p style=\"text-align: center;\">\n<a target='_blank' href='http:\/\/imageshack.us\/photo\/my-images\/187\/50358562.jpg\/'><img src='http:\/\/img187.imageshack.us\/img187\/8240\/50358562.jpg' width=\"429\" height=\"342\" border='0'\/><\/a><br \/>\n<strong>Katarzyna Janus w &#8222;Apetycie na kas\u0119&#8221; na kanale TVN7.<\/strong><\/p>\n","protected":false},"excerpt":{"rendered":"<p>Katarzyna Janus &#8211; wspania\u0142a prowadz\u0105ca program\u00f3w TVN-u Grupy ITI. Swoje programy prowadzi\u0142a od 2005 r., r\u00f3wnie\u017c na kanale TVN Gra. Prowadzi\u0142a &#8222;Stra\u017cnika Kasy&#8221; czy &#8222;Hej-na\u0142 show&#8221;. Kiedy telewizja TVN Gra sko\u0144czy\u0142a swoje nadawanie, Kasia zacz\u0119\u0142a prowadzi\u0107 programy &#8222;Granie na \u015bniadanie&#8221;, &#8222;Salon gry&#8221;, &#8222;Apetyt na kas\u0119&#8221; oraz &#8222;Nocne granie&#8221;. Mia\u0142a bardzo du\u017co fan\u00f3w. Wi\u0119kszo\u015b\u0107 widz\u00f3w bardzo<a href=\"https:\/\/serwis.interactiveworld.pl\/?page_id=204\">&nbsp;&nbsp;[wi&#281;cej]<\/a><\/p>\n","protected":false},"author":1,"featured_media":0,"parent":0,"menu_order":0,"comment_status":"open","ping_status":"open","template":"","meta":{"footnotes":""},"class_list":["post-204","page","type-page","status-publish","hentry"],"_links":{"self":[{"href":"https:\/\/serwis.interactiveworld.pl\/index.php?rest_route=\/wp\/v2\/pages\/204","targetHints":{"allow":["GET"]}}],"collection":[{"href":"https:\/\/serwis.interactiveworld.pl\/index.php?rest_route=\/wp\/v2\/pages"}],"about":[{"href":"https:\/\/serwis.interactiveworld.pl\/index.php?rest_route=\/wp\/v2\/types\/page"}],"author":[{"embeddable":true,"href":"https:\/\/serwis.interactiveworld.pl\/index.php?rest_route=\/wp\/v2\/users\/1"}],"replies":[{"embeddable":true,"href":"https:\/\/serwis.interactiveworld.pl\/index.php?rest_route=%2Fwp%2Fv2%2Fcomments&post=204"}],"version-history":[{"count":2,"href":"https:\/\/serwis.interactiveworld.pl\/index.php?rest_route=\/wp\/v2\/pages\/204\/revisions"}],"predecessor-version":[{"id":1666,"href":"https:\/\/serwis.interactiveworld.pl\/index.php?rest_route=\/wp\/v2\/pages\/204\/revisions\/1666"}],"wp:attachment":[{"href":"https:\/\/serwis.interactiveworld.pl\/index.php?rest_route=%2Fwp%2Fv2%2Fmedia&parent=204"}],"curies":[{"name":"wp","href":"https:\/\/api.w.org\/{rel}","templated":true}]}}