{"id":209,"date":"2011-04-08T11:18:41","date_gmt":"2011-04-08T11:18:41","guid":{"rendered":"http:\/\/interactiveworld.cba.pl\/?page_id=209"},"modified":"2018-08-28T22:22:14","modified_gmt":"2018-08-28T21:22:14","slug":"wywiady","status":"publish","type":"page","link":"https:\/\/serwis.interactiveworld.pl\/?page_id=209","title":{"rendered":"Wywiady"},"content":{"rendered":"<h2 style=\"text-align: center;\"><a href=\"https:\/\/serwis.interactiveworld.pl\/?page_id=3102\">Wywiad z Agnieszk\u0105 Wr\u00f3blewsk\u0105<\/a><\/h2>\n<p style=\"text-align: center;\">Dawna prowadz\u0105ca <span style=\"color: #555555;\">teleturnieje interaktywne w stacji\u00a0<\/span><em style=\"color: #555555;\">TVN\u00a0<\/em><span style=\"color: #555555;\">od samego pocz\u0105tku, do samego ko\u0144ca<\/span><\/p>\n<hr \/>\n<h2 style=\"text-align: center;\"><a href=\"https:\/\/serwis.interactiveworld.pl\/?p=6107\">Wywiad z Ann\u0105 Lerczak<\/a><\/h2>\n<p style=\"text-align: center;\">Prowadz\u0105ca Call TV w Telemedia InteracTV (2005-2010) i <em>Green Hat Studios (2010 do dzi\u015b)<\/em><\/p>\n<hr \/>\n<h2 style=\"text-align: center;\"><a href=\"https:\/\/serwis.interactiveworld.pl\/?page_id=455\">Wywiad z Ew\u0105 Chodaczy\u0144sk\u0105<\/a><\/h2>\n<p style=\"text-align: center;\">Dawna prowadz\u0105ca CallTV<\/p>\n<hr \/>\n<h2 style=\"text-align: center;\"><a href=\"https:\/\/serwis.interactiveworld.pl\/?page_id=478\">Wywiad z Justyn\u0105 Widawsk\u0105<\/a><\/h2>\n<p style=\"text-align: center;\">Dawna prezenterka programu \u201eZagadkowa jedynka\u201d<\/p>\n<hr \/>\n<h2 style=\"text-align: center;\"><a href=\"https:\/\/serwis.interactiveworld.pl\/?page_id=572\">Wywiad z Olg\u0105 P\u0119czak<\/a><\/h2>\n<p style=\"text-align: center;\">Dawna prezenterka program\u00f3w CallTV<\/p>\n<hr \/>\n<h2 style=\"text-align: center;\"><a href=\"https:\/\/serwis.interactiveworld.pl\/?page_id=803\">Wywiad z Ew\u0105 Tu\u0142acz<\/a><\/h2>\n<p style=\"text-align: center;\">Dawna prezenterka program\u00f3w CallTV<\/p>\n<hr \/>\n<h2 style=\"text-align: center;\"><a href=\"https:\/\/serwis.interactiveworld.pl\/?page_id=980\">Wywiad z Marzen\u0105 Ziarek<\/a><\/h2>\n<p style=\"text-align: center;\">Dawna prezenterka program\u00f3w\u00a0CallTV<\/p>\n<hr \/>\n<h2 style=\"text-align: center;\"><a href=\"https:\/\/serwis.interactiveworld.pl\/?page_id=1414\">Wywiad z Magdalen\u0105 Michniak<\/a><\/h2>\n<p style=\"text-align: center;\">Dawna prezenterka program\u00f3w firmy Grupy ITI.<\/p>\n<hr \/>\n<h2 style=\"text-align: center;\"><strong><a title=\"Wywiad z Valentin\u0105\" href=\"https:\/\/serwis.interactiveworld.pl\/?p=3379\" target=\"_blank\" rel=\"noopener noreferrer\">Wywiad z Valentin\u0105<\/a><\/strong><\/h2>\n<p style=\"text-align: center;\">Prowadz\u0105ca programy ezoteryczne w EZOTV oraz Telemedia InteracTV.<\/p>\n<p style=\"text-align: center;\">\n","protected":false},"excerpt":{"rendered":"<p>Wywiad z Agnieszk\u0105 Wr\u00f3blewsk\u0105 Dawna prowadz\u0105ca teleturnieje interaktywne w stacji\u00a0TVN\u00a0od samego pocz\u0105tku, do samego ko\u0144ca Wywiad z Ann\u0105 Lerczak Prowadz\u0105ca Call TV w Telemedia InteracTV (2005-2010) i Green Hat Studios (2010 do dzi\u015b) Wywiad z Ew\u0105 Chodaczy\u0144sk\u0105 Dawna prowadz\u0105ca CallTV Wywiad z Justyn\u0105 Widawsk\u0105 Dawna prezenterka programu \u201eZagadkowa jedynka\u201d Wywiad z Olg\u0105 P\u0119czak Dawna prezenterka<a href=\"https:\/\/serwis.interactiveworld.pl\/?page_id=209\">&nbsp;&nbsp;[wi&#281;cej]<\/a><\/p>\n","protected":false},"author":1,"featured_media":0,"parent":0,"menu_order":0,"comment_status":"open","ping_status":"open","template":"","meta":{"footnotes":""},"class_list":["post-209","page","type-page","status-publish","hentry"],"_links":{"self":[{"href":"https:\/\/serwis.interactiveworld.pl\/index.php?rest_route=\/wp\/v2\/pages\/209","targetHints":{"allow":["GET"]}}],"collection":[{"href":"https:\/\/serwis.interactiveworld.pl\/index.php?rest_route=\/wp\/v2\/pages"}],"about":[{"href":"https:\/\/serwis.interactiveworld.pl\/index.php?rest_route=\/wp\/v2\/types\/page"}],"author":[{"embeddable":true,"href":"https:\/\/serwis.interactiveworld.pl\/index.php?rest_route=\/wp\/v2\/users\/1"}],"replies":[{"embeddable":true,"href":"https:\/\/serwis.interactiveworld.pl\/index.php?rest_route=%2Fwp%2Fv2%2Fcomments&post=209"}],"version-history":[{"count":21,"href":"https:\/\/serwis.interactiveworld.pl\/index.php?rest_route=\/wp\/v2\/pages\/209\/revisions"}],"predecessor-version":[{"id":6435,"href":"https:\/\/serwis.interactiveworld.pl\/index.php?rest_route=\/wp\/v2\/pages\/209\/revisions\/6435"}],"wp:attachment":[{"href":"https:\/\/serwis.interactiveworld.pl\/index.php?rest_route=%2Fwp%2Fv2%2Fmedia&parent=209"}],"curies":[{"name":"wp","href":"https:\/\/api.w.org\/{rel}","templated":true}]}}