{"id":2123,"date":"2013-09-04T22:50:07","date_gmt":"2013-09-04T21:50:07","guid":{"rendered":"http:\/\/serwis.interactiveworld.pl\/?page_id=2123"},"modified":"2020-02-07T10:12:31","modified_gmt":"2020-02-07T08:12:31","slug":"dawni-prowadzacy","status":"publish","type":"page","link":"https:\/\/serwis.interactiveworld.pl\/?page_id=2123","title":{"rendered":"Dawni prowadz\u0105cy"},"content":{"rendered":"<ul>\n<li style=\"text-align: left;\"><a href=\"\/?page_id=284\">Agnieszka Wr\u00f3blewska<\/a><\/li>\n<li style=\"text-align: left;\"><a href=\"\/?page_id=282\">Aleksandra Majcherek<\/a><\/li>\n<li><a href=\"\/?page_id=18\">Anna Lerczak<\/a><\/li>\n<li style=\"text-align: left;\"><a href=\"\/?page_id=288\">Anna Wo\u0142ek<\/a><\/li>\n<li style=\"text-align: left;\"><a href=\"\/?page_id=182\">Beata Cwali\u0144ska<\/a><\/li>\n<li style=\"text-align: left;\"><a href=\"\/?page_id=184\">Bianka Gibaszewska<\/a><\/li>\n<li style=\"text-align: left;\"><a href=\"\/?page_id=291\">Bo\u017cena Ostrysz<\/a><\/li>\n<li style=\"text-align: left;\"><a href=\"\/?page_id=1732\">Dawid Marecki<\/a><\/li>\n<li style=\"text-align: left;\"><a href=\"\/??page_id=1598\">Diana Hoffmann<\/a><\/li>\n<li style=\"text-align: left;\"><a href=\"\/?page_id=470\">Ewa Chodaczy\u0144ska<\/a><\/li>\n<li style=\"text-align: left;\"><a href=\"\/?page_id=4283\">Ewa Tu\u0142acz<\/a><\/li>\n<li style=\"text-align: left;\"><a href=\"\/?page_id=1722\">Fabiola\u00a0Samborska<\/a><\/li>\n<li><a href=\"\/?page_id=3174\">Joanna Ga\u0142ka-Walczykiewicz<\/a><\/li>\n<li style=\"text-align: left;\"><a href=\"\/?page_id=5720\">Joanna Subotowicz<\/a><\/li>\n<li style=\"text-align: left;\"><a href=\"\/?page_id=294\">Justyna Widawska<\/a><\/li>\n<li style=\"text-align: left;\"><a href=\"\/?page_id=194\">Karolina Ko\u0142odziej<\/a><\/li>\n<li><a href=\"#\">Karolina Serowi\u0144ska<\/a><\/li>\n<li style=\"text-align: left;\"><a href=\"\/?page_id=204\">Katarzyna Janus<\/a><\/li>\n<li style=\"text-align: left;\"><a href=\"\/?page_id=263\">Klaudia Ko\u0142aczyk<\/a><\/li>\n<li><a href=\"\/?page_id=4957\">Krystian Lis<\/a><\/li>\n<li style=\"text-align: left;\"><a href=\"\/?page_id=1727\">Krzysztof Bogalecki<\/a><\/li>\n<li><a href=\"#\">Maciej Maciejowski<\/a><\/li>\n<li style=\"text-align: left;\"><a href=\"\/?page_id=1107\">Magdalena Engelmajer<\/a><\/li>\n<li style=\"text-align: left;\"><a href=\"\/?page_id=271\">Magdalena Michniak<\/a><\/li>\n<li style=\"text-align: left;\"><a href=\"\/?page_id=330\">Magdalena Suzynowicz<\/a><\/li>\n<li style=\"text-align: left;\"><a href=\"\/?page_id=250\">Ma\u0142gorzata Opczowska<\/a><\/li>\n<li><a href=\"\/?page_id=3176\">Marcin Ga\u0142ka-Walczykiewicz<\/a><\/li>\n<li style=\"text-align: left;\"><a href=\"\/?page_id=5842\">Maria Krzemi\u0144ska<\/a><\/li>\n<li style=\"text-align: left;\"><a href=\"\/?page_id=259\">Marzena Ziarek<\/a><\/li>\n<li><a href=\"\/?page_id=4395\">Monika Chrzanowska<\/a><\/li>\n<li><a href=\"\/?page_id=4219\">Monika Laskowska<\/a><\/li>\n<li style=\"text-align: left;\"><a href=\"\/?page_id=85\">Monika Ordowska<\/a><\/li>\n<li style=\"text-align: left;\"><a href=\"\/?page_id=301\">Monika Pachnik<\/a><\/li>\n<li style=\"text-align: left;\"><a href=\"\/?page_id=253\">Olga P\u0119czak<\/a><\/li>\n<li style=\"text-align: left;\"><a href=\"\/?page_id=198\">Olimpia Ajakaiye<\/a><\/li>\n<li style=\"text-align: left;\"><a href=\"\/?page_id=1204\">Paulina Koziejowska<\/a><\/li>\n<li style=\"text-align: left;\"><a href=\"\/?page_id=278\">R\u00f3\u017ca Kulma<\/a><\/li>\n<\/ul>\n","protected":false},"excerpt":{"rendered":"<p>Agnieszka Wr\u00f3blewska Aleksandra Majcherek Anna Lerczak Anna Wo\u0142ek Beata Cwali\u0144ska Bianka Gibaszewska Bo\u017cena Ostrysz Dawid Marecki Diana Hoffmann Ewa Chodaczy\u0144ska Ewa Tu\u0142acz Fabiola\u00a0Samborska Joanna Ga\u0142ka-Walczykiewicz Joanna Subotowicz Justyna Widawska Karolina Ko\u0142odziej Karolina Serowi\u0144ska Katarzyna Janus Klaudia Ko\u0142aczyk Krystian Lis Krzysztof Bogalecki Maciej Maciejowski Magdalena Engelmajer Magdalena Michniak Magdalena Suzynowicz Ma\u0142gorzata Opczowska Marcin Ga\u0142ka-Walczykiewicz Maria Krzemi\u0144ska<a href=\"https:\/\/serwis.interactiveworld.pl\/?page_id=2123\">&nbsp;&nbsp;[wi&#281;cej]<\/a><\/p>\n","protected":false},"author":1,"featured_media":0,"parent":0,"menu_order":0,"comment_status":"open","ping_status":"open","template":"","meta":{"footnotes":""},"class_list":["post-2123","page","type-page","status-publish","hentry"],"_links":{"self":[{"href":"https:\/\/serwis.interactiveworld.pl\/index.php?rest_route=\/wp\/v2\/pages\/2123","targetHints":{"allow":["GET"]}}],"collection":[{"href":"https:\/\/serwis.interactiveworld.pl\/index.php?rest_route=\/wp\/v2\/pages"}],"about":[{"href":"https:\/\/serwis.interactiveworld.pl\/index.php?rest_route=\/wp\/v2\/types\/page"}],"author":[{"embeddable":true,"href":"https:\/\/serwis.interactiveworld.pl\/index.php?rest_route=\/wp\/v2\/users\/1"}],"replies":[{"embeddable":true,"href":"https:\/\/serwis.interactiveworld.pl\/index.php?rest_route=%2Fwp%2Fv2%2Fcomments&post=2123"}],"version-history":[{"count":64,"href":"https:\/\/serwis.interactiveworld.pl\/index.php?rest_route=\/wp\/v2\/pages\/2123\/revisions"}],"predecessor-version":[{"id":6801,"href":"https:\/\/serwis.interactiveworld.pl\/index.php?rest_route=\/wp\/v2\/pages\/2123\/revisions\/6801"}],"wp:attachment":[{"href":"https:\/\/serwis.interactiveworld.pl\/index.php?rest_route=%2Fwp%2Fv2%2Fmedia&parent=2123"}],"curies":[{"name":"wp","href":"https:\/\/api.w.org\/{rel}","templated":true}]}}