{"id":250,"date":"2011-04-09T20:52:36","date_gmt":"2011-04-09T20:52:36","guid":{"rendered":"http:\/\/interactiveworld.cba.pl\/?page_id=250"},"modified":"2015-01-24T17:43:54","modified_gmt":"2015-01-24T16:43:54","slug":"malgorzata-opczowska","status":"publish","type":"page","link":"https:\/\/serwis.interactiveworld.pl\/?page_id=250","title":{"rendered":"Ma\u0142gorzata Opczowska"},"content":{"rendered":"<p>Ma\u0142gorzata Opczowska &#8211; mi\u0142a, sympatyczna i przede wszystkim weso\u0142a prezenterka TVN-u. Na studiach rozpocz\u0119\u0142a prac\u0119 jako prezenterka i poprowadzi\u0142a sw\u00f3j pierwszy interaktywny program na \u017cywo Trele morele. Po nim przysz\u0142y nast\u0119pne: Fabryka gry, Graj o raj, Hej &#8211; na\u0142 show, Mania grania, Nerwy na wodzy, Salon gry, Salon gier, Seans filmowy, Stra\u017cnik kasy, Szybka forsa, Wy\u015bcig po kas\u0119 oraz Zabawa od kuchni. W dzieci\u0144stwie uwielbia\u0142a taniec, ta\u0144czy\u0142a w k\u00f3\u0142ku tanecznym. Drug\u0105 jej pasj\u0105 jest czytanie ksi\u0105\u017cek, je\u017cd\u017cenie na nartach, koszyk\u00f3wka i siatk\u00f3wka. Do 2 wrze\u015bnia 2011 by\u0142a prezenterk\u0105 program\u00f3w interaktywnych Grupy ITI.<\/p>\n<p style=\"text-align: center;\">\u00a0<img loading=\"lazy\" decoding=\"async\" class=\"aligncenter wp-image-3388 size-full\" title=\"Salon Gier\" src=\"https:\/\/serwis.interactiveworld.pl\/wp-content\/uploads\/2011\/04\/Salon-Gier.png\" alt=\"Salon Gier\" width=\"409\" height=\"306\" srcset=\"https:\/\/serwis.interactiveworld.pl\/wp-content\/uploads\/2011\/04\/Salon-Gier.png 409w, https:\/\/serwis.interactiveworld.pl\/wp-content\/uploads\/2011\/04\/Salon-Gier-300x224.png 300w, https:\/\/serwis.interactiveworld.pl\/wp-content\/uploads\/2011\/04\/Salon-Gier-80x60.png 80w\" sizes=\"auto, (max-width: 409px) 100vw, 409px\" \/><strong>Ma\u0142gosia Opczowska w programie &#8222;Salon Gier&#8221;<\/strong><\/p>\n<hr \/>\n<p style=\"text-align: center;\"><img loading=\"lazy\" decoding=\"async\" class=\"aligncenter wp-image-3390 size-full\" title=\"Mania Grania\" src=\"https:\/\/serwis.interactiveworld.pl\/wp-content\/uploads\/2011\/04\/Manai-Grania.png\" alt=\"Mania Grania\" width=\"409\" height=\"306\" srcset=\"https:\/\/serwis.interactiveworld.pl\/wp-content\/uploads\/2011\/04\/Manai-Grania.png 409w, https:\/\/serwis.interactiveworld.pl\/wp-content\/uploads\/2011\/04\/Manai-Grania-300x224.png 300w, https:\/\/serwis.interactiveworld.pl\/wp-content\/uploads\/2011\/04\/Manai-Grania-80x60.png 80w\" sizes=\"auto, (max-width: 409px) 100vw, 409px\" \/><strong>Ma\u0142gorzata Opczowska w programie &#8222;Mania Grania&#8221;<\/strong><\/p>\n<hr \/>\n<p style=\"text-align: center;\"><img loading=\"lazy\" decoding=\"async\" class=\"aligncenter wp-image-3391 size-full\" title=\"Szybka forsa\" src=\"https:\/\/serwis.interactiveworld.pl\/wp-content\/uploads\/2011\/04\/Szybka-forsa.png\" alt=\"Szybka forsa\" width=\"409\" height=\"306\" srcset=\"https:\/\/serwis.interactiveworld.pl\/wp-content\/uploads\/2011\/04\/Szybka-forsa.png 409w, https:\/\/serwis.interactiveworld.pl\/wp-content\/uploads\/2011\/04\/Szybka-forsa-300x224.png 300w, https:\/\/serwis.interactiveworld.pl\/wp-content\/uploads\/2011\/04\/Szybka-forsa-80x60.png 80w\" sizes=\"auto, (max-width: 409px) 100vw, 409px\" \/><strong>Ma\u0142gorzata Opczowska w programie &#8222;Szybka forsa&#8221;<\/strong><\/p>\n<hr \/>\n<p style=\"text-align: center;\"><img loading=\"lazy\" decoding=\"async\" class=\"aligncenter wp-image-3392 size-full\" title=\"Graj o Raj\" src=\"https:\/\/serwis.interactiveworld.pl\/wp-content\/uploads\/2011\/04\/Graj-o-Raj.png\" alt=\"Graj o Raj\" width=\"409\" height=\"306\" srcset=\"https:\/\/serwis.interactiveworld.pl\/wp-content\/uploads\/2011\/04\/Graj-o-Raj.png 409w, https:\/\/serwis.interactiveworld.pl\/wp-content\/uploads\/2011\/04\/Graj-o-Raj-300x224.png 300w, https:\/\/serwis.interactiveworld.pl\/wp-content\/uploads\/2011\/04\/Graj-o-Raj-80x60.png 80w\" sizes=\"auto, (max-width: 409px) 100vw, 409px\" \/><strong>Ma\u0142gorzata Opczowska w programie &#8222;Graj o raj&#8221;<\/strong><\/p>\n<hr \/>\n<p style=\"text-align: center;\"><strong><img loading=\"lazy\" decoding=\"async\" class=\"aligncenter wp-image-3393 size-full\" title=\"Stra\u017cnik kasy\" src=\"https:\/\/serwis.interactiveworld.pl\/wp-content\/uploads\/2011\/04\/Stra\u017cnik-kasy.png\" alt=\"Stra\u017cnik kasy\" width=\"409\" height=\"306\" srcset=\"https:\/\/serwis.interactiveworld.pl\/wp-content\/uploads\/2011\/04\/Stra\u017cnik-kasy.png 409w, https:\/\/serwis.interactiveworld.pl\/wp-content\/uploads\/2011\/04\/Stra\u017cnik-kasy-300x224.png 300w, https:\/\/serwis.interactiveworld.pl\/wp-content\/uploads\/2011\/04\/Stra\u017cnik-kasy-80x60.png 80w\" sizes=\"auto, (max-width: 409px) 100vw, 409px\" \/>Ma\u0142gorzata Opczowska w programie &#8222;Stra\u017cnik kasy&#8221;<\/strong><\/p>\n<hr \/>\n<p style=\"text-align: center;\"><img loading=\"lazy\" decoding=\"async\" class=\"aligncenter wp-image-3394 size-full\" title=\"Fabryka Gry\" src=\"https:\/\/serwis.interactiveworld.pl\/wp-content\/uploads\/2011\/04\/Fabryka-Gry.jpg\" alt=\"Fabryka Gry\" width=\"409\" height=\"306\" srcset=\"https:\/\/serwis.interactiveworld.pl\/wp-content\/uploads\/2011\/04\/Fabryka-Gry.jpg 409w, https:\/\/serwis.interactiveworld.pl\/wp-content\/uploads\/2011\/04\/Fabryka-Gry-300x224.jpg 300w, https:\/\/serwis.interactiveworld.pl\/wp-content\/uploads\/2011\/04\/Fabryka-Gry-80x60.jpg 80w\" sizes=\"auto, (max-width: 409px) 100vw, 409px\" \/><strong>Ma\u0142gorzata Opczowska na krakowskim rynku w programie &#8222;Fabryka Gry&#8221;<\/strong><\/p>\n<hr \/>\n<p style=\"text-align: center;\"><strong><img loading=\"lazy\" decoding=\"async\" class=\"aligncenter wp-image-3395 size-full\" title=\"Wy\u015bcig po kas\u0119\" src=\"https:\/\/serwis.interactiveworld.pl\/wp-content\/uploads\/2011\/04\/Wy\u015bcig-po-kas\u0119.png\" alt=\"Wy\u015bcig po kas\u0119\" width=\"409\" height=\"306\" srcset=\"https:\/\/serwis.interactiveworld.pl\/wp-content\/uploads\/2011\/04\/Wy\u015bcig-po-kas\u0119.png 409w, https:\/\/serwis.interactiveworld.pl\/wp-content\/uploads\/2011\/04\/Wy\u015bcig-po-kas\u0119-300x224.png 300w, https:\/\/serwis.interactiveworld.pl\/wp-content\/uploads\/2011\/04\/Wy\u015bcig-po-kas\u0119-80x60.png 80w\" sizes=\"auto, (max-width: 409px) 100vw, 409px\" \/>Ma\u0142gorzata Opczowska w programie &#8222;Wy\u015bcig po kas\u0119&#8221;<\/strong><\/p>\n<hr \/>\n<p style=\"text-align: center;\"><strong><img loading=\"lazy\" decoding=\"async\" class=\"aligncenter wp-image-3396 size-full\" title=\"Zabawa od kuchni\" src=\"https:\/\/serwis.interactiveworld.pl\/wp-content\/uploads\/2011\/04\/Zabawa-od-kuchni.png\" alt=\"Zabawa od kuchni\" width=\"409\" height=\"306\" srcset=\"https:\/\/serwis.interactiveworld.pl\/wp-content\/uploads\/2011\/04\/Zabawa-od-kuchni.png 409w, https:\/\/serwis.interactiveworld.pl\/wp-content\/uploads\/2011\/04\/Zabawa-od-kuchni-300x224.png 300w, https:\/\/serwis.interactiveworld.pl\/wp-content\/uploads\/2011\/04\/Zabawa-od-kuchni-80x60.png 80w\" sizes=\"auto, (max-width: 409px) 100vw, 409px\" \/>Ma\u0142gorzata Opczowska w programie &#8222;Zabawa od kuchni&#8221;<\/strong><\/p>\n<hr \/>\n<p style=\"text-align: center;\"><strong><img loading=\"lazy\" decoding=\"async\" class=\"aligncenter wp-image-3397 size-full\" title=\"Salon Gry\" src=\"https:\/\/serwis.interactiveworld.pl\/wp-content\/uploads\/2011\/04\/Salon-Gry.png\" alt=\"Salon Gry\" width=\"409\" height=\"306\" srcset=\"https:\/\/serwis.interactiveworld.pl\/wp-content\/uploads\/2011\/04\/Salon-Gry.png 409w, https:\/\/serwis.interactiveworld.pl\/wp-content\/uploads\/2011\/04\/Salon-Gry-300x224.png 300w, https:\/\/serwis.interactiveworld.pl\/wp-content\/uploads\/2011\/04\/Salon-Gry-80x60.png 80w\" sizes=\"auto, (max-width: 409px) 100vw, 409px\" \/>Ma\u0142gosia Opczowska w programie &#8222;Salon Gry&#8221;<\/strong><\/p>\n<hr \/>\n<p style=\"text-align: center;\"><strong><img loading=\"lazy\" decoding=\"async\" class=\"aligncenter wp-image-3398 size-full\" title=\"Granie na ekranie\" src=\"https:\/\/serwis.interactiveworld.pl\/wp-content\/uploads\/2011\/04\/Granie-na-ekranie.png\" alt=\"Granie na ekranie\" width=\"409\" height=\"306\" srcset=\"https:\/\/serwis.interactiveworld.pl\/wp-content\/uploads\/2011\/04\/Granie-na-ekranie.png 409w, https:\/\/serwis.interactiveworld.pl\/wp-content\/uploads\/2011\/04\/Granie-na-ekranie-300x224.png 300w, https:\/\/serwis.interactiveworld.pl\/wp-content\/uploads\/2011\/04\/Granie-na-ekranie-80x60.png 80w\" sizes=\"auto, (max-width: 409px) 100vw, 409px\" \/>Ma\u0142gosia Opczowska w programie &#8222;Granie na ekranie&#8221;<\/strong><\/p>\n<hr \/>\n<p style=\"text-align: center;\"><strong><img loading=\"lazy\" decoding=\"async\" class=\"aligncenter wp-image-3399 size-full\" title=\"Apetyt na kas\u0119\" src=\"https:\/\/serwis.interactiveworld.pl\/wp-content\/uploads\/2011\/04\/Apetyt-na-kas\u0119.png\" alt=\"Apetyt na kas\u0119\" width=\"409\" height=\"306\" srcset=\"https:\/\/serwis.interactiveworld.pl\/wp-content\/uploads\/2011\/04\/Apetyt-na-kas\u0119.png 409w, https:\/\/serwis.interactiveworld.pl\/wp-content\/uploads\/2011\/04\/Apetyt-na-kas\u0119-300x224.png 300w, https:\/\/serwis.interactiveworld.pl\/wp-content\/uploads\/2011\/04\/Apetyt-na-kas\u0119-80x60.png 80w\" sizes=\"auto, (max-width: 409px) 100vw, 409px\" \/>Ma\u0142gosia Opczowska w programie &#8222;Apetyt na kas\u0119&#8221;<\/strong><\/p>\n<hr \/>\n<p style=\"text-align: center;\"><strong><img loading=\"lazy\" decoding=\"async\" class=\"aligncenter wp-image-3400 size-full\" title=\"Granie na \u015bniadanie\" src=\"https:\/\/serwis.interactiveworld.pl\/wp-content\/uploads\/2011\/04\/Granie-na-\u015bniadanie.png\" alt=\"Granie na \u015bniadanie\" width=\"409\" height=\"306\" srcset=\"https:\/\/serwis.interactiveworld.pl\/wp-content\/uploads\/2011\/04\/Granie-na-\u015bniadanie.png 409w, https:\/\/serwis.interactiveworld.pl\/wp-content\/uploads\/2011\/04\/Granie-na-\u015bniadanie-300x224.png 300w, https:\/\/serwis.interactiveworld.pl\/wp-content\/uploads\/2011\/04\/Granie-na-\u015bniadanie-80x60.png 80w\" sizes=\"auto, (max-width: 409px) 100vw, 409px\" \/>Ma\u0142gosia Opczowska w ostatnim programie &#8222;Granie na \u015bniadanie&#8221;<\/strong><\/p>\n","protected":false},"excerpt":{"rendered":"<p>Ma\u0142gorzata Opczowska &#8211; mi\u0142a, sympatyczna i przede wszystkim weso\u0142a prezenterka TVN-u. Na studiach rozpocz\u0119\u0142a prac\u0119 jako prezenterka i poprowadzi\u0142a sw\u00f3j pierwszy interaktywny program na \u017cywo Trele morele. Po nim przysz\u0142y nast\u0119pne: Fabryka gry, Graj o raj, Hej &#8211; na\u0142 show, Mania grania, Nerwy na wodzy, Salon gry, Salon gier, Seans filmowy, Stra\u017cnik kasy, Szybka forsa,<a href=\"https:\/\/serwis.interactiveworld.pl\/?page_id=250\">&nbsp;&nbsp;[wi&#281;cej]<\/a><\/p>\n","protected":false},"author":1,"featured_media":0,"parent":0,"menu_order":0,"comment_status":"open","ping_status":"open","template":"","meta":{"footnotes":""},"class_list":["post-250","page","type-page","status-publish","hentry"],"_links":{"self":[{"href":"https:\/\/serwis.interactiveworld.pl\/index.php?rest_route=\/wp\/v2\/pages\/250","targetHints":{"allow":["GET"]}}],"collection":[{"href":"https:\/\/serwis.interactiveworld.pl\/index.php?rest_route=\/wp\/v2\/pages"}],"about":[{"href":"https:\/\/serwis.interactiveworld.pl\/index.php?rest_route=\/wp\/v2\/types\/page"}],"author":[{"embeddable":true,"href":"https:\/\/serwis.interactiveworld.pl\/index.php?rest_route=\/wp\/v2\/users\/1"}],"replies":[{"embeddable":true,"href":"https:\/\/serwis.interactiveworld.pl\/index.php?rest_route=%2Fwp%2Fv2%2Fcomments&post=250"}],"version-history":[{"count":7,"href":"https:\/\/serwis.interactiveworld.pl\/index.php?rest_route=\/wp\/v2\/pages\/250\/revisions"}],"predecessor-version":[{"id":3402,"href":"https:\/\/serwis.interactiveworld.pl\/index.php?rest_route=\/wp\/v2\/pages\/250\/revisions\/3402"}],"wp:attachment":[{"href":"https:\/\/serwis.interactiveworld.pl\/index.php?rest_route=%2Fwp%2Fv2%2Fmedia&parent=250"}],"curies":[{"name":"wp","href":"https:\/\/api.w.org\/{rel}","templated":true}]}}