{"id":253,"date":"2011-04-10T04:55:23","date_gmt":"2011-04-10T04:55:23","guid":{"rendered":"http:\/\/interactiveworld.cba.pl\/?page_id=253"},"modified":"2015-11-04T18:18:10","modified_gmt":"2015-11-04T17:18:10","slug":"olga-peczak","status":"publish","type":"page","link":"https:\/\/serwis.interactiveworld.pl\/?page_id=253","title":{"rendered":"Olga P\u0119czak"},"content":{"rendered":"<p><strong>Olga P\u0119czak<\/strong> &#8211; swoje zmagania z programami interaktywnymi zacz\u0119\u0142a w w\u0119gierskiej firmie Telemedia InteracTv prowadz\u0105c &#8222;Zagadkow\u0105 jedynk\u0119&#8221; oraz &#8222;Noc zagadek&#8221;. Od stycznia 2012r. by\u0142a prezenterk\u0105 program\u00f3w interaktywnych na \u017cywo &#8211; Green Hat Sudios. Prac\u0119 prezenterki przy programach interaktywnych zako\u0144czy\u0142a pod koniec pa\u017adziernika 2012r.<\/p>\n<p><strong>Programy interaktywne <\/strong>: Zagadkowa Jedynka\u00a0(Green Hat Studios &amp; Telemedia InteracTv), Noc Zagadek (Telemedia InteracTv) oraz Dziewczyny z fortun\u0105 (Green Hat Studios).<\/p>\n<p style=\"text-align: center;\"><object width=\"480\" height=\"390\" classid=\"clsid:d27cdb6e-ae6d-11cf-96b8-444553540000\" codebase=\"http:\/\/download.macromedia.com\/pub\/shockwave\/cabs\/flash\/swflash.cab#version=6,0,40,0\"><param name=\"allowFullScreen\" value=\"true\" \/><param name=\"allowscriptaccess\" value=\"always\" \/><param name=\"src\" value=\"http:\/\/www.youtube.com\/v\/SL74QIiv_jk?fs=1&amp;hl=pl_PL\" \/><param name=\"allowfullscreen\" value=\"true\" \/><embed width=\"480\" height=\"390\" type=\"application\/x-shockwave-flash\" src=\"http:\/\/www.youtube.com\/v\/SL74QIiv_jk?fs=1&amp;hl=pl_PL\" allowfullscreen=\"allowfullscreen\" allowscriptaccess=\"always\" allowfullscreen=\"allowfullscreen\" \/><\/object><\/p>\n<p style=\"text-align: center;\"><strong>Olga P\u0119czak w &#8222;Zagadkowej Jedynce&#8221; &#8211; Telemedia InteracTv<\/strong><\/p>\n<p style=\"text-align: center;\">\n","protected":false},"excerpt":{"rendered":"<p>Olga P\u0119czak &#8211; swoje zmagania z programami interaktywnymi zacz\u0119\u0142a w w\u0119gierskiej firmie Telemedia InteracTv prowadz\u0105c &#8222;Zagadkow\u0105 jedynk\u0119&#8221; oraz &#8222;Noc zagadek&#8221;. Od stycznia 2012r. by\u0142a prezenterk\u0105 program\u00f3w interaktywnych na \u017cywo &#8211; Green Hat Sudios. Prac\u0119 prezenterki przy programach interaktywnych zako\u0144czy\u0142a pod koniec pa\u017adziernika 2012r. Programy interaktywne : Zagadkowa Jedynka\u00a0(Green Hat Studios &amp; Telemedia InteracTv), Noc Zagadek<a href=\"https:\/\/serwis.interactiveworld.pl\/?page_id=253\">&nbsp;&nbsp;[wi&#281;cej]<\/a><\/p>\n","protected":false},"author":1,"featured_media":0,"parent":0,"menu_order":0,"comment_status":"open","ping_status":"open","template":"","meta":{"footnotes":""},"class_list":["post-253","page","type-page","status-publish","hentry"],"_links":{"self":[{"href":"https:\/\/serwis.interactiveworld.pl\/index.php?rest_route=\/wp\/v2\/pages\/253","targetHints":{"allow":["GET"]}}],"collection":[{"href":"https:\/\/serwis.interactiveworld.pl\/index.php?rest_route=\/wp\/v2\/pages"}],"about":[{"href":"https:\/\/serwis.interactiveworld.pl\/index.php?rest_route=\/wp\/v2\/types\/page"}],"author":[{"embeddable":true,"href":"https:\/\/serwis.interactiveworld.pl\/index.php?rest_route=\/wp\/v2\/users\/1"}],"replies":[{"embeddable":true,"href":"https:\/\/serwis.interactiveworld.pl\/index.php?rest_route=%2Fwp%2Fv2%2Fcomments&post=253"}],"version-history":[{"count":5,"href":"https:\/\/serwis.interactiveworld.pl\/index.php?rest_route=\/wp\/v2\/pages\/253\/revisions"}],"predecessor-version":[{"id":5091,"href":"https:\/\/serwis.interactiveworld.pl\/index.php?rest_route=\/wp\/v2\/pages\/253\/revisions\/5091"}],"wp:attachment":[{"href":"https:\/\/serwis.interactiveworld.pl\/index.php?rest_route=%2Fwp%2Fv2%2Fmedia&parent=253"}],"curies":[{"name":"wp","href":"https:\/\/api.w.org\/{rel}","templated":true}]}}