{"id":259,"date":"2011-04-10T05:04:08","date_gmt":"2011-04-10T05:04:08","guid":{"rendered":"http:\/\/interactiveworld.cba.pl\/?page_id=259"},"modified":"2018-04-16T12:45:22","modified_gmt":"2018-04-16T11:45:22","slug":"marzena-ziarek","status":"publish","type":"page","link":"https:\/\/serwis.interactiveworld.pl\/?page_id=259","title":{"rendered":"Marzena Ziarek"},"content":{"rendered":"<p><strong>Marzena Ziarek<\/strong> &#8211; prac\u0119 w mediach zaczyna\u0142a w Telemedia InteracTV. Prowadzi\u0142a tam interaktywne programy dla TV4 (Kas\u0119 na bank oraz Wygraj fortun\u0119) oraz dla Polsatu (Wielka wygrana). Zagra\u0142a r\u00f3wnie\u017c kilka epizodycznych r\u00f3l w serialach i filmach. Po znikni\u0119ciu z wizji na kilka miesi\u0119cy pojawi\u0142a si\u0119 w niemieckiej sp\u00f3\u0142ce 9Live. Prowadzi\u0142a tam program: &#8222;Ale Kasa!&#8221; produkowany dla Polsatu. Po nieudanej pr\u00f3bie wtargni\u0119cia na Polski rynek 9live Marzena po raz kolejny znik\u0142a. 5 czerwca 2009r. do\u0142\u0105czy\u0142a do grona prezenterek TVN, a pod koniec 2010r. samowolnie zako\u0144czy\u0142a prac\u0119 z t\u0105 firm\u0105. Od 7 maja 2011r. Marzena pr\u00f3bowa\u0142a swoich si\u0142 w Green Hat Studios, prowadz\u0105c &#8222;Zagadkow\u0105 noc&#8221; na zmian\u0119 z Ew\u0105 Tu\u0142acz, a p\u00f3\u017aniej zosta\u0142a przeniesiona na anten\u0119 TV4 i zosta\u0142a &#8222;Dziewczyn\u0105 z Fortun\u0105&#8221;. Zako\u0144czy\u0142a prowadzenie program\u00f3w calltv w styczniu\u00a02012r. W kwietniu 2016r. powr\u00f3ci\u0142a na W\u0119gry i obecnie jest prowadz\u0105c\u0105 program &#8222;Klejnot TV&#8221;, a od 16 kwietnia 2018 r. prowadzi tak\u017ce teleturniej &#8222;Wygraj z Nami!&#8221;<\/p>\n<p><strong>Programy<\/strong> : &#8222;Granie na \u015bniadanie&#8221;, &#8222;Granie na ekranie&#8221;, &#8222;Apetyt na kas\u0119&#8221;, &#8222;Po co spa\u0107, jak mo\u017cna gra\u0107?&#8221;, &#8222;Kasa na bank&#8221;, &#8222;Wygraj fortun\u0119&#8221;, &#8222;Wielka wygrana&#8221;, &#8222;Ale kasa!&#8221;, &#8222;Wygraj z Nami!&#8221;, &#8222;Zagadkowa noc&#8221; oraz \u00a0&#8222;Dziewczyny z fortun\u0105&#8221; od Green Hat Studios, <\/p>\n<p style=\"text-align: center;\"><img loading=\"lazy\" decoding=\"async\" class=\"aligncenter wp-image-5076\" title=\"Marzena Ziarek\" src=\"https:\/\/serwis.interactiveworld.pl\/wp-content\/uploads\/2011\/04\/Marzena.png\" alt=\"Marzena Ziarek\" width=\"390\" height=\"304\" srcset=\"https:\/\/serwis.interactiveworld.pl\/wp-content\/uploads\/2011\/04\/Marzena.png 610w, https:\/\/serwis.interactiveworld.pl\/wp-content\/uploads\/2011\/04\/Marzena-300x234.png 300w\" sizes=\"auto, (max-width: 390px) 100vw, 390px\" \/><strong>Marzena Ziarek w programie &#8222;Po co spa\u0107, jak mo\u017cna gra\u0107 ?&#8221;<\/strong><\/p>\n","protected":false},"excerpt":{"rendered":"<p>Marzena Ziarek &#8211; prac\u0119 w mediach zaczyna\u0142a w Telemedia InteracTV. Prowadzi\u0142a tam interaktywne programy dla TV4 (Kas\u0119 na bank oraz Wygraj fortun\u0119) oraz dla Polsatu (Wielka wygrana). Zagra\u0142a r\u00f3wnie\u017c kilka epizodycznych r\u00f3l w serialach i filmach. Po znikni\u0119ciu z wizji na kilka miesi\u0119cy pojawi\u0142a si\u0119 w niemieckiej sp\u00f3\u0142ce 9Live. Prowadzi\u0142a tam program: &#8222;Ale Kasa!&#8221; produkowany<a href=\"https:\/\/serwis.interactiveworld.pl\/?page_id=259\">&nbsp;&nbsp;[wi&#281;cej]<\/a><\/p>\n","protected":false},"author":1,"featured_media":0,"parent":0,"menu_order":0,"comment_status":"open","ping_status":"open","template":"","meta":{"footnotes":""},"class_list":["post-259","page","type-page","status-publish","hentry"],"_links":{"self":[{"href":"https:\/\/serwis.interactiveworld.pl\/index.php?rest_route=\/wp\/v2\/pages\/259","targetHints":{"allow":["GET"]}}],"collection":[{"href":"https:\/\/serwis.interactiveworld.pl\/index.php?rest_route=\/wp\/v2\/pages"}],"about":[{"href":"https:\/\/serwis.interactiveworld.pl\/index.php?rest_route=\/wp\/v2\/types\/page"}],"author":[{"embeddable":true,"href":"https:\/\/serwis.interactiveworld.pl\/index.php?rest_route=\/wp\/v2\/users\/1"}],"replies":[{"embeddable":true,"href":"https:\/\/serwis.interactiveworld.pl\/index.php?rest_route=%2Fwp%2Fv2%2Fcomments&post=259"}],"version-history":[{"count":9,"href":"https:\/\/serwis.interactiveworld.pl\/index.php?rest_route=\/wp\/v2\/pages\/259\/revisions"}],"predecessor-version":[{"id":6346,"href":"https:\/\/serwis.interactiveworld.pl\/index.php?rest_route=\/wp\/v2\/pages\/259\/revisions\/6346"}],"wp:attachment":[{"href":"https:\/\/serwis.interactiveworld.pl\/index.php?rest_route=%2Fwp%2Fv2%2Fmedia&parent=259"}],"curies":[{"name":"wp","href":"https:\/\/api.w.org\/{rel}","templated":true}]}}