{"id":263,"date":"2011-04-10T05:26:37","date_gmt":"2011-04-10T05:26:37","guid":{"rendered":"http:\/\/interactiveworld.cba.pl\/?page_id=263"},"modified":"2018-01-02T21:15:26","modified_gmt":"2018-01-02T20:15:26","slug":"klaudia-kolaczyk-2","status":"publish","type":"page","link":"https:\/\/serwis.interactiveworld.pl\/?page_id=263","title":{"rendered":"Klaudia Ko\u0142aczyk"},"content":{"rendered":"<p><strong>Klaudia Ko\u0142aczyk<\/strong> &#8211; prezenterka od 2007 roku. Prowadzi\u0142a teleturnieje Telemedia InteracTV takie jak &#8222;Kasa na bank&#8221; i &#8222;Wygraj Fortun\u0119&#8221; w TV4. W 2008 r. zako\u0144czy\u0142a prac\u0119 w w\u0119gierskiej firmie, ale wr\u00f3ci\u0142a do niej w lipcu 2009 r. Pod koniec tego samego roku zacz\u0119\u0142a pojawia\u0107 si\u0119 w programach telewizji TVN. Prowadzi\u0142a &#8222;Granie na \u015bniadanie&#8221;, &#8222;Granie na ekranie&#8221;, &#8222;Apetyt na kas\u0119&#8221; oraz &#8222;Po co spa\u0107, jak mo\u017cna gra\u0107?&#8221;.<\/p>\n<p style=\"text-align: center;\"><object width=\"480\" height=\"390\"><param name=\"movie\" value=\"http:\/\/www.youtube.com\/v\/EieyoI6m1vs?fs=1&amp;hl=pl_PL\" \/><param name=\"allowFullScreen\" value=\"true\" \/><param name=\"allowscriptaccess\" value=\"always\" \/><embed type=\"application\/x-shockwave-flash\" width=\"480\" height=\"390\" src=\"http:\/\/www.youtube.com\/v\/EieyoI6m1vs?fs=1&amp;hl=pl_PL\" allowscriptaccess=\"always\" allowfullscreen=\"allowfullscreen\" \/><\/object><br \/>\n<strong> Klaudia Ko\u0142aczyk w &#8222;Wygraj fortun\u0119&#8221;<\/strong><\/p>\n<p>&nbsp;<\/p>\n","protected":false},"excerpt":{"rendered":"<p>Klaudia Ko\u0142aczyk &#8211; prezenterka od 2007 roku. Prowadzi\u0142a teleturnieje Telemedia InteracTV takie jak &#8222;Kasa na bank&#8221; i &#8222;Wygraj Fortun\u0119&#8221; w TV4. W 2008 r. zako\u0144czy\u0142a prac\u0119 w w\u0119gierskiej firmie, ale wr\u00f3ci\u0142a do niej w lipcu 2009 r. Pod koniec tego samego roku zacz\u0119\u0142a pojawia\u0107 si\u0119 w programach telewizji TVN. Prowadzi\u0142a &#8222;Granie na \u015bniadanie&#8221;, &#8222;Granie na<a href=\"https:\/\/serwis.interactiveworld.pl\/?page_id=263\">&nbsp;&nbsp;[wi&#281;cej]<\/a><\/p>\n","protected":false},"author":1,"featured_media":0,"parent":0,"menu_order":0,"comment_status":"open","ping_status":"open","template":"","meta":{"footnotes":""},"class_list":["post-263","page","type-page","status-publish","hentry"],"_links":{"self":[{"href":"https:\/\/serwis.interactiveworld.pl\/index.php?rest_route=\/wp\/v2\/pages\/263","targetHints":{"allow":["GET"]}}],"collection":[{"href":"https:\/\/serwis.interactiveworld.pl\/index.php?rest_route=\/wp\/v2\/pages"}],"about":[{"href":"https:\/\/serwis.interactiveworld.pl\/index.php?rest_route=\/wp\/v2\/types\/page"}],"author":[{"embeddable":true,"href":"https:\/\/serwis.interactiveworld.pl\/index.php?rest_route=\/wp\/v2\/users\/1"}],"replies":[{"embeddable":true,"href":"https:\/\/serwis.interactiveworld.pl\/index.php?rest_route=%2Fwp%2Fv2%2Fcomments&post=263"}],"version-history":[{"count":4,"href":"https:\/\/serwis.interactiveworld.pl\/index.php?rest_route=\/wp\/v2\/pages\/263\/revisions"}],"predecessor-version":[{"id":6282,"href":"https:\/\/serwis.interactiveworld.pl\/index.php?rest_route=\/wp\/v2\/pages\/263\/revisions\/6282"}],"wp:attachment":[{"href":"https:\/\/serwis.interactiveworld.pl\/index.php?rest_route=%2Fwp%2Fv2%2Fmedia&parent=263"}],"curies":[{"name":"wp","href":"https:\/\/api.w.org\/{rel}","templated":true}]}}