{"id":271,"date":"2011-04-10T05:40:28","date_gmt":"2011-04-10T05:40:28","guid":{"rendered":"http:\/\/interactiveworld.cba.pl\/?page_id=271"},"modified":"2013-05-05T10:49:26","modified_gmt":"2013-05-05T09:49:26","slug":"katarzyna-janus","status":"publish","type":"page","link":"https:\/\/serwis.interactiveworld.pl\/?page_id=271","title":{"rendered":"Magdalena Michniak"},"content":{"rendered":"<p><strong>Magdalena Michniak<\/strong> &#8211; jest wulkanem energii. Uwielbia jazd\u0119 na rolkach  oraz rowerze. Wierzy, \u017ce praca nad samym sob\u0105 pop\u0142aca. Zanim zosta\u0142a  prezenterk\u0105 pracowa\u0142a jako fotomodelka i pozowa\u0142a do kalendarzy i  czasopism. Pierwszym programem jaki poprowadzi\u0142a by\u0142o Turbo granie na  antenie TVN Turbo. Od Listopada 2007r. do ko\u0144ca nadawania kana\u0142u TVN Gra prowadzi\u0142a program Wrzu\u0107 na Luz.<\/p>\n<p><strong>Programy<\/strong> : &#8222;Apetyt na kas\u0119&#8221;, &#8222;Salon gry&#8221;, &#8222;Nocne granie&#8221;, &#8222;Hej &#8211; na\u0142 show&#8221;, &#8222;Turbo granie&#8221;, oraz &#8222;Wrzu\u0107 na luz&#8221;.<\/p>\n<p>&nbsp;<\/p>\n<p style=\"text-align: center;\">\n<p><iframe loading=\"lazy\" title=\"Magdalena Michniak 2007-05-07\" width=\"500\" height=\"375\" src=\"https:\/\/www.youtube.com\/embed\/cvZds2ayPqY?feature=oembed\" frameborder=\"0\" allow=\"accelerometer; autoplay; clipboard-write; encrypted-media; gyroscope; picture-in-picture; web-share\" referrerpolicy=\"strict-origin-when-cross-origin\" allowfullscreen><\/iframe><\/p>\n<p style=\"text-align: center;\">\n<strong> Magdalena Michniak w &#8222;Turbo Graniu&#8221; na antenie TVN Gra. <\/strong> <\/p>\n<p><\/ hr><\/p>\n","protected":false},"excerpt":{"rendered":"<p>Magdalena Michniak &#8211; jest wulkanem energii. Uwielbia jazd\u0119 na rolkach oraz rowerze. Wierzy, \u017ce praca nad samym sob\u0105 pop\u0142aca. Zanim zosta\u0142a prezenterk\u0105 pracowa\u0142a jako fotomodelka i pozowa\u0142a do kalendarzy i czasopism. Pierwszym programem jaki poprowadzi\u0142a by\u0142o Turbo granie na antenie TVN Turbo. Od Listopada 2007r. do ko\u0144ca nadawania kana\u0142u TVN Gra prowadzi\u0142a program Wrzu\u0107 na<a href=\"https:\/\/serwis.interactiveworld.pl\/?page_id=271\">&nbsp;&nbsp;[wi&#281;cej]<\/a><\/p>\n","protected":false},"author":1,"featured_media":0,"parent":0,"menu_order":0,"comment_status":"open","ping_status":"open","template":"","meta":{"footnotes":""},"class_list":["post-271","page","type-page","status-publish","hentry"],"_links":{"self":[{"href":"https:\/\/serwis.interactiveworld.pl\/index.php?rest_route=\/wp\/v2\/pages\/271","targetHints":{"allow":["GET"]}}],"collection":[{"href":"https:\/\/serwis.interactiveworld.pl\/index.php?rest_route=\/wp\/v2\/pages"}],"about":[{"href":"https:\/\/serwis.interactiveworld.pl\/index.php?rest_route=\/wp\/v2\/types\/page"}],"author":[{"embeddable":true,"href":"https:\/\/serwis.interactiveworld.pl\/index.php?rest_route=\/wp\/v2\/users\/1"}],"replies":[{"embeddable":true,"href":"https:\/\/serwis.interactiveworld.pl\/index.php?rest_route=%2Fwp%2Fv2%2Fcomments&post=271"}],"version-history":[{"count":2,"href":"https:\/\/serwis.interactiveworld.pl\/index.php?rest_route=\/wp\/v2\/pages\/271\/revisions"}],"predecessor-version":[{"id":1416,"href":"https:\/\/serwis.interactiveworld.pl\/index.php?rest_route=\/wp\/v2\/pages\/271\/revisions\/1416"}],"wp:attachment":[{"href":"https:\/\/serwis.interactiveworld.pl\/index.php?rest_route=%2Fwp%2Fv2%2Fmedia&parent=271"}],"curies":[{"name":"wp","href":"https:\/\/api.w.org\/{rel}","templated":true}]}}