{"id":278,"date":"2011-04-10T05:54:16","date_gmt":"2011-04-10T05:54:16","guid":{"rendered":"http:\/\/interactiveworld.cba.pl\/?page_id=278"},"modified":"2015-11-07T00:27:58","modified_gmt":"2015-11-06T23:27:58","slug":"278-2","status":"publish","type":"page","link":"https:\/\/serwis.interactiveworld.pl\/?page_id=278","title":{"rendered":"R\u00f3\u017ca Kulma"},"content":{"rendered":"<p><strong>R\u00f3\u017ca Kulma<\/strong> &#8211; weso\u0142a, pe\u0142na energii prowadz\u0105ca. Swoj\u0105 prac\u0119 zacz\u0119\u0142a w w\u0119gierskiej firmie Telemedia InteracTv jako prezenterka.W 2007 roku prowadzi\u0142a program &#8222;\u0141atwa Kasa&#8221;, emitowany w muzycznej telewizji VIVA Polska. Pojawi\u0142a si\u0119 te\u017c w &#8222;Nagroda gwarantowana&#8221; oraz &#8222;Zagadkowa noc&#8221; w Polsacie, a tak\u017ca w &#8222;Rusz g\u0142ow\u0105&#8221; w Polsacie 2 oraz w TVP2 w programie &#8222;Noc zagadek&#8221;.<\/p>\n<p style=\"text-align: center;\"><img loading=\"lazy\" decoding=\"async\" class=\"aligncenter wp-image-3428 size-full\" title=\"\u0141atwa Kasa - TelemediaInteracTv - R\u00f3\u017ca Kulma\" src=\"https:\/\/serwis.interactiveworld.pl\/wp-content\/uploads\/2011\/04\/R\u00f3\u017ca-2.png\" alt=\"\u0141atwa Kasa - TelemediaInteracTv - R\u00f3\u017ca Kulma\" width=\"409\" height=\"306\" srcset=\"https:\/\/serwis.interactiveworld.pl\/wp-content\/uploads\/2011\/04\/R\u00f3\u017ca-2.png 409w, https:\/\/serwis.interactiveworld.pl\/wp-content\/uploads\/2011\/04\/R\u00f3\u017ca-2-300x224.png 300w, https:\/\/serwis.interactiveworld.pl\/wp-content\/uploads\/2011\/04\/R\u00f3\u017ca-2-80x60.png 80w\" sizes=\"auto, (max-width: 409px) 100vw, 409px\" \/><strong>R\u00f3\u017ca Kulma w programie &#8222;\u0141atwa Kasa&#8221; &#8211; VIVA Polska<\/strong><\/p>\n<hr \/>\n<p style=\"text-align: center;\"><strong><img loading=\"lazy\" decoding=\"async\" class=\"aligncenter wp-image-5102\" title=\"Noc zagadek - TelemediaInteracTv - R\u00f3\u017ca Kulma\" src=\"https:\/\/serwis.interactiveworld.pl\/wp-content\/uploads\/2011\/08\/Noc-Zagadek.png\" alt=\"Noc zagadek - TelemediaInteracTv - R\u00f3\u017ca Kulma\" width=\"390\" height=\"304\" srcset=\"https:\/\/serwis.interactiveworld.pl\/wp-content\/uploads\/2011\/08\/Noc-Zagadek.png 610w, https:\/\/serwis.interactiveworld.pl\/wp-content\/uploads\/2011\/08\/Noc-Zagadek-300x234.png 300w\" sizes=\"auto, (max-width: 390px) 100vw, 390px\" \/>R\u00f3\u017ca Kulma w programie &#8222;Noc Zagadek&#8221; &#8211; TVP2<\/strong><\/p>\n<hr \/>\n<p style=\"text-align: center;\"><strong><img loading=\"lazy\" decoding=\"async\" class=\"aligncenter wp-image-5113\" title=\"Zagadkowa Noc - TelemediaInteracTv - R\u00f3\u017ca Kulma\" src=\"https:\/\/serwis.interactiveworld.pl\/wp-content\/uploads\/2011\/08\/R\u00f3za.png\" alt=\"Zagadkowa Noc - TelemediaInteracTv - R\u00f3\u017ca Kulma\" width=\"450\" height=\"275\" srcset=\"https:\/\/serwis.interactiveworld.pl\/wp-content\/uploads\/2011\/08\/R\u00f3za.png 900w, https:\/\/serwis.interactiveworld.pl\/wp-content\/uploads\/2011\/08\/R\u00f3za-300x183.png 300w\" sizes=\"auto, (max-width: 450px) 100vw, 450px\" \/>R\u00f3\u017ca Kulma w programie &#8222;Zagadkowa Noc&#8221; &#8211; Polsat<\/strong><\/p>\n","protected":false},"excerpt":{"rendered":"<p>R\u00f3\u017ca Kulma &#8211; weso\u0142a, pe\u0142na energii prowadz\u0105ca. Swoj\u0105 prac\u0119 zacz\u0119\u0142a w w\u0119gierskiej firmie Telemedia InteracTv jako prezenterka.W 2007 roku prowadzi\u0142a program &#8222;\u0141atwa Kasa&#8221;, emitowany w muzycznej telewizji VIVA Polska. Pojawi\u0142a si\u0119 te\u017c w &#8222;Nagroda gwarantowana&#8221; oraz &#8222;Zagadkowa noc&#8221; w Polsacie, a tak\u017ca w &#8222;Rusz g\u0142ow\u0105&#8221; w Polsacie 2 oraz w TVP2 w programie &#8222;Noc zagadek&#8221;.<a href=\"https:\/\/serwis.interactiveworld.pl\/?page_id=278\">&nbsp;&nbsp;[wi&#281;cej]<\/a><\/p>\n","protected":false},"author":1,"featured_media":0,"parent":0,"menu_order":0,"comment_status":"open","ping_status":"open","template":"","meta":{"footnotes":""},"class_list":["post-278","page","type-page","status-publish","hentry"],"_links":{"self":[{"href":"https:\/\/serwis.interactiveworld.pl\/index.php?rest_route=\/wp\/v2\/pages\/278","targetHints":{"allow":["GET"]}}],"collection":[{"href":"https:\/\/serwis.interactiveworld.pl\/index.php?rest_route=\/wp\/v2\/pages"}],"about":[{"href":"https:\/\/serwis.interactiveworld.pl\/index.php?rest_route=\/wp\/v2\/types\/page"}],"author":[{"embeddable":true,"href":"https:\/\/serwis.interactiveworld.pl\/index.php?rest_route=\/wp\/v2\/users\/1"}],"replies":[{"embeddable":true,"href":"https:\/\/serwis.interactiveworld.pl\/index.php?rest_route=%2Fwp%2Fv2%2Fcomments&post=278"}],"version-history":[{"count":6,"href":"https:\/\/serwis.interactiveworld.pl\/index.php?rest_route=\/wp\/v2\/pages\/278\/revisions"}],"predecessor-version":[{"id":5115,"href":"https:\/\/serwis.interactiveworld.pl\/index.php?rest_route=\/wp\/v2\/pages\/278\/revisions\/5115"}],"wp:attachment":[{"href":"https:\/\/serwis.interactiveworld.pl\/index.php?rest_route=%2Fwp%2Fv2%2Fmedia&parent=278"}],"curies":[{"name":"wp","href":"https:\/\/api.w.org\/{rel}","templated":true}]}}