{"id":282,"date":"2011-04-10T05:59:47","date_gmt":"2011-04-10T05:59:47","guid":{"rendered":"http:\/\/interactiveworld.cba.pl\/?page_id=282"},"modified":"2015-03-27T23:05:22","modified_gmt":"2015-03-27T22:05:22","slug":"aleksandra-majcherek","status":"publish","type":"page","link":"https:\/\/serwis.interactiveworld.pl\/?page_id=282","title":{"rendered":"Aleksandra Majcherek"},"content":{"rendered":"<p><strong>Aleksandra Majcherek<\/strong> &#8211; pochodzi z Torunia. Uwielbia podr\u00f3\u017ce. Pocz\u0105tkowo zaczyna\u0142a w Podr\u00f3\u017ce TV, gdzie przygotowywa\u0142a i prowadzi\u0142a programy&#8230; Wtedy kiedy ruszy\u0142 kana\u0142 TVN Gra, przez prawie 2 lata pracy w interaktywnej stacji TVN poprowadzi\u0142a m.in. Wy\u015bcig po kas\u0119, Wrzu\u0107 na luz, Rozbij bank, oraz Seans filmowy. Po zako\u0144czeniu nadawania TVN Gra prezenterka nadal pracowa\u0142a w TVN, gdzie pe\u0142ni\u0142a rol\u0119 wydawcy program\u00f3w interaktywnych (do 2 wrze\u015bnia 2011r.). Gdy TVN zako\u0144czy\u0142 emisj\u0119 swoich program\u00f3w interaktywnych, Ola zosta\u0142a wydawc\u0105 programu \u201cGodzina na poddaszu\u201d na kanale TTV.<\/p>\n<p style=\"text-align: center;\"><img loading=\"lazy\" decoding=\"async\" class=\"aligncenter wp-image-4276 size-full\" title=\"Aleksandra Majcherek\" src=\"https:\/\/serwis.interactiveworld.pl\/wp-content\/uploads\/2011\/04\/Ewa-Tu\u0142acz-2.png\" alt=\"Aleksandra Majcherek\" width=\"409\" height=\"306\" srcset=\"https:\/\/serwis.interactiveworld.pl\/wp-content\/uploads\/2011\/04\/Ewa-Tu\u0142acz-2.png 409w, https:\/\/serwis.interactiveworld.pl\/wp-content\/uploads\/2011\/04\/Ewa-Tu\u0142acz-2-300x224.png 300w, https:\/\/serwis.interactiveworld.pl\/wp-content\/uploads\/2011\/04\/Ewa-Tu\u0142acz-2-80x60.png 80w\" sizes=\"auto, (max-width: 409px) 100vw, 409px\" \/><strong>Aleksandra Majcherek w programie &#8222;Zabawa od kuchni&#8221; &#8211; 2007r.<\/strong><\/p>\n<hr \/>\n<p style=\"text-align: center;\"><strong><img loading=\"lazy\" decoding=\"async\" class=\"aligncenter wp-image-4278 size-full\" title=\"Aleksandra Majcherek\" src=\"https:\/\/serwis.interactiveworld.pl\/wp-content\/uploads\/2011\/04\/96196400.png\" alt=\"Aleksandra Majcherek\" width=\"409\" height=\"306\" srcset=\"https:\/\/serwis.interactiveworld.pl\/wp-content\/uploads\/2011\/04\/96196400.png 409w, https:\/\/serwis.interactiveworld.pl\/wp-content\/uploads\/2011\/04\/96196400-300x224.png 300w, https:\/\/serwis.interactiveworld.pl\/wp-content\/uploads\/2011\/04\/96196400-80x60.png 80w\" sizes=\"auto, (max-width: 409px) 100vw, 409px\" \/>Aleksandra Majcherek w programie &#8222;Wrzu\u0107 na Luz&#8221; &#8211; 2008r.<\/strong><\/p>\n<hr \/>\n<p style=\"text-align: center;\"><strong><img loading=\"lazy\" decoding=\"async\" class=\"aligncenter wp-image-4279 size-full\" title=\"Aleksandra Majcherek\" src=\"https:\/\/serwis.interactiveworld.pl\/wp-content\/uploads\/2011\/04\/Ewa-Tu\u0142acz-5.png\" alt=\"Aleksandra Majcherek\" width=\"409\" height=\"306\" srcset=\"https:\/\/serwis.interactiveworld.pl\/wp-content\/uploads\/2011\/04\/Ewa-Tu\u0142acz-5.png 409w, https:\/\/serwis.interactiveworld.pl\/wp-content\/uploads\/2011\/04\/Ewa-Tu\u0142acz-5-300x224.png 300w, https:\/\/serwis.interactiveworld.pl\/wp-content\/uploads\/2011\/04\/Ewa-Tu\u0142acz-5-80x60.png 80w\" sizes=\"auto, (max-width: 409px) 100vw, 409px\" \/>Aleksandra Majcherek w programie &#8222;Nocne Granie&#8221; &#8211; 2009r.<\/strong><\/p>\n<hr \/>\n<p style=\"text-align: center;\"><strong><img loading=\"lazy\" decoding=\"async\" class=\"aligncenter wp-image-4280 size-full\" title=\"Aleksandra Majcherek\" src=\"https:\/\/serwis.interactiveworld.pl\/wp-content\/uploads\/2011\/04\/Ewa-Tu\u0142acz-4.png\" alt=\"Aleksandra Majcherek\" width=\"409\" height=\"306\" srcset=\"https:\/\/serwis.interactiveworld.pl\/wp-content\/uploads\/2011\/04\/Ewa-Tu\u0142acz-4.png 409w, https:\/\/serwis.interactiveworld.pl\/wp-content\/uploads\/2011\/04\/Ewa-Tu\u0142acz-4-300x224.png 300w, https:\/\/serwis.interactiveworld.pl\/wp-content\/uploads\/2011\/04\/Ewa-Tu\u0142acz-4-80x60.png 80w\" sizes=\"auto, (max-width: 409px) 100vw, 409px\" \/>Aleksandra w programie &#8222;Po co spa\u0107 jak mo\u017cna gra\u0107&#8221; &#8211; 2010r.<\/strong><\/p>\n<hr \/>\n<p style=\"text-align: center;\"><strong><img loading=\"lazy\" decoding=\"async\" class=\"aligncenter wp-image-4281 size-full\" title=\"Aleksandra Majcherek\" src=\"https:\/\/serwis.interactiveworld.pl\/wp-content\/uploads\/2011\/04\/7.png\" alt=\"Aleksandra Majcherek\" width=\"409\" height=\"306\" srcset=\"https:\/\/serwis.interactiveworld.pl\/wp-content\/uploads\/2011\/04\/7.png 409w, https:\/\/serwis.interactiveworld.pl\/wp-content\/uploads\/2011\/04\/7-300x224.png 300w, https:\/\/serwis.interactiveworld.pl\/wp-content\/uploads\/2011\/04\/7-80x60.png 80w\" sizes=\"auto, (max-width: 409px) 100vw, 409px\" \/>Aleksandra Majcherek w programie &#8222;Apetyt na Kas\u0119&#8221; &#8211; 2011r.<\/strong><\/p>\n","protected":false},"excerpt":{"rendered":"<p>Aleksandra Majcherek &#8211; pochodzi z Torunia. Uwielbia podr\u00f3\u017ce. Pocz\u0105tkowo zaczyna\u0142a w Podr\u00f3\u017ce TV, gdzie przygotowywa\u0142a i prowadzi\u0142a programy&#8230; Wtedy kiedy ruszy\u0142 kana\u0142 TVN Gra, przez prawie 2 lata pracy w interaktywnej stacji TVN poprowadzi\u0142a m.in. Wy\u015bcig po kas\u0119, Wrzu\u0107 na luz, Rozbij bank, oraz Seans filmowy. Po zako\u0144czeniu nadawania TVN Gra prezenterka nadal pracowa\u0142a w<a href=\"https:\/\/serwis.interactiveworld.pl\/?page_id=282\">&nbsp;&nbsp;[wi&#281;cej]<\/a><\/p>\n","protected":false},"author":1,"featured_media":0,"parent":0,"menu_order":0,"comment_status":"open","ping_status":"open","template":"","meta":{"footnotes":""},"class_list":["post-282","page","type-page","status-publish","hentry"],"_links":{"self":[{"href":"https:\/\/serwis.interactiveworld.pl\/index.php?rest_route=\/wp\/v2\/pages\/282","targetHints":{"allow":["GET"]}}],"collection":[{"href":"https:\/\/serwis.interactiveworld.pl\/index.php?rest_route=\/wp\/v2\/pages"}],"about":[{"href":"https:\/\/serwis.interactiveworld.pl\/index.php?rest_route=\/wp\/v2\/types\/page"}],"author":[{"embeddable":true,"href":"https:\/\/serwis.interactiveworld.pl\/index.php?rest_route=\/wp\/v2\/users\/1"}],"replies":[{"embeddable":true,"href":"https:\/\/serwis.interactiveworld.pl\/index.php?rest_route=%2Fwp%2Fv2%2Fcomments&post=282"}],"version-history":[{"count":4,"href":"https:\/\/serwis.interactiveworld.pl\/index.php?rest_route=\/wp\/v2\/pages\/282\/revisions"}],"predecessor-version":[{"id":4282,"href":"https:\/\/serwis.interactiveworld.pl\/index.php?rest_route=\/wp\/v2\/pages\/282\/revisions\/4282"}],"wp:attachment":[{"href":"https:\/\/serwis.interactiveworld.pl\/index.php?rest_route=%2Fwp%2Fv2%2Fmedia&parent=282"}],"curies":[{"name":"wp","href":"https:\/\/api.w.org\/{rel}","templated":true}]}}