{"id":284,"date":"2011-04-10T06:15:22","date_gmt":"2011-04-10T06:15:22","guid":{"rendered":"http:\/\/interactiveworld.cba.pl\/?page_id=284"},"modified":"2016-09-24T13:27:27","modified_gmt":"2016-09-24T11:27:27","slug":"agnieszka-wroblewska","status":"publish","type":"page","link":"https:\/\/serwis.interactiveworld.pl\/?page_id=284","title":{"rendered":"Agnieszka Wr\u00f3blewska"},"content":{"rendered":"<p><strong>Agnieszka Wr\u00f3blewska<\/strong> &#8211; rodowita mieszkanka Krakowa, tutaj tez uko\u0144czy\u0142a PWST. Ma du\u017ce do\u015bwiadczenie aktorskie \u2013 wyst\u0119powa\u0142a na deskach teatru \u015al\u0105skiego w Katowicach, ponadto ma na swoim koncie kilka r\u00f3l filmowych. Zwi\u0105zana od pocz\u0105tku istnienia z Telewizj\u0105 Wis\u0142a a nast\u0119pnie po modernizacji ze stacj\u0105 TVN. Prowadzi\u0142a szereg program\u00f3w np.: Ma\u0142a Antena, Tw\u00f3j problem &#8211; Nasza g\u0142owa, O co chodzi, Co za tydzie\u0144, Zmagania miast, Polski \u017cywio\u0142 a tak\u017ce program\u00f3w interaktywnych Telegra, Szybka forsa, \u0141amis\u0142\u00f3wka, Graj o raj, Salon gier, Strefa ryzyka, Wy\u015bcig po kas\u0119. Fabryka gry oraz Hej &#8211; na\u0142 show. Obecnie prezentuje produkty w telezakupach Mango. Jej zwi\u0105zek z telewizj\u0105 nie jest tylko ekranowy, w programie &#8222;Rozmowy w toku&#8221; pracowa\u0142a jako wydawca. Agnieszka za sw\u00f3j \u017cywio\u0142 uwa\u017ca programy na \u017cywo, kt\u00f3re mobilizuj\u0105 j\u0105 a tak\u017ce daj\u0105 ogromn\u0105 satysfakcj\u0119.<\/p>\n<p><strong>Programy<\/strong> : &#8222;Ma\u0142a Antena&#8221;, &#8222;Tw\u00f3j problem &#8211; Nasza g\u0142owa&#8221;, &#8222;O co chodzi&#8221;, &#8222;Co za tydzie\u0144&#8221;, &#8222;Zmagania miast&#8221;, &#8222;Polski \u017cywio\u0142&#8221;, &#8222;Telegra&#8221;, &#8222;Szybka forsa&#8221;, &#8222;\u0141amis\u0142\u00f3wka&#8221;, &#8222;Graj o raj&#8221;, &#8222;Salon gier&#8221;, &#8222;Strefa ryzyka&#8221;, &#8222;Wy\u015bcig po kas\u0119&#8221;, &#8222;Hej &#8211; na\u0142 show&#8221;, &#8222;Fabryka gry&#8221;, &#8222;Granie na \u015bniadanie&#8221;, &#8222;Granie na ekranie&#8221;, &#8222;Apetyt na kas\u0119&#8221;, &#8222;Salon gry&#8221;, &#8222;Nocne granie&#8221;.<\/p>\n<p style=\"text-align: center;\">\u00a0<img loading=\"lazy\" decoding=\"async\" class=\"aligncenter wp-image-3473 size-full\" title=\"Telegra - Agnieszka Wr\u00f3blewska\" src=\"https:\/\/serwis.interactiveworld.pl\/wp-content\/uploads\/2011\/04\/Telegra.png\" alt=\"Telegra - Agnieszka Wr\u00f3blewska\" width=\"409\" height=\"306\" srcset=\"https:\/\/serwis.interactiveworld.pl\/wp-content\/uploads\/2011\/04\/Telegra.png 409w, https:\/\/serwis.interactiveworld.pl\/wp-content\/uploads\/2011\/04\/Telegra-300x224.png 300w, https:\/\/serwis.interactiveworld.pl\/wp-content\/uploads\/2011\/04\/Telegra-80x60.png 80w\" sizes=\"auto, (max-width: 409px) 100vw, 409px\" \/><strong>Agnieszka Wr\u00f3blewska w programie &#8222;Telegra&#8221;<\/strong><\/p>\n<hr \/>\n<p style=\"text-align: center;\"><strong><img loading=\"lazy\" decoding=\"async\" class=\"aligncenter wp-image-3491 size-full\" title=\"Graj o Raj - Agnieszka\" src=\"https:\/\/serwis.interactiveworld.pl\/wp-content\/uploads\/2011\/04\/Graj-o-Raj1.png\" alt=\"Graj o Raj - Agnieszka\" width=\"409\" height=\"306\" srcset=\"https:\/\/serwis.interactiveworld.pl\/wp-content\/uploads\/2011\/04\/Graj-o-Raj1.png 409w, https:\/\/serwis.interactiveworld.pl\/wp-content\/uploads\/2011\/04\/Graj-o-Raj1-300x224.png 300w, https:\/\/serwis.interactiveworld.pl\/wp-content\/uploads\/2011\/04\/Graj-o-Raj1-80x60.png 80w\" sizes=\"auto, (max-width: 409px) 100vw, 409px\" \/>Agnieszka Wr\u00f3blewska w programie &#8222;Graj o Raj&#8221;<\/strong><\/p>\n<hr \/>\n<p style=\"text-align: center;\"><strong><img loading=\"lazy\" decoding=\"async\" class=\"aligncenter wp-image-3475 size-full\" title=\"Salon Gier - Agnieszka Wr\u00f3blewska\" src=\"https:\/\/serwis.interactiveworld.pl\/wp-content\/uploads\/2011\/04\/Salon-Gier1.png\" alt=\"Salon Gier - Agnieszka Wr\u00f3blewska\" width=\"409\" height=\"306\" srcset=\"https:\/\/serwis.interactiveworld.pl\/wp-content\/uploads\/2011\/04\/Salon-Gier1.png 409w, https:\/\/serwis.interactiveworld.pl\/wp-content\/uploads\/2011\/04\/Salon-Gier1-300x224.png 300w, https:\/\/serwis.interactiveworld.pl\/wp-content\/uploads\/2011\/04\/Salon-Gier1-80x60.png 80w\" sizes=\"auto, (max-width: 409px) 100vw, 409px\" \/>Agnieszka Wr\u00f3blewska w programie &#8222;Salon Gier&#8221;<\/strong><\/p>\n<hr \/>\n<p style=\"text-align: center;\"><strong><img loading=\"lazy\" decoding=\"async\" class=\"aligncenter wp-image-3476 size-full\" title=\"Rozbij Bank - Agnieszka Wr\u00f3blewska\" src=\"https:\/\/serwis.interactiveworld.pl\/wp-content\/uploads\/2011\/04\/Rozbij-Bank.png\" alt=\"Rozbij Bank - Agnieszka Wr\u00f3blewska\" width=\"409\" height=\"306\" srcset=\"https:\/\/serwis.interactiveworld.pl\/wp-content\/uploads\/2011\/04\/Rozbij-Bank.png 409w, https:\/\/serwis.interactiveworld.pl\/wp-content\/uploads\/2011\/04\/Rozbij-Bank-300x224.png 300w, https:\/\/serwis.interactiveworld.pl\/wp-content\/uploads\/2011\/04\/Rozbij-Bank-80x60.png 80w\" sizes=\"auto, (max-width: 409px) 100vw, 409px\" \/>Agnieszka Wr\u00f3blewska w programie &#8222;Rozbij Bank&#8221;<\/strong><\/p>\n<hr \/>\n<p style=\"text-align: center;\"><strong><img loading=\"lazy\" decoding=\"async\" class=\"aligncenter wp-image-3477 size-full\" title=\"Fabryka Gry - Agnieszka Wr\u00f3blewska\" src=\"https:\/\/serwis.interactiveworld.pl\/wp-content\/uploads\/2011\/04\/Fabryka-Gry.png\" alt=\"Fabryka Gry - Agnieszka Wr\u00f3blewska\" width=\"409\" height=\"306\" srcset=\"https:\/\/serwis.interactiveworld.pl\/wp-content\/uploads\/2011\/04\/Fabryka-Gry.png 409w, https:\/\/serwis.interactiveworld.pl\/wp-content\/uploads\/2011\/04\/Fabryka-Gry-300x224.png 300w, https:\/\/serwis.interactiveworld.pl\/wp-content\/uploads\/2011\/04\/Fabryka-Gry-80x60.png 80w\" sizes=\"auto, (max-width: 409px) 100vw, 409px\" \/>Agnieszka Wr\u00f3blewska w programie &#8222;Fabryka Gry&#8221;<\/strong><\/p>\n<hr \/>\n<p style=\"text-align: center;\"><strong><img loading=\"lazy\" decoding=\"async\" class=\"aligncenter wp-image-3478 size-full\" title=\"Salon Gry - Agnieszka Wr\u00f3blewska\" src=\"https:\/\/serwis.interactiveworld.pl\/wp-content\/uploads\/2011\/04\/Salon-Gry1.png\" alt=\"Salon Gry - Agnieszka Wr\u00f3blewska\" width=\"409\" height=\"306\" srcset=\"https:\/\/serwis.interactiveworld.pl\/wp-content\/uploads\/2011\/04\/Salon-Gry1.png 409w, https:\/\/serwis.interactiveworld.pl\/wp-content\/uploads\/2011\/04\/Salon-Gry1-300x224.png 300w, https:\/\/serwis.interactiveworld.pl\/wp-content\/uploads\/2011\/04\/Salon-Gry1-80x60.png 80w\" sizes=\"auto, (max-width: 409px) 100vw, 409px\" \/>Agnieszka Wr\u00f3blewska w programie &#8222;Salon Gry&#8221;<\/strong><\/p>\n<hr \/>\n<p style=\"text-align: center;\"><strong><img loading=\"lazy\" decoding=\"async\" class=\"aligncenter wp-image-3479 size-full\" title=\"Konkurs Apetyt na kas\u0119 - Agnieszka Wr\u00f3blewska\" src=\"https:\/\/serwis.interactiveworld.pl\/wp-content\/uploads\/2011\/04\/Konkurs-Apetyt-na-kas\u0119.png\" alt=\"Konkurs Apetyt na kas\u0119 - Agnieszka Wr\u00f3blewska\" width=\"409\" height=\"306\" srcset=\"https:\/\/serwis.interactiveworld.pl\/wp-content\/uploads\/2011\/04\/Konkurs-Apetyt-na-kas\u0119.png 409w, https:\/\/serwis.interactiveworld.pl\/wp-content\/uploads\/2011\/04\/Konkurs-Apetyt-na-kas\u0119-300x224.png 300w, https:\/\/serwis.interactiveworld.pl\/wp-content\/uploads\/2011\/04\/Konkurs-Apetyt-na-kas\u0119-80x60.png 80w\" sizes=\"auto, (max-width: 409px) 100vw, 409px\" \/>Agnieszka Wr\u00f3blewska w &#8222;Konkursie Apetyt na Kas\u0119&#8221;<\/strong><\/p>\n<hr \/>\n<p style=\"text-align: center;\"><strong><img loading=\"lazy\" decoding=\"async\" class=\"aligncenter wp-image-3480 size-full\" title=\"Granie na \u015bniadanie - Agnieszka Wr\u00f3blewska\" src=\"https:\/\/serwis.interactiveworld.pl\/wp-content\/uploads\/2011\/04\/Granie-na-\u015bniadanie1.png\" alt=\"Granie na \u015bniadanie - Agnieszka Wr\u00f3blewska\" width=\"409\" height=\"306\" srcset=\"https:\/\/serwis.interactiveworld.pl\/wp-content\/uploads\/2011\/04\/Granie-na-\u015bniadanie1.png 409w, https:\/\/serwis.interactiveworld.pl\/wp-content\/uploads\/2011\/04\/Granie-na-\u015bniadanie1-300x224.png 300w, https:\/\/serwis.interactiveworld.pl\/wp-content\/uploads\/2011\/04\/Granie-na-\u015bniadanie1-80x60.png 80w\" sizes=\"auto, (max-width: 409px) 100vw, 409px\" \/>Agnieszka Wr\u00f3blewska w programie &#8222;Granie na \u015bniadanie&#8221;<\/strong><\/p>\n<hr \/>\n<p style=\"text-align: center;\"><strong><img loading=\"lazy\" decoding=\"async\" class=\"aligncenter wp-image-3481 size-full\" title=\"Nocne Granie - Agnieszka Wr\u00f3blewska\" src=\"https:\/\/serwis.interactiveworld.pl\/wp-content\/uploads\/2011\/04\/Nocne-Granie.jpg\" alt=\"Nocne Granie - Agnieszka Wr\u00f3blewska\" width=\"409\" height=\"306\" srcset=\"https:\/\/serwis.interactiveworld.pl\/wp-content\/uploads\/2011\/04\/Nocne-Granie.jpg 409w, https:\/\/serwis.interactiveworld.pl\/wp-content\/uploads\/2011\/04\/Nocne-Granie-300x224.jpg 300w, https:\/\/serwis.interactiveworld.pl\/wp-content\/uploads\/2011\/04\/Nocne-Granie-80x60.jpg 80w\" sizes=\"auto, (max-width: 409px) 100vw, 409px\" \/>Agnieszka Wr\u00f3blewska w programie &#8222;Nocne Granie&#8221;<\/strong><\/p>\n<hr \/>\n<p style=\"text-align: center;\"><strong><img loading=\"lazy\" decoding=\"async\" class=\"aligncenter wp-image-3482 size-full\" title=\"Po co spa\u0107 jak mo\u017cna gra\u0107 - Agnieszka Wr\u00f3blewska\" src=\"https:\/\/serwis.interactiveworld.pl\/wp-content\/uploads\/2011\/04\/Po-co-spa\u0107-jak-mo\u017cna-gra\u0107.png\" alt=\"Po co spa\u0107 jak mo\u017cna gra\u0107 - Agnieszka Wr\u00f3blewska\" width=\"409\" height=\"306\" srcset=\"https:\/\/serwis.interactiveworld.pl\/wp-content\/uploads\/2011\/04\/Po-co-spa\u0107-jak-mo\u017cna-gra\u0107.png 409w, https:\/\/serwis.interactiveworld.pl\/wp-content\/uploads\/2011\/04\/Po-co-spa\u0107-jak-mo\u017cna-gra\u0107-300x224.png 300w, https:\/\/serwis.interactiveworld.pl\/wp-content\/uploads\/2011\/04\/Po-co-spa\u0107-jak-mo\u017cna-gra\u0107-80x60.png 80w\" sizes=\"auto, (max-width: 409px) 100vw, 409px\" \/>Agnieszka Wr\u00f3blewska w programie &#8222;Po co spa\u0107, jak mo\u017cna gra\u0107&#8221;<\/strong><\/p>\n<hr \/>\n<p style=\"text-align: center;\"><strong><img loading=\"lazy\" decoding=\"async\" class=\"aligncenter wp-image-3483 size-full\" title=\"Apetyt na kas\u0119 - Agnieszka Wr\u00f3blewska\" src=\"https:\/\/serwis.interactiveworld.pl\/wp-content\/uploads\/2011\/04\/Apetyt-na-kas\u0119.jpg\" alt=\"Apetyt na kas\u0119 - Agnieszka Wr\u00f3blewska\" width=\"409\" height=\"306\" srcset=\"https:\/\/serwis.interactiveworld.pl\/wp-content\/uploads\/2011\/04\/Apetyt-na-kas\u0119.jpg 409w, https:\/\/serwis.interactiveworld.pl\/wp-content\/uploads\/2011\/04\/Apetyt-na-kas\u0119-300x224.jpg 300w, https:\/\/serwis.interactiveworld.pl\/wp-content\/uploads\/2011\/04\/Apetyt-na-kas\u0119-80x60.jpg 80w\" sizes=\"auto, (max-width: 409px) 100vw, 409px\" \/>Agnieszka Wr\u00f3blewska w programie &#8222;Apetyt na kas\u0119&#8221;<\/strong><\/p>\n<hr \/>\n<p style=\"text-align: center;\"><strong><img loading=\"lazy\" decoding=\"async\" class=\"aligncenter wp-image-3484 size-full\" title=\"Granie na ekranie - Agnieszka Wr\u00f3blewska\" src=\"https:\/\/serwis.interactiveworld.pl\/wp-content\/uploads\/2011\/04\/Granie-na-ekranie1.png\" alt=\"Granie na ekranie - Agnieszka Wr\u00f3blewska\" width=\"409\" height=\"306\" srcset=\"https:\/\/serwis.interactiveworld.pl\/wp-content\/uploads\/2011\/04\/Granie-na-ekranie1.png 409w, https:\/\/serwis.interactiveworld.pl\/wp-content\/uploads\/2011\/04\/Granie-na-ekranie1-300x224.png 300w, https:\/\/serwis.interactiveworld.pl\/wp-content\/uploads\/2011\/04\/Granie-na-ekranie1-80x60.png 80w\" sizes=\"auto, (max-width: 409px) 100vw, 409px\" \/>Agnieszka w specjalnym \u015bredniowiecznym wydaniu programu &#8222;Granie na ekranie&#8221;<\/strong><\/p>\n","protected":false},"excerpt":{"rendered":"<p>Agnieszka Wr\u00f3blewska &#8211; rodowita mieszkanka Krakowa, tutaj tez uko\u0144czy\u0142a PWST. Ma du\u017ce do\u015bwiadczenie aktorskie \u2013 wyst\u0119powa\u0142a na deskach teatru \u015al\u0105skiego w Katowicach, ponadto ma na swoim koncie kilka r\u00f3l filmowych. Zwi\u0105zana od pocz\u0105tku istnienia z Telewizj\u0105 Wis\u0142a a nast\u0119pnie po modernizacji ze stacj\u0105 TVN. Prowadzi\u0142a szereg program\u00f3w np.: Ma\u0142a Antena, Tw\u00f3j problem &#8211; Nasza g\u0142owa,<a href=\"https:\/\/serwis.interactiveworld.pl\/?page_id=284\">&nbsp;&nbsp;[wi&#281;cej]<\/a><\/p>\n","protected":false},"author":1,"featured_media":0,"parent":0,"menu_order":0,"comment_status":"open","ping_status":"open","template":"","meta":{"footnotes":""},"class_list":["post-284","page","type-page","status-publish","hentry"],"_links":{"self":[{"href":"https:\/\/serwis.interactiveworld.pl\/index.php?rest_route=\/wp\/v2\/pages\/284","targetHints":{"allow":["GET"]}}],"collection":[{"href":"https:\/\/serwis.interactiveworld.pl\/index.php?rest_route=\/wp\/v2\/pages"}],"about":[{"href":"https:\/\/serwis.interactiveworld.pl\/index.php?rest_route=\/wp\/v2\/types\/page"}],"author":[{"embeddable":true,"href":"https:\/\/serwis.interactiveworld.pl\/index.php?rest_route=\/wp\/v2\/users\/1"}],"replies":[{"embeddable":true,"href":"https:\/\/serwis.interactiveworld.pl\/index.php?rest_route=%2Fwp%2Fv2%2Fcomments&post=284"}],"version-history":[{"count":7,"href":"https:\/\/serwis.interactiveworld.pl\/index.php?rest_route=\/wp\/v2\/pages\/284\/revisions"}],"predecessor-version":[{"id":5824,"href":"https:\/\/serwis.interactiveworld.pl\/index.php?rest_route=\/wp\/v2\/pages\/284\/revisions\/5824"}],"wp:attachment":[{"href":"https:\/\/serwis.interactiveworld.pl\/index.php?rest_route=%2Fwp%2Fv2%2Fmedia&parent=284"}],"curies":[{"name":"wp","href":"https:\/\/api.w.org\/{rel}","templated":true}]}}