{"id":291,"date":"2011-04-10T06:31:48","date_gmt":"2011-04-10T06:31:48","guid":{"rendered":"http:\/\/interactiveworld.cba.pl\/?page_id=291"},"modified":"2015-11-03T22:22:37","modified_gmt":"2015-11-03T21:22:37","slug":"bozena-ostrysz","status":"publish","type":"page","link":"https:\/\/serwis.interactiveworld.pl\/?page_id=291","title":{"rendered":"Bo\u017cena Ostrysz"},"content":{"rendered":"<p><strong>Bo\u017cena Ostrysz<\/strong> &#8211; urodzi\u0142a si\u0119 i mieszka w Krakowie. Studiowa\u0142a dziennikarstwo na Uniwersytecie Jagiello\u0144skim. Pracowa\u0142a jako t\u0142umacz j\u0119zyka angielskiego, modelka, stewardessa, obecnie jest prezenterk\u0105 program\u00f3w interaktywnych. Jej najwi\u0119kszym sukcesem s\u0105 podr\u00f3\u017ce \u2013 odwiedzi\u0142a Nepal, Afryk\u0119, Sri Lank\u0119 i ma kolejne plany bo podr\u00f3\u017cowanie to tez jedno z jej najwi\u0119kszych marze\u0144. Ponadto lubi rysowa\u0107 i pstryka\u0107 zupe\u0142nie nieprofesjonalne zdj\u0119cia. Chcia\u0142aby nauczy\u0107 si\u0119 pilotowa\u0107 samolot i domek nad pla\u017c\u0105.<\/p>\n<p><strong>Programy<\/strong> : &#8222;Hej &#8211; na\u0142 show&#8221;, &#8222;Granie na ekranie&#8221;, &#8222;Salon gry&#8221;, &#8222;Granie na \u015bniadanie&#8221;, &#8222;Hit the bank&#8221;, &#8222;Rozbij bank&#8221;, &#8222;Nocne granie&#8221;, &#8222;Apetyt na kas\u0119&#8221;, &#8222;Po co spa\u0107, jak mo\u017cna gra\u0107?&#8221; oraz &#8222;Graj o raj&#8221;.<\/p>\n<p style=\"text-align: center;\"><img loading=\"lazy\" decoding=\"async\" class=\"aligncenter wp-image-5082\" title=\"Bo\u017cena Ostrysz - Apetyt na Kas\u0119\" src=\"https:\/\/serwis.interactiveworld.pl\/wp-content\/uploads\/2011\/04\/Bo\u017cena.png\" alt=\"Bo\u017cena Ostrysz - Apetyt na Kas\u0119\" width=\"390\" height=\"304\" srcset=\"https:\/\/serwis.interactiveworld.pl\/wp-content\/uploads\/2011\/04\/Bo\u017cena.png 610w, https:\/\/serwis.interactiveworld.pl\/wp-content\/uploads\/2011\/04\/Bo\u017cena-300x234.png 300w\" sizes=\"auto, (max-width: 390px) 100vw, 390px\" \/><strong>Bo\u017cena Ostrysz w programie &#8222;Apetyt na kas\u0119&#8221;<\/strong><\/p>\n","protected":false},"excerpt":{"rendered":"<p>Bo\u017cena Ostrysz &#8211; urodzi\u0142a si\u0119 i mieszka w Krakowie. Studiowa\u0142a dziennikarstwo na Uniwersytecie Jagiello\u0144skim. Pracowa\u0142a jako t\u0142umacz j\u0119zyka angielskiego, modelka, stewardessa, obecnie jest prezenterk\u0105 program\u00f3w interaktywnych. Jej najwi\u0119kszym sukcesem s\u0105 podr\u00f3\u017ce \u2013 odwiedzi\u0142a Nepal, Afryk\u0119, Sri Lank\u0119 i ma kolejne plany bo podr\u00f3\u017cowanie to tez jedno z jej najwi\u0119kszych marze\u0144. Ponadto lubi rysowa\u0107 i pstryka\u0107<a href=\"https:\/\/serwis.interactiveworld.pl\/?page_id=291\">&nbsp;&nbsp;[wi&#281;cej]<\/a><\/p>\n","protected":false},"author":1,"featured_media":0,"parent":0,"menu_order":0,"comment_status":"open","ping_status":"open","template":"","meta":{"footnotes":""},"class_list":["post-291","page","type-page","status-publish","hentry"],"_links":{"self":[{"href":"https:\/\/serwis.interactiveworld.pl\/index.php?rest_route=\/wp\/v2\/pages\/291","targetHints":{"allow":["GET"]}}],"collection":[{"href":"https:\/\/serwis.interactiveworld.pl\/index.php?rest_route=\/wp\/v2\/pages"}],"about":[{"href":"https:\/\/serwis.interactiveworld.pl\/index.php?rest_route=\/wp\/v2\/types\/page"}],"author":[{"embeddable":true,"href":"https:\/\/serwis.interactiveworld.pl\/index.php?rest_route=\/wp\/v2\/users\/1"}],"replies":[{"embeddable":true,"href":"https:\/\/serwis.interactiveworld.pl\/index.php?rest_route=%2Fwp%2Fv2%2Fcomments&post=291"}],"version-history":[{"count":5,"href":"https:\/\/serwis.interactiveworld.pl\/index.php?rest_route=\/wp\/v2\/pages\/291\/revisions"}],"predecessor-version":[{"id":5083,"href":"https:\/\/serwis.interactiveworld.pl\/index.php?rest_route=\/wp\/v2\/pages\/291\/revisions\/5083"}],"wp:attachment":[{"href":"https:\/\/serwis.interactiveworld.pl\/index.php?rest_route=%2Fwp%2Fv2%2Fmedia&parent=291"}],"curies":[{"name":"wp","href":"https:\/\/api.w.org\/{rel}","templated":true}]}}