{"id":294,"date":"2011-04-10T06:42:13","date_gmt":"2011-04-10T06:42:13","guid":{"rendered":"http:\/\/interactiveworld.cba.pl\/?page_id=294"},"modified":"2018-01-02T20:54:52","modified_gmt":"2018-01-02T19:54:52","slug":"justyna-widawska","status":"publish","type":"page","link":"https:\/\/serwis.interactiveworld.pl\/?page_id=294","title":{"rendered":"Justyna Widawska"},"content":{"rendered":"<p><strong>Justyna Widawska<\/strong> &#8211; prezenterka od 2006r. Pocz\u0105tkowo prowadzi\u0142a teleturnieje takie jak &#8222;Nocne Igraszki&#8221; i &#8222;Kasa Gra&#8221; Telemedia InteracTV w TVN i TVN7.\u00a0 Nast\u0119pnie zacz\u0119\u0142a si\u0119 pojawia\u0107 w &#8222;Nocnym I-graniu&#8221; w TV Puls i &#8222;Rozwi\u0105\u017c zagadk\u0119&#8221; w TV Biznes. P\u00f3\u017aniej sta\u0142a si\u0119 gospodyni\u0105 &#8222;Nocy Zagadek&#8221; w TVP2 i &#8222;Zagadkowej Jedynki&#8221; w TVP1. W letnich miesi\u0105cach 2010 r. prowadzi\u0142a &#8222;Rusz g\u0142ow\u0105&#8221; w Polsacie 2. W pa\u017adzierniku tego samego roku wr\u00f3ci\u0142a do &#8222;Zagadkowej Jedynki&#8221; tym razem produkcji Green Hat Studios. Poprowadzi\u0142a kilka wyda\u0144 teleturnieju &#8222;\u0141owcy Nagr\u00f3d&#8221;.<\/p>\n<hr \/>\n<p style=\"text-align: center;\"><img loading=\"lazy\" decoding=\"async\" class=\"aligncenter wp-image-3731 size-full\" title=\"Nocne Igraszki - Justyna Widawska\" src=\"https:\/\/serwis.interactiveworld.pl\/wp-content\/uploads\/2011\/04\/Nocne-Igraszki2.png\" alt=\"Nocne Igraszki - Justyna Widawska\" width=\"360\" height=\"288\" srcset=\"https:\/\/serwis.interactiveworld.pl\/wp-content\/uploads\/2011\/04\/Nocne-Igraszki2.png 360w, https:\/\/serwis.interactiveworld.pl\/wp-content\/uploads\/2011\/04\/Nocne-Igraszki2-300x240.png 300w\" sizes=\"auto, (max-width: 360px) 100vw, 360px\" \/><strong>Justyna w programie &#8222;Nocne Igraszki&#8221; &#8211; 2007r.<\/strong><\/p>\n<hr \/>\n<p style=\"text-align: center;\"><strong><img loading=\"lazy\" decoding=\"async\" class=\"aligncenter wp-image-3732 size-full\" title=\"Kasa gra - Justyna Widawska\" src=\"https:\/\/serwis.interactiveworld.pl\/wp-content\/uploads\/2011\/04\/Kasa-gra.png\" alt=\"Kasa gra - Justyna Widawska\" width=\"360\" height=\"288\" srcset=\"https:\/\/serwis.interactiveworld.pl\/wp-content\/uploads\/2011\/04\/Kasa-gra.png 360w, https:\/\/serwis.interactiveworld.pl\/wp-content\/uploads\/2011\/04\/Kasa-gra-300x240.png 300w\" sizes=\"auto, (max-width: 360px) 100vw, 360px\" \/>Justyna Widawska w programie &#8222;Kasa gra&#8221; &#8211; 2007r.<\/strong><\/p>\n<hr \/>\n<p style=\"text-align: center;\"><img loading=\"lazy\" decoding=\"async\" class=\"aligncenter wp-image-3733 size-full\" title=\"Justyna Widawska - Nocne I-Granie\" src=\"https:\/\/serwis.interactiveworld.pl\/wp-content\/uploads\/2011\/04\/Nocne-I-Granie.png\" alt=\"Justyna Widawska - Nocne I-Granie\" width=\"360\" height=\"288\" srcset=\"https:\/\/serwis.interactiveworld.pl\/wp-content\/uploads\/2011\/04\/Nocne-I-Granie.png 360w, https:\/\/serwis.interactiveworld.pl\/wp-content\/uploads\/2011\/04\/Nocne-I-Granie-300x240.png 300w\" sizes=\"auto, (max-width: 360px) 100vw, 360px\" \/><strong>Justyna w programie &#8222;Nocne I-Granie&#8221; &#8211; 2009r.<\/strong><\/p>\n<hr \/>\n<p style=\"text-align: center;\"><img loading=\"lazy\" decoding=\"async\" class=\"aligncenter wp-image-5110\" title=\"Rozwi\u0105\u017c zagadk\u0119 - Justyna Widawska\" src=\"https:\/\/serwis.interactiveworld.pl\/wp-content\/uploads\/2011\/08\/Rozwi\u0105\u017c-zagadk\u0119.png\" alt=\"Rozwi\u0105\u017c zagadk\u0119 - Justyna Widawska\" width=\"390\" height=\"304\" srcset=\"https:\/\/serwis.interactiveworld.pl\/wp-content\/uploads\/2011\/08\/Rozwi\u0105\u017c-zagadk\u0119.png 610w, https:\/\/serwis.interactiveworld.pl\/wp-content\/uploads\/2011\/08\/Rozwi\u0105\u017c-zagadk\u0119-300x234.png 300w\" sizes=\"auto, (max-width: 390px) 100vw, 390px\" \/><strong>Justyna Widawska w programie &#8222;Rozwi\u0105\u017c zagadk\u0119&#8221; &#8211; 2010r.<\/strong><\/p>\n<hr \/>\n<p style=\"text-align: center;\"><img loading=\"lazy\" decoding=\"async\" class=\"aligncenter wp-image-3735 size-full\" title=\"Noc Zagadek\" src=\"https:\/\/serwis.interactiveworld.pl\/wp-content\/uploads\/2011\/04\/Noc-Zagadek.png\" alt=\"Noc Zagadek\" width=\"360\" height=\"288\" srcset=\"https:\/\/serwis.interactiveworld.pl\/wp-content\/uploads\/2011\/04\/Noc-Zagadek.png 360w, https:\/\/serwis.interactiveworld.pl\/wp-content\/uploads\/2011\/04\/Noc-Zagadek-300x240.png 300w\" sizes=\"auto, (max-width: 360px) 100vw, 360px\" \/><strong>Justyna w programie &#8222;Noc Zagadek&#8221; &#8211; 2010r.<\/strong><\/p>\n<hr \/>\n<p style=\"text-align: center;\"><strong><img loading=\"lazy\" decoding=\"async\" class=\"aligncenter wp-image-3736 size-full\" title=\"Zagadkowa Jedynka - Telemedia InteracTV - Justyna Widawska\" src=\"https:\/\/serwis.interactiveworld.pl\/wp-content\/uploads\/2011\/04\/ZJ1.png\" alt=\"Zagadkowa Jedynka - Telemedia InteracTV - Justyna Widawska\" width=\"360\" height=\"288\" srcset=\"https:\/\/serwis.interactiveworld.pl\/wp-content\/uploads\/2011\/04\/ZJ1.png 360w, https:\/\/serwis.interactiveworld.pl\/wp-content\/uploads\/2011\/04\/ZJ1-300x240.png 300w\" sizes=\"auto, (max-width: 360px) 100vw, 360px\" \/>Justyna w &#8222;Zagadkowej Jedynce&#8221; produkcji Telemedia InteracTv &#8211; 2010r.<\/strong><\/p>\n<hr \/>\n<p style=\"text-align: center;\"><strong><img loading=\"lazy\" decoding=\"async\" class=\"aligncenter wp-image-5107\" title=\"Rusz G\u0142ow\u0105 - Justyna Widawska\" src=\"https:\/\/serwis.interactiveworld.pl\/wp-content\/uploads\/2011\/08\/Justyna-Widawska.png\" alt=\"Rusz G\u0142ow\u0105 - Justyna Widawska\" width=\"450\" height=\"275\" srcset=\"https:\/\/serwis.interactiveworld.pl\/wp-content\/uploads\/2011\/08\/Justyna-Widawska.png 900w, https:\/\/serwis.interactiveworld.pl\/wp-content\/uploads\/2011\/08\/Justyna-Widawska-300x183.png 300w\" sizes=\"auto, (max-width: 450px) 100vw, 450px\" \/>Justyna Widawska w programie &#8222;Rusz G\u0142ow\u0105&#8221; &#8211; 2010r.<\/strong><\/p>\n<hr \/>\n<p style=\"text-align: center;\"><strong><img loading=\"lazy\" decoding=\"async\" class=\"aligncenter wp-image-4942\" title=\"\u0141owcy Nagr\u00f3d - Justyna Widawska\" src=\"https:\/\/serwis.interactiveworld.pl\/wp-content\/uploads\/2011\/08\/SW2.png\" alt=\"\u0141owcy Nagr\u00f3d - Justyna Widawska\" width=\"450\" height=\"275\" srcset=\"https:\/\/serwis.interactiveworld.pl\/wp-content\/uploads\/2011\/08\/SW2.png 900w, https:\/\/serwis.interactiveworld.pl\/wp-content\/uploads\/2011\/08\/SW2-300x183.png 300w\" sizes=\"auto, (max-width: 450px) 100vw, 450px\" \/>Justyna Widawska w programie &#8222;\u0141owcy Nagr\u00f3d&#8221; &#8211; 2014r.<\/strong><\/p>\n<hr \/>\n<p style=\"text-align: center;\"><strong><img loading=\"lazy\" decoding=\"async\" class=\"aligncenter wp-image-4376\" title=\"Justyna Widawska\" src=\"https:\/\/serwis.interactiveworld.pl\/wp-content\/uploads\/2015\/04\/Becia.png\" alt=\"\" width=\"450\" height=\"281\" srcset=\"https:\/\/serwis.interactiveworld.pl\/wp-content\/uploads\/2015\/04\/Becia.png 400w, https:\/\/serwis.interactiveworld.pl\/wp-content\/uploads\/2015\/04\/Becia-300x188.png 300w\" sizes=\"auto, (max-width: 450px) 100vw, 450px\" \/>Justyna w &#8222;Zagadkowej Jedynce&#8221; produkcji Green Hat Studios &#8211; 2015r.<\/strong><\/p>\n","protected":false},"excerpt":{"rendered":"<p>Justyna Widawska &#8211; prezenterka od 2006r. Pocz\u0105tkowo prowadzi\u0142a teleturnieje takie jak &#8222;Nocne Igraszki&#8221; i &#8222;Kasa Gra&#8221; Telemedia InteracTV w TVN i TVN7.\u00a0 Nast\u0119pnie zacz\u0119\u0142a si\u0119 pojawia\u0107 w &#8222;Nocnym I-graniu&#8221; w TV Puls i &#8222;Rozwi\u0105\u017c zagadk\u0119&#8221; w TV Biznes. P\u00f3\u017aniej sta\u0142a si\u0119 gospodyni\u0105 &#8222;Nocy Zagadek&#8221; w TVP2 i &#8222;Zagadkowej Jedynki&#8221; w TVP1. W letnich miesi\u0105cach 2010<a href=\"https:\/\/serwis.interactiveworld.pl\/?page_id=294\">&nbsp;&nbsp;[wi&#281;cej]<\/a><\/p>\n","protected":false},"author":1,"featured_media":0,"parent":0,"menu_order":0,"comment_status":"open","ping_status":"open","template":"","meta":{"footnotes":""},"class_list":["post-294","page","type-page","status-publish","hentry"],"_links":{"self":[{"href":"https:\/\/serwis.interactiveworld.pl\/index.php?rest_route=\/wp\/v2\/pages\/294","targetHints":{"allow":["GET"]}}],"collection":[{"href":"https:\/\/serwis.interactiveworld.pl\/index.php?rest_route=\/wp\/v2\/pages"}],"about":[{"href":"https:\/\/serwis.interactiveworld.pl\/index.php?rest_route=\/wp\/v2\/types\/page"}],"author":[{"embeddable":true,"href":"https:\/\/serwis.interactiveworld.pl\/index.php?rest_route=\/wp\/v2\/users\/1"}],"replies":[{"embeddable":true,"href":"https:\/\/serwis.interactiveworld.pl\/index.php?rest_route=%2Fwp%2Fv2%2Fcomments&post=294"}],"version-history":[{"count":13,"href":"https:\/\/serwis.interactiveworld.pl\/index.php?rest_route=\/wp\/v2\/pages\/294\/revisions"}],"predecessor-version":[{"id":6277,"href":"https:\/\/serwis.interactiveworld.pl\/index.php?rest_route=\/wp\/v2\/pages\/294\/revisions\/6277"}],"wp:attachment":[{"href":"https:\/\/serwis.interactiveworld.pl\/index.php?rest_route=%2Fwp%2Fv2%2Fmedia&parent=294"}],"curies":[{"name":"wp","href":"https:\/\/api.w.org\/{rel}","templated":true}]}}