{"id":301,"date":"2011-04-10T06:54:06","date_gmt":"2011-04-10T06:54:06","guid":{"rendered":"http:\/\/interactiveworld.cba.pl\/?page_id=301"},"modified":"2015-02-01T23:25:15","modified_gmt":"2015-02-01T22:25:15","slug":"monika-pachnik","status":"publish","type":"page","link":"https:\/\/serwis.interactiveworld.pl\/?page_id=301","title":{"rendered":"Monika Pachnik"},"content":{"rendered":"<p><strong>Monika Pachnik<\/strong> &#8211; swoj\u0105 prac\u0119 zacze\u0142a jako prezenterka w w\u0119gierskiej firmie Telemedia InteracTv w 2007r., gdzie prowadzi\u0142a program: &#8222;\u0141atwa kasa&#8221; &#8211; Viva Polska. P\u00f3\u017aniej pracowa\u0142a jako fotomodelka i przygotowywa\u0142a <em>eventy<\/em> dla firm zwi\u0105zanych z bran\u017c\u0105 modelk\u0105. To by\u0142y jak do tej pory ostatnie nie zwi\u0105zane z telewizj\u0105 wyzwania Moniki. kolejnych miesi\u0105cach prowadzi\u0142a internetowy program telewizyjny INFORmacje, by\u0142a dziennikark\u0105 TVN Warszawa i przygotowywa\u0142a show Szymona Majewskiego. Od lipca 2010r. roku pracuje w Grupie ITI &#8211; TVN. Pocz\u0105tkowo prowadzi\u0142a nocny quiz: &#8222;Po co spa\u0107, jak mo\u017cna gra\u0107?&#8221;. Na pocz\u0105tku wrze\u015bnia TVN zako\u0144czy\u0142o nadawanie swoich program\u00f3w Call-Tv.<\/p>\n<p><strong>Programy<\/strong> : &#8222;\u0141atwa kasa&#8221;, &#8222;INFOrmacje&#8221;, &#8222;Milioneria&#8221;, &#8222;Po co spa\u0107, jak mo\u017cna gra\u0107?&#8221;, &#8222;Granie na ekranie&#8221;, &#8222;Granie na \u015bniadanie&#8221; oraz &#8222;Apetyt na kas\u0119&#8221;.<\/p>\n<p>&nbsp;<\/p>\n<p style=\"text-align: center;\"><img loading=\"lazy\" decoding=\"async\" class=\"aligncenter wp-image-3433 size-full\" title=\"Monika Pachnik - \u0141atwa Kasa - TelemediaInteracTV\" src=\"https:\/\/serwis.interactiveworld.pl\/wp-content\/uploads\/2011\/04\/Monika-Pachnik-\u0141atwa-Kasa.jpg\" alt=\"Monika Pachnik \u0141atwa Kasa\" width=\"409\" height=\"306\" srcset=\"https:\/\/serwis.interactiveworld.pl\/wp-content\/uploads\/2011\/04\/Monika-Pachnik-\u0141atwa-Kasa.jpg 409w, https:\/\/serwis.interactiveworld.pl\/wp-content\/uploads\/2011\/04\/Monika-Pachnik-\u0141atwa-Kasa-300x224.jpg 300w, https:\/\/serwis.interactiveworld.pl\/wp-content\/uploads\/2011\/04\/Monika-Pachnik-\u0141atwa-Kasa-80x60.jpg 80w\" sizes=\"auto, (max-width: 409px) 100vw, 409px\" \/><strong>Monika w programie &#8222;\u0141atwa Kasa&#8221; &#8211; 2007r.<\/strong><\/p>\n<hr \/>\n<p style=\"text-align: center;\"><strong><img loading=\"lazy\" decoding=\"async\" class=\"aligncenter wp-image-3434 size-full\" title=\"Monika Pachnik - TVN - Po co spa\u0107 jak mo\u017cna gra\u0107 \" src=\"https:\/\/serwis.interactiveworld.pl\/wp-content\/uploads\/2011\/04\/Monika-Pachnik-Po-co-spac-jak-mozna-grac.png\" alt=\"Monika Pachnik - TVN - Po co spa\u0107 jak mo\u017cna gra\u0107 \" width=\"409\" height=\"306\" srcset=\"https:\/\/serwis.interactiveworld.pl\/wp-content\/uploads\/2011\/04\/Monika-Pachnik-Po-co-spac-jak-mozna-grac.png 409w, https:\/\/serwis.interactiveworld.pl\/wp-content\/uploads\/2011\/04\/Monika-Pachnik-Po-co-spac-jak-mozna-grac-300x224.png 300w, https:\/\/serwis.interactiveworld.pl\/wp-content\/uploads\/2011\/04\/Monika-Pachnik-Po-co-spac-jak-mozna-grac-80x60.png 80w\" sizes=\"auto, (max-width: 409px) 100vw, 409px\" \/>Monika Pachnik w programie &#8222;Po co spa\u0107, jak mo\u017cna gra\u0107 ?&#8221; &#8211; 2010r.<\/strong><\/p>\n<hr \/>\n<p style=\"text-align: center;\"><strong><img loading=\"lazy\" decoding=\"async\" class=\"aligncenter wp-image-3435 size-full\" title=\"Monika Pachnik - Granie na \u015bniadanie\" src=\"https:\/\/serwis.interactiveworld.pl\/wp-content\/uploads\/2011\/04\/Monika-Pachnik-Granie-na-\u015bniadanie.jpg\" alt=\"Monika Pachnik Granie na \u015bniadanie\" width=\"409\" height=\"306\" srcset=\"https:\/\/serwis.interactiveworld.pl\/wp-content\/uploads\/2011\/04\/Monika-Pachnik-Granie-na-\u015bniadanie.jpg 409w, https:\/\/serwis.interactiveworld.pl\/wp-content\/uploads\/2011\/04\/Monika-Pachnik-Granie-na-\u015bniadanie-300x224.jpg 300w, https:\/\/serwis.interactiveworld.pl\/wp-content\/uploads\/2011\/04\/Monika-Pachnik-Granie-na-\u015bniadanie-80x60.jpg 80w\" sizes=\"auto, (max-width: 409px) 100vw, 409px\" \/>Monika Pachnik w programie &#8222;Granie na \u015bniadanie&#8221; &#8211; 2010r.<\/strong><\/p>\n<hr \/>\n<p style=\"text-align: center;\"><strong><img loading=\"lazy\" decoding=\"async\" class=\"aligncenter wp-image-3436 size-full\" title=\"Monika Pachnik - Granie na ekranie\" src=\"https:\/\/serwis.interactiveworld.pl\/wp-content\/uploads\/2011\/04\/Monika-Pachnik-Granie-na-ekranie-.png\" alt=\"Monika Pachnik - Granie na ekranie\" width=\"409\" height=\"306\" srcset=\"https:\/\/serwis.interactiveworld.pl\/wp-content\/uploads\/2011\/04\/Monika-Pachnik-Granie-na-ekranie-.png 409w, https:\/\/serwis.interactiveworld.pl\/wp-content\/uploads\/2011\/04\/Monika-Pachnik-Granie-na-ekranie--300x224.png 300w, https:\/\/serwis.interactiveworld.pl\/wp-content\/uploads\/2011\/04\/Monika-Pachnik-Granie-na-ekranie--80x60.png 80w\" sizes=\"auto, (max-width: 409px) 100vw, 409px\" \/>Monika Pachnik w programie &#8222;Granie na ekranie&#8221; &#8211; 2010r.<\/strong><\/p>\n<hr \/>\n<p style=\"text-align: center;\"><strong><img loading=\"lazy\" decoding=\"async\" class=\"aligncenter wp-image-3437 size-full\" title=\"Monika Pachnik - Apetyt na kas\u0119\" src=\"https:\/\/serwis.interactiveworld.pl\/wp-content\/uploads\/2011\/04\/Monika-Pachnik-Apetyt-na-kas\u0119.png\" alt=\"Monika Pachnik - Apetyt na kas\u0119\" width=\"409\" height=\"306\" srcset=\"https:\/\/serwis.interactiveworld.pl\/wp-content\/uploads\/2011\/04\/Monika-Pachnik-Apetyt-na-kas\u0119.png 409w, https:\/\/serwis.interactiveworld.pl\/wp-content\/uploads\/2011\/04\/Monika-Pachnik-Apetyt-na-kas\u0119-300x224.png 300w, https:\/\/serwis.interactiveworld.pl\/wp-content\/uploads\/2011\/04\/Monika-Pachnik-Apetyt-na-kas\u0119-80x60.png 80w\" sizes=\"auto, (max-width: 409px) 100vw, 409px\" \/>Monika Pachnik w programie &#8222;Apetyt na kas\u0119&#8221; &#8211; 2011r.<\/strong><\/p>\n<p style=\"text-align: center;\">\n","protected":false},"excerpt":{"rendered":"<p>Monika Pachnik &#8211; swoj\u0105 prac\u0119 zacze\u0142a jako prezenterka w w\u0119gierskiej firmie Telemedia InteracTv w 2007r., gdzie prowadzi\u0142a program: &#8222;\u0141atwa kasa&#8221; &#8211; Viva Polska. P\u00f3\u017aniej pracowa\u0142a jako fotomodelka i przygotowywa\u0142a eventy dla firm zwi\u0105zanych z bran\u017c\u0105 modelk\u0105. To by\u0142y jak do tej pory ostatnie nie zwi\u0105zane z telewizj\u0105 wyzwania Moniki. kolejnych miesi\u0105cach prowadzi\u0142a internetowy program telewizyjny<a href=\"https:\/\/serwis.interactiveworld.pl\/?page_id=301\">&nbsp;&nbsp;[wi&#281;cej]<\/a><\/p>\n","protected":false},"author":1,"featured_media":0,"parent":0,"menu_order":0,"comment_status":"open","ping_status":"open","template":"","meta":{"footnotes":""},"class_list":["post-301","page","type-page","status-publish","hentry"],"_links":{"self":[{"href":"https:\/\/serwis.interactiveworld.pl\/index.php?rest_route=\/wp\/v2\/pages\/301","targetHints":{"allow":["GET"]}}],"collection":[{"href":"https:\/\/serwis.interactiveworld.pl\/index.php?rest_route=\/wp\/v2\/pages"}],"about":[{"href":"https:\/\/serwis.interactiveworld.pl\/index.php?rest_route=\/wp\/v2\/types\/page"}],"author":[{"embeddable":true,"href":"https:\/\/serwis.interactiveworld.pl\/index.php?rest_route=\/wp\/v2\/users\/1"}],"replies":[{"embeddable":true,"href":"https:\/\/serwis.interactiveworld.pl\/index.php?rest_route=%2Fwp%2Fv2%2Fcomments&post=301"}],"version-history":[{"count":5,"href":"https:\/\/serwis.interactiveworld.pl\/index.php?rest_route=\/wp\/v2\/pages\/301\/revisions"}],"predecessor-version":[{"id":3438,"href":"https:\/\/serwis.interactiveworld.pl\/index.php?rest_route=\/wp\/v2\/pages\/301\/revisions\/3438"}],"wp:attachment":[{"href":"https:\/\/serwis.interactiveworld.pl\/index.php?rest_route=%2Fwp%2Fv2%2Fmedia&parent=301"}],"curies":[{"name":"wp","href":"https:\/\/api.w.org\/{rel}","templated":true}]}}