{"id":3102,"date":"2014-08-25T21:50:50","date_gmt":"2014-08-25T20:50:50","guid":{"rendered":"http:\/\/serwis.interactiveworld.pl\/?page_id=3102"},"modified":"2014-08-25T22:16:25","modified_gmt":"2014-08-25T21:16:25","slug":"wywiad-z-agnieszka-wroblewska","status":"publish","type":"page","link":"https:\/\/serwis.interactiveworld.pl\/?page_id=3102","title":{"rendered":"Wywiad z Agnieszk\u0105 Wr\u00f3blewsk\u0105"},"content":{"rendered":"<p><img loading=\"lazy\" decoding=\"async\" class=\"wp-image-3096 aligncenter\" src=\"https:\/\/serwis.interactiveworld.pl\/wp-content\/uploads\/2014\/08\/Agnieszka-Wr\u00f3blewska-300x212.png\" alt=\"Agnieszka Wr\u00f3blewska\" width=\"470\" height=\"332\" srcset=\"https:\/\/serwis.interactiveworld.pl\/wp-content\/uploads\/2014\/08\/Agnieszka-Wr\u00f3blewska-300x212.png 300w, https:\/\/serwis.interactiveworld.pl\/wp-content\/uploads\/2014\/08\/Agnieszka-Wr\u00f3blewska-1024x726.png 1024w, https:\/\/serwis.interactiveworld.pl\/wp-content\/uploads\/2014\/08\/Agnieszka-Wr\u00f3blewska.png 1280w\" sizes=\"auto, (max-width: 470px) 100vw, 470px\" \/><\/p>\n<p><strong>Witamy serdecznie Pani Agnieszko<\/strong>!<br \/>\nDzi\u0119kujemy, \u017ce zgodzi\u0142a si\u0119 Pani przeprowadzi\u0107 wywiad, specjalnie dla naszego serwisu &#8211; <em>InteractiveWorld<\/em>.<\/p>\n<p>Przypomnijmy: \u00a0Pani Agnieszka Wr\u00f3blewska prowadzi\u0142a teleturnieje interaktywne w stacji <em>TVN<\/em> od samego pocz\u0105tku, do samego ko\u0144ca. St\u0105d te\u017c nasze pytania w tym temacie i nie tylko \ud83d\ude42 . Prosimy o odpowied\u017a bezpo\u015brednio pod pytaniami:<\/p>\n<p><strong>Pytanie 0: Czym obecnie si\u0119 Pani zajmuje? Jakie s\u0105 Pani zainteresowania? <\/strong><\/p>\n<p><em>Najpierw- witam serdecznie. Z niema\u0142ym zaskoczeniem odebra\u0142am wiadomo\u015b\u0107 z pytaniami dotycz\u0105cymi konkurs\u00f3w i program\u00f3w sprzed lat \ud83d\ude42<\/em><em>\u00a0\u017ce te\u017c kto\u015b si\u0119 tym jeszcze interesuje?! Z rado\u015bci\u0105 odpowiadam:<\/em><\/p>\n<p><em>Czym zajmuj\u0119 si\u0119 teraz? Wci\u0105\u017c pracuj\u0119 w telewizji. Przez ostatnie dwa lata robi\u0142am programy dla kana\u0142u TTV (\u201eBez recepty\u201d, \u201ePrzed p\u00f3\u0142noc\u0105\u201d, \u201eUsterka\u201d). Teraz pracuj\u0119 przy nowym serialu \u201eSzko\u0142a\u201d, kt\u00f3ry b\u0119dzie na antenie TVN od pierwszego wrze\u015bnia. Zmieni\u0142am stron\u0119 kamery \u2013 teraz nie \u201eprzed\u201d, tylko \u201eza\u201d, jako realizator, redakcja, czy asystent re\u017cysera.<br \/>\n<\/em><\/p>\n<p><strong>Pytanie 1: Jakie emocje Pani towarzyszy\u0142y przed pierwszym wydaniem <em>Tele Gry<\/em> 17.01.2002r.?<\/strong><\/p>\n<p><em>Wprawdzie to by\u0142o 12 lat temu, ale nadal pami\u0119tam ten stresik. Chocia\u017c prawd\u0119 powiedziawszy byli\u015bmy do pierwszej emisji dobrze przygotowani, wi\u0119c wszystko by\u0142o pod kontrol\u0105.<br \/>\n<\/em><\/p>\n<p><strong>Pytanie 2: Ile czasu trwa\u0142y przygotowania do emisji pierwszego wydania <em>Tele Gry<\/em>?<\/strong><\/p>\n<p><em>Pod koniec grudnia 2001 roku (pami\u0119tam, bo by\u0142o z minus 20 stopni) pojecha\u0142am na casting do Warszawy, pr\u00f3by zacz\u0119\u0142y si\u0119 po Nowym Roku, pierwsza emisja 17 stycznia- wiec jakie\u015b dwa tygodnie. Du\u017co? Ma\u0142o? Chyba w sam raz!<br \/>\n<\/em><\/p>\n<p><strong>Pytanie 3: Jak wspomina Pani prac\u0119 w programach interaktywnych <em>Grupy ITI<\/em>?<\/strong><\/p>\n<p><em>Bardzo dobrze. Redakcj\u0119 tworzy\u0142y naprawd\u0119 fajne osoby. A praca? \u2013 godzina, p\u00f3\u0142torej dziennie \u2013 jak co\u015b takiego mog\u0142oby si\u0119 nie podoba\u0107?! Oczywi\u015bcie zdarza\u0142y si\u0119, tak \u015brednio raz na rok momenty przem\u0119czenia i wypalenia \u2013 wydawa\u0142o mi si\u0119 wtedy, \u017ce straci\u0142am ca\u0142y dowcip i swobod\u0119 i nie mam nic sensownego do powiedzenia, ale zwykle \u00a0zdarza\u0142y si\u0119 wakacje i z nowymi si\u0142ami wraca\u0142am na anten\u0119.<br \/>\n<\/em><\/p>\n<p><strong>Pytanie 4: Kt\u00f3ry teleturniej interaktywny <em>TVN<\/em> wspomina Pani najlepiej?<\/strong><\/p>\n<p><em>Najweselej by\u0142o podczas teleturnieju, kt\u00f3rego nazwy nie jestem pewna \u00a0&#8211; tyle ich by\u0142o<\/em><em>J (co\u015b z graniem, mo\u017ce \u201eGranie na ekranie\u201d?). Polega\u0142 on na tym, \u017ce zagadki by\u0142y prezentowane na zasadzie kalambur\u00f3w- prowadz\u0105cy co\u015b pokazywali, albo rysowali a widz musia\u0142 odgadn\u0105\u0107 has\u0142o. Ten program prowadzili\u015bmy parami i by\u0142o naprawd\u0119 weso\u0142o. <\/em><\/p>\n<p><strong>Pytanie 5: Czy gdyby mia\u0142a Pani opcj\u0119 wr\u00f3ci\u0107 do prowadzenia CallTV, czy skorzysta\u0142aby Pani z niej?<\/strong><\/p>\n<p><em>Tak! (chyba \ud83d\ude42\u00a0<\/em><em>)<br \/>\n<\/em><\/p>\n<p><strong>Pytanie 6: Czy wiedzia\u0142a Pani jakie konkursy b\u0119d\u0105 rozgrywane w najbli\u017cszym programie?<br \/>\n(Je\u015bli tak, to na ile przed si\u0119 Pani dowiadywa\u0142a?)<\/strong><\/p>\n<p><em>Dostawali\u015bmy scenariusz programu par\u0119 godzin przed nagraniem, bo to by\u0142a tajemnica przecie! Tylko do programu \u201e\u0141amis\u0142\u00f3wka\u201d has\u0142a dostawa\u0142am wcze\u015bniej \u2013 dzie\u0144, dwa. Potrzebowa\u0142am czasu na przygotowanie si\u0119 \u2013 dowiadywa\u0142am si\u0119 jak najwi\u0119cej o s\u0142owach, has\u0142ach \u2013 jaka jest ich etymologia, z czym si\u0119 kojarz\u0105, itp\u2026\u00a0 Ale zdarza\u0142o si\u0119 te\u017c (o ile dobrze pami\u0119tam),\u00a0 \u017ce w trakcie programu nast\u0119powa\u0142y zmiany. Wi\u0119c nie zawsze zna\u0142am rozwi\u0105zanie.<br \/>\n<\/em><\/p>\n<p><strong>Pytanie 7: Czy utrzymuje Pani kontakt ze swoimi dawnymi wsp\u00f3\u0142pracownicami, kt\u00f3re tak\u017ce prowadzi\u0142y tego typu programy?<\/strong><\/p>\n<p><em>Nie regularnie, ale si\u0119 zdarza. O dzisiaj na przyk\u0142ad rozmawia\u0142am z Ani\u0105 Wo\u0142ek<\/em><em>J Z niekt\u00f3rymi osobami z redakcji wsp\u00f3\u0142pracuj\u0119 nadal.<br \/>\n<\/em><\/p>\n<p><strong>Pytanie 8: Kt\u00f3r\u0105 kole\u017cank\u0119 lub \u00a0kt\u00f3rego koleg\u0119\u00a0 spo\u015br\u00f3d prowadz\u0105cych wspomina Pani najcieplej?<\/strong><\/p>\n<p><em>Nie odpowiem na to pytanie, \u017ceby nie podpa\u015b\u0107 \ud83d\ude42<\/em><em>\u00a0ale \u2013 powa\u017cnie m\u00f3wi\u0105c &#8211; naprawd\u0119 dobrze wszystkich wspominam.<br \/>\n<\/em><\/p>\n<p><strong>Pytanie 9: Czy mia\u0142a Pani ulubion\u0105 zagadk\u0119 w teleturniejach CallTV?<\/strong><\/p>\n<p><em>Wola\u0142am te trudniejsze \u2013 sama czasami szuka\u0142am rozwi\u0105zania razem z widzami \u2013 nie zawsze si\u0119 udawa\u0142o.<br \/>\n<\/em><\/p>\n<p><strong>Pytanie 10: Ile czasu trwa\u0142o przygotowanie programu? Ile czasu przed emisj\u0105 musia\u0142a Pani by\u0107 ju\u017c w pracy?<\/strong><\/p>\n<p><em>Makija\u017c i stylizacja trwa\u0142y jak\u0105\u015b godzin\u0119, na p\u00f3\u0142 godziny przed startem programu by\u0142a pe\u0142na gotowo\u015b\u0107. Zazwyczaj zjawia\u0142am si\u0119 dwie, trzy godziny przed. Chyba, \u017ce zapomnia\u0142am, \u017ce mam program (tak, tak, zdarzy\u0142o si\u0119 \ud83d\ude42\u00a0<\/em><em>) \u2013 wpad\u0142am wtedy z p\u00f3\u0142 godziny przed emisj\u0105, ale uda\u0142o si\u0119!<\/em><\/p>\n<p><strong>Pytanie 11: Czy chcia\u0142aby Pani powrotu program\u00f3w CallTV produkowanych przez <em>TVN<\/em>?<\/strong><\/p>\n<p><em>Prowadzenie ich by\u0142o przyjemno\u015bci\u0105. Pytanie \u2013 czy widzowie by chcieli? Bo wiadomo, \u017ce to oni dyktuj\u0105 warunki.<br \/>\n<\/em><\/p>\n<p><strong>Pytanie 12: Co s\u0105dzi Pani o obecnym poziomie teleturniej\u00f3w interaktywnych w Polsce?<\/strong><\/p>\n<p><em>Przyznaj\u0119 si\u0119, \u017ce nie ogl\u0105dam ich. Tak po prostu. Mam du\u017co spraw na g\u0142owie i zwykle za ma\u0142o czasu.<br \/>\n<\/em><\/p>\n<p><strong>Pytanie 13: Jak wspomina Pani stacj\u0119 <em>TVN Gra<\/em>?<\/strong><\/p>\n<p><em>W\u0142a\u015bciwie ju\u017c na to odpowiedzia\u0142am \u2013 dla mnie nie mia\u0142o znaczenia, czy program, kt\u00f3ry prowadz\u0119 jest na antenie TVN, TVN Style, czy TVN Gra.<br \/>\n<\/em><\/p>\n<p><strong>Pytanie 14: Jak Pani wspomina programy realizowane z Rynku G\u0142\u00f3wnego w Krakowie?<\/strong><\/p>\n<p><em>To zale\u017ca\u0142o od pogody. Ale nawet w deszczu przyjemnie by\u0142o wyrwa\u0107 si\u0119 ze studia. Zdarza\u0142o si\u0119, \u017ce pojawiali si\u0119 przechodnie \u2013 widzowie, wtedy \u0142atwiej m\u00f3wi\u0107, kiedy ma si\u0119 \u017cywego odbiorc\u0119 tu\u017c obok.<br \/>\n<\/em><\/p>\n<p><strong>Pytanie 15: Kt\u00f3re dy\u017cury lubi\u0142a Pani najbardziej &#8211; te o poranku, w po\u0142udnie\/po po\u0142udniu czy nocne?<\/strong><\/p>\n<p><em>Najmniej lubi\u0142am nocne \u2013 rozbija\u0142y mnie bardzo, tym bardziej, \u017ce tak, czy siak trzeba by\u0142o rano wsta\u0107 \u2013 to oczywiste, kiedy si\u0119 jest mam\u0105.<br \/>\n<\/em><\/p>\n<p><strong>Pytanie 16: Programy CallTV <em>TVN <\/em>by\u0142y chyba takimi, w kt\u00f3rych wyst\u0119powa\u0142a najwi\u0119ksza ilo\u015b\u0107 atrakcji. Z kt\u00f3r\u0105 z nich pracowa\u0142o si\u0119 Pani najlepiej tudzie\u017c kt\u00f3r\u0105 z nich Pani najbardziej lubi\u0142a?<\/strong><\/p>\n<p><em>Czy chodzi o maszyny, kt\u00f3re w r\u00f3\u017cny spos\u00f3b podawa\u0142y pieni\u0105dze? Nie przepada\u0142am za nimi \u2013 mia\u0142am problem ze zbieraniem pieni\u0119dzy na czas. A najbardziej nie lubi\u0142am ta\u015bmy \u2013 takiej jak w sklepie, przy kasie \u2013 czasami banknoty nie trafia\u0142y do pojemnika. <\/em><\/p>\n<p><strong>Pytanie 17: Czy pami\u0119ta pani jaki by\u0142 rekord rozegranych zagadek w jednym programie?<\/strong><\/p>\n<p><em>Nie! A jest kto\u015b kto pami\u0119ta? Jakby si\u0119 uprze\u0107 mo\u017cna by odnale\u017a\u0107 w protoko\u0142ach, ale ja si\u0119 upiera\u0107 nie b\u0119d\u0119.<br \/>\n<\/em><\/p>\n<p><strong>Pytanie 18: Jaka \u015bmieszna, niecodzienna sytuacja lub wpadka z program\u00f3w, kt\u00f3re Pani prowadzi\u0142a zapad\u0142a Pani g\u0142\u0119boko w pami\u0119ci?<\/strong><\/p>\n<p><em>Ju\u017c to gdzie\u015b m\u00f3wi\u0142am, ale powt\u00f3rz\u0119:<\/em><\/p>\n<p><em>Nie rozumia\u0142am dlaczego wszyscy si\u0119 zacz\u0119li \u015bmia\u0107, kiedy zapyta\u0142am o \u201eogon suki\u201d, chodzi\u0142o oczywi\u015bcie o \u201eogon suk<strong>n<\/strong>i\u201d czyli \u201etren\u201d.<\/em><\/p>\n<p><em>Raz na anten\u0119 dodzwoni\u0142 si\u0119 ch\u0142opak, na pewno nie by\u0142 pe\u0142noletni i kiedy, nie wiedz\u0105c o tym, powita\u0142am go i zapyta\u0142am o rozwi\u0105zanie zagadki, us\u0142ysza\u0142am: \u201e Pani jest g\u0142upia! Pani jest g\u0142upa! Pani jest g\u0142upia! \u2013 na chwil\u0119 mnie zatka\u0142o. Ale tylko na chwil\u0119 \ud83d\ude42<\/em><\/p>\n<p><em>By\u0142a te\u017c raz sytuacja nie\u015bmieszna, kiedy o ma\u0142y w\u0142os zemdla\u0142am. Pami\u0119tam, \u017ce obla\u0142 mnie zimny pot, przed oczami lata\u0142y mi jakie\u015b mroczki. Dobrn\u0119\u0142am ma\u0142o b\u0142yskotliwie do ko\u0144ca i szybko zeszli\u015bmy z anteny \u2013 o dwie minuty chyba wcze\u015bniej ni\u017c by\u0142o planowane. No c\u00f3\u017c, prowadz\u0105ca te\u017c cz\u0142owiek.<br \/>\n<\/em><\/p>\n<p><strong>Pytanie 19: Dzisiaj wi\u0119kszo\u015b\u0107 ludzi kojarzy Pani\u0105 z tzw. &#8222;telegrami&#8221;. Wiadomo, \u017ce wcze\u015bniej prowadzi\u0142a Pani te\u017c inne programy zupe\u0142nie niezwi\u0105zane z form\u0105 wygrywania pieni\u0119dzy. Jak wi\u0119c trafi\u0142a Pani do CallTV?<\/strong><\/p>\n<p><em>Mia\u0142am kr\u00f3tk\u0105 przerw\u0119 po urodzeniu syna, tak zwany urlop macierzy\u0144ski. I kt\u00f3rego\u015b dnia po prostu zadzwoni\u0142 telefon. Pojecha\u0142am na casting i po dw\u00f3ch tygodniach prowadzi\u0142am pierwszy program interaktywny \u2013 Tele Gr\u0119.<br \/>\n<\/em><\/p>\n<p><strong>Pytanie 20: W ostatnim programie <em>Apetyt na kas\u0119<\/em> \u017cartowa\u0142a Pani z Ani\u0105 Wo\u0142ek odno\u015bnie ci\u0105g\u0142ego grania zagadek polegaj\u0105cych na szukaniu imion. Pani Ania ju\u017c wcze\u015bniej do\u015b\u0107 cz\u0119sto ironicznie wyra\u017ca\u0142a swoje zdanie na ten temat. Prezenterki nie mia\u0142y mo\u017cliwo\u015bci sugerowania swoich pomys\u0142\u00f3w? W dawnych czasach przed 2010 i 2009 rokiem grano du\u017co r\u00f3\u017cnorodnych i ciekawych zagadek. Dlaczego, Pani zdaniem, re\u017cyserom brakowa\u0142o kreatywno\u015bci?<\/strong><\/p>\n<p><em>Kreatywno\u015bci im na pewno nie brakowa\u0142o. To nie dlatego. My\u015bl\u0119, \u017ce to wynika\u0142o z tego, kt\u00f3re konkursy bardziej podoba\u0142y si\u0119 widzom. Nie oszukujmy si\u0119 \u2013 te programy nie mog\u0142y istnie\u0107 bez zg\u0142aszaj\u0105cych si\u0119 do nich widz\u00f3w.<\/em><\/p>\n<p><strong>Pytanie 21: Kt\u00f3ry system lubi\u0142a Pani bardziej &#8211; ten obowi\u0105zuj\u0105cy w pierwszej po\u0142owie 2010r., czyli ze studiem by\u0142a \u0142\u0105czona osoba, kt\u00f3ra najszybciej w rundzie odpowiedzia\u0142a na pytanie us\u0142yszane w s\u0142uchawce telefonu, czy ten obowi\u0105zuj\u0105cy przez pozosta\u0142y okres nadawania program\u00f3w CallTV, czyli system otwartej linii?<\/strong><\/p>\n<p><em>Otwarta linia by\u0142a prostsza, system pyta\u0144 zadawanych poza anten\u0105 zniech\u0119ca\u0142 niekt\u00f3rych konkursowicz\u00f3w. A moje subiektywne zdanie? \u2013 wola\u0142am te programy, w kt\u00f3rych mia\u0142am wi\u0119cej go\u015bci na antenie, bo ja lubi\u0119 sobie pogada\u0107 z cz\u0142owiekiem \ud83d\ude42<\/em><\/p>\n<p><strong>Pytanie 22: Czy mo\u017ce Pani zdradzi\u0107 co by\u0142o powodem zwolnienia w grudniu 2009 roku z program\u00f3w interaktywnych <em>TVN<\/em> dw\u00f3ch znanych prezenterek &#8211; Kasi Janus i Magdy Michniak?<\/strong><\/p>\n<p><em>Nie wiem. To nie by\u0142a moja decyzja, wi\u0119c nie b\u0119d\u0119 si\u0119 z niej t\u0142umaczy\u0107. Prywatnie uwa\u017cam, \u017ce dziewczyny by\u0142y, s\u0105! bardzo fajne i wiem, \u017ce mia\u0142y, maj\u0105! rzesze wielbicieli.<br \/>\n<\/em><\/p>\n<p><strong>Pytanie 23: Jaka by\u0142a Pani reakcja na wiadomo\u015b\u0107 o zako\u0144czeniu produkcji CallTV w stacjach <em>Grupy ITI<\/em>?<\/strong><\/p>\n<p><em>Trudno nam by\u0142o w to uwierzy\u0107. Prowadzi\u0142am te programy prawie dziesi\u0119\u0107 lat, mo\u017cna si\u0119 by\u0142o przyzwyczai\u0107. Oczywi\u015bcie wszyscy zastanawiali\u015bmy si\u0119: i co teraz?<br \/>\n<\/em><\/p>\n<p><strong>Pytanie 24: Czy s\u0142ysza\u0142a Pani kiedy\u015b o forum fan\u00f3w CallTV? Czy w og\u00f3le wiedzia\u0142a Pani, \u017ce istniej\u0105 tacy fani?<br \/>\n<\/strong>\u00a0<em>Gdzie\u015b , co\u015b mi si\u0119 obi\u0142o o uszy, ale przyznam si\u0119, \u017ce nie \u015bledzi\u0142am pilnie.<\/em><\/p>\n<p><strong>Pytanie 25: Jakie rady da\u0142aby Pani tym, kt\u00f3rzy swoj\u0105 przysz\u0142o\u015b\u0107 chc\u0105 zwi\u0105za\u0107 z tym samym zawodem, kt\u00f3ry Pani uprawia\u0142a?<\/strong><\/p>\n<p><em>Trzeba dba\u0107 o dobra dykcj\u0119 i pe\u0142ne uz\u0119bienie \ud83d\ude42\u00a0<\/em><em>I trzeba \u0107wiczy\u0107 p\u0142ynne m\u00f3wienie. Lepiej unika\u0107 wielokrotnie z\u0142o\u017conych zda\u0144, bo mo\u017cna zgubi\u0107 sens, albo popl\u0105ta\u0107 gramatyk\u0119 (wiem co m\u00f3wi\u0119, par\u0119 razy i mnie si\u0119 zdarzy\u0142o).Dobrze jest posiada\u0107 bogate s\u0142ownictwo \u2013 wtedy \u0142atwiej unikn\u0105\u0107 powt\u00f3rek.<br \/>\n<\/em><\/p>\n<p><strong>Pytanie 26: Jak wygl\u0105da Pani praca zwi\u0105zana z tworzeniem nowej ods\u0142ony programu <em>Usterka<\/em>?<\/strong><\/p>\n<p><em>\u201eUsterka\u201d to ju\u017c historia, kt\u00f3r\u0105 ca\u0142kiem sympatycznie b\u0119d\u0119 wspomina\u0107 (pewnie niekt\u00f3rzy fachowcy mniej). Teraz stoj\u0105 przede mn\u0105 nowe wyzwania. Ale dzi\u0119ki temu mam szans\u0119 na to, \u017ceby ci\u0105gle si\u0119 rozwija\u0107 i czego\u015b nauczy\u0107 \u2013\u00a0 brzmi troch\u0119 pretensjonalnie, wiem\u2026<\/em><\/p>\n<p>&nbsp;<\/p>\n<p>&nbsp;<\/p>\n<p><strong>Bardzo serdecznie dzi\u0119kujemy Pani Agnieszko za udzielenie odpowiedzi na nasze pytania. Pytania oraz odpowiedzi na nie zostan\u0105 podane do publicznej wiadomo\u015bci na Forum serwisu InteractiveWorld.pl, na kt\u00f3re uprzejmie Pani\u0105 zapraszamy! <\/strong><\/p>\n<p><strong>\u00a0<\/strong><\/p>\n<p>Administracja serwisu InteractiveWorld.pl<\/p>\n","protected":false},"excerpt":{"rendered":"<p>Witamy serdecznie Pani Agnieszko! Dzi\u0119kujemy, \u017ce zgodzi\u0142a si\u0119 Pani przeprowadzi\u0107 wywiad, specjalnie dla naszego serwisu &#8211; InteractiveWorld. Przypomnijmy: \u00a0Pani Agnieszka Wr\u00f3blewska prowadzi\u0142a teleturnieje interaktywne w stacji TVN od samego pocz\u0105tku, do samego ko\u0144ca. St\u0105d te\u017c nasze pytania w tym temacie i nie tylko \ud83d\ude42 . Prosimy o odpowied\u017a bezpo\u015brednio pod pytaniami: Pytanie 0: Czym obecnie<a href=\"https:\/\/serwis.interactiveworld.pl\/?page_id=3102\">&nbsp;&nbsp;[wi&#281;cej]<\/a><\/p>\n","protected":false},"author":1,"featured_media":0,"parent":0,"menu_order":0,"comment_status":"closed","ping_status":"closed","template":"","meta":{"footnotes":""},"class_list":["post-3102","page","type-page","status-publish","hentry"],"_links":{"self":[{"href":"https:\/\/serwis.interactiveworld.pl\/index.php?rest_route=\/wp\/v2\/pages\/3102","targetHints":{"allow":["GET"]}}],"collection":[{"href":"https:\/\/serwis.interactiveworld.pl\/index.php?rest_route=\/wp\/v2\/pages"}],"about":[{"href":"https:\/\/serwis.interactiveworld.pl\/index.php?rest_route=\/wp\/v2\/types\/page"}],"author":[{"embeddable":true,"href":"https:\/\/serwis.interactiveworld.pl\/index.php?rest_route=\/wp\/v2\/users\/1"}],"replies":[{"embeddable":true,"href":"https:\/\/serwis.interactiveworld.pl\/index.php?rest_route=%2Fwp%2Fv2%2Fcomments&post=3102"}],"version-history":[{"count":7,"href":"https:\/\/serwis.interactiveworld.pl\/index.php?rest_route=\/wp\/v2\/pages\/3102\/revisions"}],"predecessor-version":[{"id":3113,"href":"https:\/\/serwis.interactiveworld.pl\/index.php?rest_route=\/wp\/v2\/pages\/3102\/revisions\/3113"}],"wp:attachment":[{"href":"https:\/\/serwis.interactiveworld.pl\/index.php?rest_route=%2Fwp%2Fv2%2Fmedia&parent=3102"}],"curies":[{"name":"wp","href":"https:\/\/api.w.org\/{rel}","templated":true}]}}