{"id":3174,"date":"2014-12-17T23:40:33","date_gmt":"2014-12-17T22:40:33","guid":{"rendered":"http:\/\/serwis.interactiveworld.pl\/?page_id=3174"},"modified":"2018-01-02T20:42:01","modified_gmt":"2018-01-02T19:42:01","slug":"joanna-galka-walczykiewicz","status":"publish","type":"page","link":"https:\/\/serwis.interactiveworld.pl\/?page_id=3174","title":{"rendered":"Joanna Ga\u0142ka-Walczykiewicz"},"content":{"rendered":"<p><strong>Joanna Ga\u0142ka-Walczykiewicz<\/strong> &#8211; zadebiutowa\u0142a w lipcu 2014 r. w programie &#8222;\u0141owcy Nagr\u00f3d&#8221;<em>. <\/em>Prowadzi\u0142a r\u00f3wnie\u017c kilkana\u015bcie wyda\u0144 &#8222;Zagadkowej Wyspy&#8221;. Wcze\u015bniej pracowa\u0142a jako telefonistka w Telemedia InteracTV.<\/p>\n<p style=\"text-align: center;\"><img loading=\"lazy\" decoding=\"async\" class=\"aligncenter wp-image-3374 size-full\" title=\"Joanna Ga\u0142ka-Walczykiewicz\" src=\"https:\/\/serwis.interactiveworld.pl\/wp-content\/uploads\/2014\/12\/Asia-2.png\" alt=\"Joanna Ga\u0142ka-Walczykiewicz\" width=\"400\" height=\"250\" srcset=\"https:\/\/serwis.interactiveworld.pl\/wp-content\/uploads\/2014\/12\/Asia-2.png 400w, https:\/\/serwis.interactiveworld.pl\/wp-content\/uploads\/2014\/12\/Asia-2-300x188.png 300w\" sizes=\"auto, (max-width: 400px) 100vw, 400px\" \/><strong>Asia w programie &#8222;\u0141owcy Nagr\u00f3d&#8221;\u00a0<\/strong><\/p>\n<hr \/>\n<p style=\"text-align: center;\"><strong><img loading=\"lazy\" decoding=\"async\" class=\"aligncenter wp-image-3375 size-full\" title=\"Joanna Ga\u0142ka-Walczykiewicz\" src=\"https:\/\/serwis.interactiveworld.pl\/wp-content\/uploads\/2014\/12\/Asia-1.png\" alt=\"Joanna Ga\u0142ka-Walczykiewicz\" width=\"400\" height=\"250\" srcset=\"https:\/\/serwis.interactiveworld.pl\/wp-content\/uploads\/2014\/12\/Asia-1.png 400w, https:\/\/serwis.interactiveworld.pl\/wp-content\/uploads\/2014\/12\/Asia-1-300x188.png 300w\" sizes=\"auto, (max-width: 400px) 100vw, 400px\" \/>Asia w programie &#8222;Zagadkowa Wyspa&#8221;<\/strong><\/p>\n","protected":false},"excerpt":{"rendered":"<p>Joanna Ga\u0142ka-Walczykiewicz &#8211; zadebiutowa\u0142a w lipcu 2014 r. w programie &#8222;\u0141owcy Nagr\u00f3d&#8221;. Prowadzi\u0142a r\u00f3wnie\u017c kilkana\u015bcie wyda\u0144 &#8222;Zagadkowej Wyspy&#8221;. Wcze\u015bniej pracowa\u0142a jako telefonistka w Telemedia InteracTV. Asia w programie &#8222;\u0141owcy Nagr\u00f3d&#8221;\u00a0 Asia w programie &#8222;Zagadkowa Wyspa&#8221;<\/p>\n","protected":false},"author":1,"featured_media":0,"parent":0,"menu_order":0,"comment_status":"closed","ping_status":"closed","template":"","meta":{"footnotes":""},"class_list":["post-3174","page","type-page","status-publish","hentry"],"_links":{"self":[{"href":"https:\/\/serwis.interactiveworld.pl\/index.php?rest_route=\/wp\/v2\/pages\/3174","targetHints":{"allow":["GET"]}}],"collection":[{"href":"https:\/\/serwis.interactiveworld.pl\/index.php?rest_route=\/wp\/v2\/pages"}],"about":[{"href":"https:\/\/serwis.interactiveworld.pl\/index.php?rest_route=\/wp\/v2\/types\/page"}],"author":[{"embeddable":true,"href":"https:\/\/serwis.interactiveworld.pl\/index.php?rest_route=\/wp\/v2\/users\/1"}],"replies":[{"embeddable":true,"href":"https:\/\/serwis.interactiveworld.pl\/index.php?rest_route=%2Fwp%2Fv2%2Fcomments&post=3174"}],"version-history":[{"count":7,"href":"https:\/\/serwis.interactiveworld.pl\/index.php?rest_route=\/wp\/v2\/pages\/3174\/revisions"}],"predecessor-version":[{"id":6274,"href":"https:\/\/serwis.interactiveworld.pl\/index.php?rest_route=\/wp\/v2\/pages\/3174\/revisions\/6274"}],"wp:attachment":[{"href":"https:\/\/serwis.interactiveworld.pl\/index.php?rest_route=%2Fwp%2Fv2%2Fmedia&parent=3174"}],"curies":[{"name":"wp","href":"https:\/\/api.w.org\/{rel}","templated":true}]}}