{"id":3176,"date":"2014-12-17T23:40:52","date_gmt":"2014-12-17T22:40:52","guid":{"rendered":"http:\/\/serwis.interactiveworld.pl\/?page_id=3176"},"modified":"2019-08-03T15:06:28","modified_gmt":"2019-08-03T13:06:28","slug":"marcin-galka-walczykiewicz","status":"publish","type":"page","link":"https:\/\/serwis.interactiveworld.pl\/?page_id=3176","title":{"rendered":"Marcin Ga\u0142ka-Walczykiewicz"},"content":{"rendered":"<p><b>Marcin Ga\u0142ka-Walczykiewicz<\/b> &#8211; aktor, prezenter program\u00f3w interaktywnych. Swoj\u0105 przygod\u0119 z calltv rozpocz\u0105\u0142 w Telemedia InteracTV, gdzie prowadzi\u0142 <em>Wielk\u0105 Wygran\u0105 i Podr\u00f3\u017ce z zagadkami. W <\/em>2010r<em>.\u00a0<\/em>Marcin wr\u00f3ci\u0142 na W\u0119gry, aby prowadzi\u0107<em>\u00a0<em>Zagraj w Kabaret <\/em><\/em>dla TVP1. We wrze\u015bniu 2014r. powr\u00f3ci\u0142 na nasze ekrany jako prowadz\u0105cy\u00a0<em>Zagadkow\u0105 Wysp\u0119<\/em>, niestety nie by\u0142 z nami d\u0142ugo.<\/p>\n<p style=\"text-align: center;\"><img loading=\"lazy\" decoding=\"async\" class=\"aligncenter wp-image-5171\" title=\"Marcin Ga\u0142ka-Walczykiewicz - Podr\u00f3\u017ce z zagadkami\" src=\"https:\/\/serwis.interactiveworld.pl\/wp-content\/uploads\/2014\/12\/Marcin1.png\" alt=\"Marcin Ga\u0142ka-Walczykiewicz - Podr\u00f3\u017ce z zagadkami\" width=\"390\" height=\"304\" srcset=\"https:\/\/serwis.interactiveworld.pl\/wp-content\/uploads\/2014\/12\/Marcin1.png 610w, https:\/\/serwis.interactiveworld.pl\/wp-content\/uploads\/2014\/12\/Marcin1-300x234.png 300w\" sizes=\"auto, (max-width: 390px) 100vw, 390px\" \/><strong>Marcin w programie &#8222;Podr\u00f3\u017ce z zagadkami&#8221; \u00a0(TVP1) &#8211; 2007r.<\/strong><\/p>\n<hr \/>\n<p style=\"text-align: center;\"><strong><img loading=\"lazy\" decoding=\"async\" class=\"aligncenter wp-image-3289 size-full\" src=\"https:\/\/serwis.interactiveworld.pl\/wp-content\/uploads\/2014\/12\/ZWK.png\" alt=\"ZWK\" width=\"360\" height=\"288\" srcset=\"https:\/\/serwis.interactiveworld.pl\/wp-content\/uploads\/2014\/12\/ZWK.png 360w, https:\/\/serwis.interactiveworld.pl\/wp-content\/uploads\/2014\/12\/ZWK-300x240.png 300w\" sizes=\"auto, (max-width: 360px) 100vw, 360px\" \/>Marcin w programie &#8222;Zagraj w Kabaret&#8221; &#8211; 2010r.<\/strong><\/p>\n<hr \/>\n<p style=\"text-align: center;\"><img loading=\"lazy\" decoding=\"async\" class=\"aligncenter wp-image-5167\" title=\"Zagadkowa Wyspa - Green Hat Studios - Marcin Ga\u0142ka-Walczykiewicz\" src=\"https:\/\/serwis.interactiveworld.pl\/wp-content\/uploads\/2014\/12\/Marcin.png\" alt=\"Zagadkowa Wyspa - Green Hat Studios - Marcin Ga\u0142ka-Walczykiewicz\" width=\"450\" height=\"275\" srcset=\"https:\/\/serwis.interactiveworld.pl\/wp-content\/uploads\/2014\/12\/Marcin.png 900w, https:\/\/serwis.interactiveworld.pl\/wp-content\/uploads\/2014\/12\/Marcin-300x183.png 300w\" sizes=\"auto, (max-width: 450px) 100vw, 450px\" \/><strong>Marcin w programie &#8222;Zagadkowa Wyspa&#8221; &#8211; 2014r.<\/strong><\/p>\n","protected":false},"excerpt":{"rendered":"<p>Marcin Ga\u0142ka-Walczykiewicz &#8211; aktor, prezenter program\u00f3w interaktywnych. Swoj\u0105 przygod\u0119 z calltv rozpocz\u0105\u0142 w Telemedia InteracTV, gdzie prowadzi\u0142 Wielk\u0105 Wygran\u0105 i Podr\u00f3\u017ce z zagadkami. W 2010r.\u00a0Marcin wr\u00f3ci\u0142 na W\u0119gry, aby prowadzi\u0107\u00a0Zagraj w Kabaret dla TVP1. We wrze\u015bniu 2014r. powr\u00f3ci\u0142 na nasze ekrany jako prowadz\u0105cy\u00a0Zagadkow\u0105 Wysp\u0119, niestety nie by\u0142 z nami d\u0142ugo. Marcin w programie &#8222;Podr\u00f3\u017ce z<a href=\"https:\/\/serwis.interactiveworld.pl\/?page_id=3176\">&nbsp;&nbsp;[wi&#281;cej]<\/a><\/p>\n","protected":false},"author":1,"featured_media":0,"parent":0,"menu_order":0,"comment_status":"closed","ping_status":"closed","template":"","meta":{"footnotes":""},"class_list":["post-3176","page","type-page","status-publish","hentry"],"_links":{"self":[{"href":"https:\/\/serwis.interactiveworld.pl\/index.php?rest_route=\/wp\/v2\/pages\/3176","targetHints":{"allow":["GET"]}}],"collection":[{"href":"https:\/\/serwis.interactiveworld.pl\/index.php?rest_route=\/wp\/v2\/pages"}],"about":[{"href":"https:\/\/serwis.interactiveworld.pl\/index.php?rest_route=\/wp\/v2\/types\/page"}],"author":[{"embeddable":true,"href":"https:\/\/serwis.interactiveworld.pl\/index.php?rest_route=\/wp\/v2\/users\/1"}],"replies":[{"embeddable":true,"href":"https:\/\/serwis.interactiveworld.pl\/index.php?rest_route=%2Fwp%2Fv2%2Fcomments&post=3176"}],"version-history":[{"count":6,"href":"https:\/\/serwis.interactiveworld.pl\/index.php?rest_route=\/wp\/v2\/pages\/3176\/revisions"}],"predecessor-version":[{"id":6716,"href":"https:\/\/serwis.interactiveworld.pl\/index.php?rest_route=\/wp\/v2\/pages\/3176\/revisions\/6716"}],"wp:attachment":[{"href":"https:\/\/serwis.interactiveworld.pl\/index.php?rest_route=%2Fwp%2Fv2%2Fmedia&parent=3176"}],"curies":[{"name":"wp","href":"https:\/\/api.w.org\/{rel}","templated":true}]}}