{"id":330,"date":"2011-04-10T08:34:32","date_gmt":"2011-04-10T08:34:32","guid":{"rendered":"http:\/\/interactiveworld.cba.pl\/?page_id=330"},"modified":"2018-01-01T20:34:00","modified_gmt":"2018-01-01T19:34:00","slug":"magdalena-suzynowicz","status":"publish","type":"page","link":"https:\/\/serwis.interactiveworld.pl\/?page_id=330","title":{"rendered":"Magdalena Suzynowicz"},"content":{"rendered":"<p><strong>Magdalena Suzynowicz<\/strong> &#8211; prezenterka od 2006 r. Prowadzi\u0142a g\u0142\u00f3wnie nocne programy Telemedia InteracTV takie jak &#8222;Nocne igraszki&#8221;, &#8222;Kasa Gra&#8221; w TVN i TVN7, &#8222;Miasto zwyci\u0119zc\u00f3w&#8221; i &#8222;Nagroda gwarantowana&#8221; w telewizji Polsat oraz &#8222;Noc zagadek&#8221; w TVP2. Pojawia\u0142a si\u0119 tak\u017ce w teleturnieju \u201eL\u00fct a und gw\u00fcnn\u201d szwajcarskiej telewizji U1 TV.<\/p>\n<p><center><iframe loading=\"lazy\" src=\"https:\/\/www.youtube.com\/embed\/uttdMs4dayI\" width=\"420\" height=\"315\" frameborder=\"0\" allowfullscreen=\"allowfullscreen\"><\/iframe><\/center><center><strong>Magdalena Suzynowicz w programie\u00a0<em>Kasa Gra (2007r.)<\/em><\/strong><\/center><\/p>\n<hr \/>\n<p style=\"text-align: center;\"><img loading=\"lazy\" decoding=\"async\" class=\"aligncenter wp-image-3359 size-full\" title=\"Nocne Igraszki - Magdalena Syzynowicz\" src=\"https:\/\/serwis.interactiveworld.pl\/wp-content\/uploads\/2011\/04\/Nocne-Igraszki1.png\" alt=\"Nocne Igraszki - Magdalena Syzynowicz\" width=\"409\" height=\"306\" srcset=\"https:\/\/serwis.interactiveworld.pl\/wp-content\/uploads\/2011\/04\/Nocne-Igraszki1.png 409w, https:\/\/serwis.interactiveworld.pl\/wp-content\/uploads\/2011\/04\/Nocne-Igraszki1-300x224.png 300w, https:\/\/serwis.interactiveworld.pl\/wp-content\/uploads\/2011\/04\/Nocne-Igraszki1-80x60.png 80w\" sizes=\"auto, (max-width: 409px) 100vw, 409px\" \/><strong>Magdalena Suzynowicz w &#8222;Nocnych Igraszkach&#8221; (2007r.)<\/strong><\/p>\n<hr \/>\n<p style=\"text-align: center;\"><img loading=\"lazy\" decoding=\"async\" class=\"aligncenter wp-image-3360 size-full\" title=\"Nagroda Gwarantowana - Magdalena Syzynowicz\" src=\"https:\/\/serwis.interactiveworld.pl\/wp-content\/uploads\/2011\/04\/Nagroda-Gwrantowana.jpg\" alt=\"Nagroda Gwarantowana - Magdalena Syzynowicz\" width=\"409\" height=\"306\" srcset=\"https:\/\/serwis.interactiveworld.pl\/wp-content\/uploads\/2011\/04\/Nagroda-Gwrantowana.jpg 409w, https:\/\/serwis.interactiveworld.pl\/wp-content\/uploads\/2011\/04\/Nagroda-Gwrantowana-300x224.jpg 300w, https:\/\/serwis.interactiveworld.pl\/wp-content\/uploads\/2011\/04\/Nagroda-Gwrantowana-80x60.jpg 80w\" sizes=\"auto, (max-width: 409px) 100vw, 409px\" \/><strong>Magdalena Suzynowicz w programie &#8222;Nagroda Gwarantowana&#8221; (2008r.)<\/strong><\/p>\n<hr \/>\n<p><center><iframe loading=\"lazy\" src=\"https:\/\/www.youtube.com\/embed\/CLI2n6uxsTY\" width=\"420\" height=\"315\" frameborder=\"0\" allowfullscreen=\"allowfullscreen\"><\/iframe><\/center><center><strong>Magdalena Suzynowicz w programie\u00a0<em>Miasto zwyci\u0119zc\u00f3w (2008r.)<\/em><\/strong><\/center><\/p>\n<hr \/>\n<p><center><iframe loading=\"lazy\" src=\"https:\/\/www.youtube.com\/embed\/ZxecLRP60Kk\" width=\"409\" height=\"306\" frameborder=\"0\" allowfullscreen=\"allowfullscreen\"><\/iframe><\/center><center><strong>Magdalena Suzynowicz w programie\u00a0<em>Noc Zagadek\u00a0<\/em>(2008r.)<\/strong><\/center><\/p>\n","protected":false},"excerpt":{"rendered":"<p>Magdalena Suzynowicz &#8211; prezenterka od 2006 r. Prowadzi\u0142a g\u0142\u00f3wnie nocne programy Telemedia InteracTV takie jak &#8222;Nocne igraszki&#8221;, &#8222;Kasa Gra&#8221; w TVN i TVN7, &#8222;Miasto zwyci\u0119zc\u00f3w&#8221; i &#8222;Nagroda gwarantowana&#8221; w telewizji Polsat oraz &#8222;Noc zagadek&#8221; w TVP2. Pojawia\u0142a si\u0119 tak\u017ce w teleturnieju \u201eL\u00fct a und gw\u00fcnn\u201d szwajcarskiej telewizji U1 TV. Magdalena Suzynowicz w programie\u00a0Kasa Gra (2007r.)<a href=\"https:\/\/serwis.interactiveworld.pl\/?page_id=330\">&nbsp;&nbsp;[wi&#281;cej]<\/a><\/p>\n","protected":false},"author":1,"featured_media":0,"parent":0,"menu_order":0,"comment_status":"open","ping_status":"open","template":"","meta":{"footnotes":""},"class_list":["post-330","page","type-page","status-publish","hentry"],"_links":{"self":[{"href":"https:\/\/serwis.interactiveworld.pl\/index.php?rest_route=\/wp\/v2\/pages\/330","targetHints":{"allow":["GET"]}}],"collection":[{"href":"https:\/\/serwis.interactiveworld.pl\/index.php?rest_route=\/wp\/v2\/pages"}],"about":[{"href":"https:\/\/serwis.interactiveworld.pl\/index.php?rest_route=\/wp\/v2\/types\/page"}],"author":[{"embeddable":true,"href":"https:\/\/serwis.interactiveworld.pl\/index.php?rest_route=\/wp\/v2\/users\/1"}],"replies":[{"embeddable":true,"href":"https:\/\/serwis.interactiveworld.pl\/index.php?rest_route=%2Fwp%2Fv2%2Fcomments&post=330"}],"version-history":[{"count":12,"href":"https:\/\/serwis.interactiveworld.pl\/index.php?rest_route=\/wp\/v2\/pages\/330\/revisions"}],"predecessor-version":[{"id":6265,"href":"https:\/\/serwis.interactiveworld.pl\/index.php?rest_route=\/wp\/v2\/pages\/330\/revisions\/6265"}],"wp:attachment":[{"href":"https:\/\/serwis.interactiveworld.pl\/index.php?rest_route=%2Fwp%2Fv2%2Fmedia&parent=330"}],"curies":[{"name":"wp","href":"https:\/\/api.w.org\/{rel}","templated":true}]}}