{"id":341,"date":"2011-04-12T08:39:45","date_gmt":"2011-04-12T08:39:45","guid":{"rendered":"http:\/\/interactiveworld.cba.pl\/?page_id=341"},"modified":"2019-02-21T21:15:41","modified_gmt":"2019-02-21T20:15:41","slug":"tvn-gra","status":"publish","type":"page","link":"https:\/\/serwis.interactiveworld.pl\/?page_id=341","title":{"rendered":"TVN Gra"},"content":{"rendered":"<p><img loading=\"lazy\" decoding=\"async\" class=\"aligncenter\" src=\"http:\/\/pl.kingofsat.net\/jpg\/tvn-gra.jpg\" alt=\"\" width=\"335\" height=\"252\" \/><\/p>\n<p><em><strong>TVN Gra<\/strong><\/em> \u2013 tematyczny kana\u0142 telewizyjny <em>Grupy ITI<\/em>, kt\u00f3ry wystartowa\u0142 3 pa\u017adziernika 2005 roku (\u00f3sme urodziny <em>TVN<\/em>), a zako\u0144czy\u0142 emisj\u0119 31 maja 2008 roku o godzinie 22:57. Szefem <em>TVN Gra<\/em> by\u0142a Ma\u0142gorzata Gratys. Od zako\u0144czenia emisji <em>TVN Gra<\/em> do sierpnia 2008 roku na falach tej stacji emitowa\u0142 program <em>Mango 24<\/em>.<\/p>\n<p>W telewizji <em>TVN Gra<\/em> by\u0142y emitowane przede wszystkim teleturnieje interaktywne. Opr\u00f3cz program\u00f3w produkowanych w krakowskiej siedzibie <em>TVN<\/em>, nadawane by\u0142y programy na licencji<em> Telemedia Interac TV<\/em>\u00a0(nadawane na \u017cywo ze studi\u00f3w w Budapeszcie). Jednak 1 stycznia 2008 roku <em>TVN<\/em> zako\u0144czy\u0142a wsp\u00f3\u0142prac\u0119 z firm\u0105 <em>Telemedia Interac TV<\/em>.<\/p>\n<p>Koszt powstania stacji <em>TVN Gra<\/em> wyni\u00f3s\u0142 oko\u0142o 5-6 milion\u00f3w z\u0142otych a w za\u0142o\u017ceniu inwestycja mia\u0142a si\u0119 zwr\u00f3ci\u0107 po oko\u0142o dw\u00f3ch latach. Wi\u0119kszo\u015b\u0107 program\u00f3w by\u0142a nadawanych z krakowskich studi\u00f3w <em>TVN<\/em> (nale\u017c\u0105cych niegdy\u015b do <em>Telewizji Wis\u0142a<\/em>).<\/p>\n<p>W lutym<em> TVN<\/em> z\u0142o\u017cy\u0142a wniosek do <em>KRRiT<\/em> o cofni\u0119ciu koncesji na nadawanie tego kana\u0142u, obowi\u0105zuj\u0105cej do pa\u017adziernika 2015 roku. Powodem zamkni\u0119cia stacji jest zbyt niska ogl\u0105dalno\u015b\u0107 i nieosi\u0105gni\u0119ta rentowno\u015b\u0107 kana\u0142u. 27 lutego 2008 roku <em>KRRiT<\/em> uchyli\u0142a koncesj\u0119. Zamkni\u0119cie stacji musia\u0142o nast\u0105pi\u0107 po uprawomocnieniu si\u0119 decyzji o cofni\u0119ciu koncesji. Oficjalnie Aleksandra Majcherek \u2013 prezenterka <em>TVN Gra<\/em> potwierdzi\u0142a dat\u0119 zako\u0144czenia emisji <em>TVN Gra<\/em> w programie &#8222;Wy\u015bcig po kas\u0119&#8221;. Poinformowa\u0142a, \u017ce <em>TVN Gra<\/em> b\u0119dzie nadawa\u0107 do 31 maja 2008 roku.<\/p>\n<p>Pierwszym nadanym programem by\u0142 interaktywny teleturniej &#8222;Wykr\u0119\u0107 numer&#8221; &#8211; jego gospodyni\u0105 by\u0142a Anna Lerczak. <em>TVN Gra<\/em> wci\u0105gu swojej emisji nada\u0142a 37 r\u00f3\u017cnych program\u00f3w interaktywnych (w tym programy nadawane w <em>TVN<\/em>, <em>TVN7<\/em>, <em>TVN Meteo<\/em>, <em>TVN Turbo<\/em> oraz audycja produkowana na zlecenie <em>Polonii1<\/em>) i zatrudni\u0142a 33 prezenter\u00f3w (w tym 13 zatrudnionych w <em>Telemedia Interac TV<\/em> oraz 8 wr\u00f3\u017cek).<br \/>\nJednymi z pierwszych program\u00f3w nadawanych w <em>TVN Gra<\/em> by\u0142y: &#8222;Diablo&amp;Angelo&#8221;, &#8222;Music chat&#8221;, &#8222;Eros TV&#8221;, &#8222;Wykr\u0119\u0107 numer&#8221;, &#8222;Graj o raj&#8221;, &#8222;Misja specjalna&#8221;, &#8222;Fotogra&#8221;, &#8222;Szybki numerek&#8221;, &#8222;Rozbij bank&#8221;, &#8222;Seans filmowy&#8221;, &#8222;Kasa gra&#8221; i &#8222;Wieczorne igraszki&#8221;. Niestety wiele pozycji z ram\u00f3wki znik\u0142o bardzo szybko. Najd\u0142u\u017cszej nadawanymi programami by\u0142a &#8222;Kasa gra&#8221; &#8211; kt\u00f3r\u0105 widzowie mogli ogl\u0105da\u0107\u00a0od 3 pa\u017adziernika 2005 roku do 31 grudnia 2007 roku, oraz &#8222;Seans filmowy&#8221; &#8211; kt\u00f3ry by\u0142 emitowany od 3 pa\u017adziernika 2005 roku do 31 stycznia\u00a02008 roku).<\/p>\n<p style=\"text-align: center;\"><strong>Programy w stacji TVN <em>Gra<\/em>:<\/strong><\/p>\n<p style=\"text-align: center;\"><em>Eros TV<\/em><br \/>\n<em>Fabryka gry<\/em><br \/>\n<em>Fotogra<\/em><br \/>\n<em>Garitto<\/em><br \/>\n<em>Hej-na\u0142 show<\/em><br \/>\n<em>Kasa gra<\/em><br \/>\n<em>Kryminalne zagadki<\/em><br \/>\n<em>Laski na czacie<\/em><br \/>\n<em>\u0141amis\u0142\u00f3wka<\/em><br \/>\n<em>Mania grania<\/em><br \/>\n<em>Music chat<\/em><br \/>\n<em>No to, gramy!<\/em><br \/>\n<em>Nocne igraszki<\/em><br \/>\n<em>Rozbij bank<\/em><br \/>\n<em>Salon gier<\/em><br \/>\n<em>Seans filmowy<\/em><br \/>\n<em>Stra\u017cnik kasy<\/em><br \/>\n<em>Superkonkurs<\/em><br \/>\n<em>Szybki numerek<\/em><br \/>\n<em>\u015awi\u0119ty Walenty rozdaje prezenty<\/em><br \/>\n<em>Turbo granie<\/em><br \/>\n<em>Zabawa od kuchni<\/em><br \/>\n<em>Wieczorne igraszki<\/em><br \/>\n<em>Wiecz\u00f3r wr\u00f3\u017cb<\/em><br \/>\n<em>Wrzu\u0107 na luz<\/em><br \/>\n<em>Wykr\u0119\u0107 numer<\/em><br \/>\n<em>Wy\u015bcig po kas\u0119<\/em><\/p>\n<p style=\"text-align: center;\"><object width=\"480\" height=\"390\"><param name=\"movie\" value=\"http:\/\/www.youtube.com\/v\/nEAObm28hzw?fs=1&amp;hl=pl_PL\" \/><param name=\"allowFullScreen\" value=\"true\" \/><param name=\"allowscriptaccess\" value=\"always\" \/><embed src=\"http:\/\/www.youtube.com\/v\/nEAObm28hzw?fs=1&amp;hl=pl_PL\" type=\"application\/x-shockwave-flash\" allowscriptaccess=\"always\" allowfullscreen=\"allowfullscreen\" width=\"480\" height=\"390\" \/><\/object><\/p>\n<p style=\"text-align: center;\"><strong>Drugie urodziny kana\u0142u <em>TVN Gra<\/em> &#8211; program &#8222;Kryminalne zagadki&#8221;<\/strong><\/p>\n<p style=\"text-align: center;\"><object width=\"480\" height=\"390\"><param name=\"movie\" value=\"http:\/\/www.youtube.com\/v\/wPvEfjC1xSY?fs=1&amp;hl=pl_PL\" \/><param name=\"allowFullScreen\" value=\"true\" \/><param name=\"allowscriptaccess\" value=\"always\" \/><embed src=\"http:\/\/www.youtube.com\/v\/wPvEfjC1xSY?fs=1&amp;hl=pl_PL\" type=\"application\/x-shockwave-flash\" allowscriptaccess=\"always\" allowfullscreen=\"allowfullscreen\" width=\"480\" height=\"390\" \/><\/object><\/p>\n<p style=\"text-align: center;\"><strong><em>Hej-na\u0142 show<\/em> prowadzony przez Patrycj\u0119 Tomaszczyk<\/strong><\/p>\n","protected":false},"excerpt":{"rendered":"<p>TVN Gra \u2013 tematyczny kana\u0142 telewizyjny Grupy ITI, kt\u00f3ry wystartowa\u0142 3 pa\u017adziernika 2005 roku (\u00f3sme urodziny TVN), a zako\u0144czy\u0142 emisj\u0119 31 maja 2008 roku o godzinie 22:57. Szefem TVN Gra by\u0142a Ma\u0142gorzata Gratys. Od zako\u0144czenia emisji TVN Gra do sierpnia 2008 roku na falach tej stacji emitowa\u0142 program Mango 24. W telewizji TVN Gra by\u0142y<a href=\"https:\/\/serwis.interactiveworld.pl\/?page_id=341\">&nbsp;&nbsp;[wi&#281;cej]<\/a><\/p>\n","protected":false},"author":1,"featured_media":0,"parent":0,"menu_order":0,"comment_status":"open","ping_status":"open","template":"","meta":{"footnotes":""},"class_list":["post-341","page","type-page","status-publish","hentry"],"_links":{"self":[{"href":"https:\/\/serwis.interactiveworld.pl\/index.php?rest_route=\/wp\/v2\/pages\/341","targetHints":{"allow":["GET"]}}],"collection":[{"href":"https:\/\/serwis.interactiveworld.pl\/index.php?rest_route=\/wp\/v2\/pages"}],"about":[{"href":"https:\/\/serwis.interactiveworld.pl\/index.php?rest_route=\/wp\/v2\/types\/page"}],"author":[{"embeddable":true,"href":"https:\/\/serwis.interactiveworld.pl\/index.php?rest_route=\/wp\/v2\/users\/1"}],"replies":[{"embeddable":true,"href":"https:\/\/serwis.interactiveworld.pl\/index.php?rest_route=%2Fwp%2Fv2%2Fcomments&post=341"}],"version-history":[{"count":3,"href":"https:\/\/serwis.interactiveworld.pl\/index.php?rest_route=\/wp\/v2\/pages\/341\/revisions"}],"predecessor-version":[{"id":6597,"href":"https:\/\/serwis.interactiveworld.pl\/index.php?rest_route=\/wp\/v2\/pages\/341\/revisions\/6597"}],"wp:attachment":[{"href":"https:\/\/serwis.interactiveworld.pl\/index.php?rest_route=%2Fwp%2Fv2%2Fmedia&parent=341"}],"curies":[{"name":"wp","href":"https:\/\/api.w.org\/{rel}","templated":true}]}}