{"id":3454,"date":"2015-02-03T11:55:07","date_gmt":"2015-02-03T10:55:07","guid":{"rendered":"http:\/\/serwis.interactiveworld.pl\/?page_id=3454"},"modified":"2018-01-01T21:33:09","modified_gmt":"2018-01-01T20:33:09","slug":"ewa-tulacz","status":"publish","type":"page","link":"https:\/\/serwis.interactiveworld.pl\/?page_id=3454","title":{"rendered":"Ewa Tu\u0142acz"},"content":{"rendered":"<div align=\"justify\"><b>Ewa Tu\u0142acz <\/b>&#8211; prezenterka od 2007 r. Zadebiutowa\u0142a w Telemedia InteracTV prowadz\u0105c program &#8222;Nagroda Gwarantowana&#8221; w telewizji Polsat. P\u00f3\u017aniej zosta\u0142a gospodyni\u0105 &#8222;Wielkiej Wygranej&#8221;, a nast\u0119pnie &#8222;Fortuny Wiedzy&#8221; i &#8222;Zagadkowej Nocy&#8221;. W 2010 r. zako\u0144czy\u0142a wsp\u00f3\u0142prac\u0119 z w\u0119giersk\u0105 firm\u0105 i w tym samym roku zacz\u0119\u0142a pojawia\u0107 si\u0119 w programach Green Hat Studios. Prowadzi\u0142a &#8222;Dziewczyny z Fortun\u0105&#8221; w TV4, a nast\u0119pnie w telewizji Polsat i Superstacji oraz &#8222;\u0141owcy Nagr\u00f3d&#8221; i &#8222;Zagadkow\u0105 Wysp\u0119&#8221; w Polonii1 i Tele5.<\/div>\n<div style=\"text-align: center;\" align=\"justify\">\n<p><img loading=\"lazy\" decoding=\"async\" class=\"aligncenter wp-image-3458 size-full\" title=\"Ewa Tu\u0142acz - EuroSms2008 News\" src=\"https:\/\/serwis.interactiveworld.pl\/wp-content\/uploads\/2015\/02\/Eurosms2008.png\" alt=\"Eurosms2008\" width=\"409\" height=\"306\" srcset=\"https:\/\/serwis.interactiveworld.pl\/wp-content\/uploads\/2015\/02\/Eurosms2008.png 409w, https:\/\/serwis.interactiveworld.pl\/wp-content\/uploads\/2015\/02\/Eurosms2008-300x224.png 300w, https:\/\/serwis.interactiveworld.pl\/wp-content\/uploads\/2015\/02\/Eurosms2008-80x60.png 80w\" sizes=\"auto, (max-width: 409px) 100vw, 409px\" \/><strong><strong>Ewa Tu\u0142acz w reklamie &#8222;EuroSms2008&#8221; &#8211; 2008r.<\/strong><\/strong><\/p>\n<hr \/>\n<p><img loading=\"lazy\" decoding=\"async\" class=\"aligncenter wp-image-3459 size-full\" title=\"Ewa Tu\u0142acz - Nagroda Gwrantowana\" src=\"https:\/\/serwis.interactiveworld.pl\/wp-content\/uploads\/2015\/02\/Ewa-Tu\u0142acz-Nagroda-Gwrantowana.png\" alt=\"Ewa Tu\u0142acz - Nagroda Gwrantowana\" width=\"409\" height=\"306\" srcset=\"https:\/\/serwis.interactiveworld.pl\/wp-content\/uploads\/2015\/02\/Ewa-Tu\u0142acz-Nagroda-Gwrantowana.png 409w, https:\/\/serwis.interactiveworld.pl\/wp-content\/uploads\/2015\/02\/Ewa-Tu\u0142acz-Nagroda-Gwrantowana-300x224.png 300w, https:\/\/serwis.interactiveworld.pl\/wp-content\/uploads\/2015\/02\/Ewa-Tu\u0142acz-Nagroda-Gwrantowana-80x60.png 80w\" sizes=\"auto, (max-width: 409px) 100vw, 409px\" \/><strong>Ewa w nocnym programie &#8222;Nagroda Gwarantowana&#8221; &#8211; 2009r.<\/strong><\/p>\n<hr \/>\n<p><strong><img loading=\"lazy\" decoding=\"async\" class=\"aligncenter wp-image-3461 size-full\" title=\"Ewa Tu\u0142acz - Wygraj Teraz\" src=\"https:\/\/serwis.interactiveworld.pl\/wp-content\/uploads\/2015\/02\/Ewa-Tu\u0142acz-Wygraj-Teraz.png\" alt=\"Ewa Tu\u0142acz - Wygraj Teraz\" width=\"409\" height=\"306\" srcset=\"https:\/\/serwis.interactiveworld.pl\/wp-content\/uploads\/2015\/02\/Ewa-Tu\u0142acz-Wygraj-Teraz.png 409w, https:\/\/serwis.interactiveworld.pl\/wp-content\/uploads\/2015\/02\/Ewa-Tu\u0142acz-Wygraj-Teraz-300x224.png 300w, https:\/\/serwis.interactiveworld.pl\/wp-content\/uploads\/2015\/02\/Ewa-Tu\u0142acz-Wygraj-Teraz-80x60.png 80w\" sizes=\"auto, (max-width: 409px) 100vw, 409px\" \/>Ewa Tu\u0142acz w programie &#8222;Wygraj Teraz&#8221; &#8211; 2009r.<\/strong><\/p>\n<hr \/>\n<p><strong><img loading=\"lazy\" decoding=\"async\" class=\"aligncenter wp-image-3462 size-full\" title=\"Ewa Tu\u0142acz - Wielka Wygrana\" src=\"https:\/\/serwis.interactiveworld.pl\/wp-content\/uploads\/2015\/02\/Ewa-Tu\u0142acz-Wielka-Wygrana.png\" alt=\"Ewa Tu\u0142acz - Wielka Wygrana\" width=\"409\" height=\"306\" srcset=\"https:\/\/serwis.interactiveworld.pl\/wp-content\/uploads\/2015\/02\/Ewa-Tu\u0142acz-Wielka-Wygrana.png 409w, https:\/\/serwis.interactiveworld.pl\/wp-content\/uploads\/2015\/02\/Ewa-Tu\u0142acz-Wielka-Wygrana-300x224.png 300w, https:\/\/serwis.interactiveworld.pl\/wp-content\/uploads\/2015\/02\/Ewa-Tu\u0142acz-Wielka-Wygrana-80x60.png 80w\" sizes=\"auto, (max-width: 409px) 100vw, 409px\" \/>Ewa Tu\u0142acz w programie &#8222;Wielka Wygrana&#8221; &#8211; 2009r.<\/strong><\/p>\n<hr \/>\n<p><img loading=\"lazy\" decoding=\"async\" class=\"aligncenter wp-image-3463 size-full\" title=\"Ewa Tu\u0142acz - Zagadkowa Noc - TITV\" src=\"https:\/\/serwis.interactiveworld.pl\/wp-content\/uploads\/2015\/02\/Ewa-Tu\u0142acz-zagadkow-a-noc.png\" alt=\"Ewa Tu\u0142acz - Zagadkowa Noc - TITV\" width=\"409\" height=\"306\" srcset=\"https:\/\/serwis.interactiveworld.pl\/wp-content\/uploads\/2015\/02\/Ewa-Tu\u0142acz-zagadkow-a-noc.png 409w, https:\/\/serwis.interactiveworld.pl\/wp-content\/uploads\/2015\/02\/Ewa-Tu\u0142acz-zagadkow-a-noc-300x224.png 300w, https:\/\/serwis.interactiveworld.pl\/wp-content\/uploads\/2015\/02\/Ewa-Tu\u0142acz-zagadkow-a-noc-80x60.png 80w\" sizes=\"auto, (max-width: 409px) 100vw, 409px\" \/><strong>Ewa Tu\u0142acz w programie &#8222;Zagadkowa Noc&#8221; &#8211; 2010r.<\/strong><\/p>\n<hr \/>\n<p><strong><img loading=\"lazy\" decoding=\"async\" class=\"aligncenter wp-image-3464 size-full\" title=\"Ewa Tu\u0142acz - Fortuna Wiedzy\" src=\"https:\/\/serwis.interactiveworld.pl\/wp-content\/uploads\/2015\/02\/Ewa-Tu\u0142acz-Fortuna-Wiedzy.png\" alt=\"Ewa Tu\u0142acz - Fortuna Wiedzy\" width=\"409\" height=\"306\" srcset=\"https:\/\/serwis.interactiveworld.pl\/wp-content\/uploads\/2015\/02\/Ewa-Tu\u0142acz-Fortuna-Wiedzy.png 409w, https:\/\/serwis.interactiveworld.pl\/wp-content\/uploads\/2015\/02\/Ewa-Tu\u0142acz-Fortuna-Wiedzy-300x224.png 300w, https:\/\/serwis.interactiveworld.pl\/wp-content\/uploads\/2015\/02\/Ewa-Tu\u0142acz-Fortuna-Wiedzy-80x60.png 80w\" sizes=\"auto, (max-width: 409px) 100vw, 409px\" \/>Ewa Tu\u0142acz w programie &#8222;Fortuna Wiedzy&#8221; &#8211; 2010r.<\/strong><\/p>\n<hr \/>\n<p><strong><img loading=\"lazy\" decoding=\"async\" class=\"aligncenter wp-image-3465 size-full\" title=\"Ewa Tu\u0142acz - Rusz G\u0142ow\u0105\" src=\"https:\/\/serwis.interactiveworld.pl\/wp-content\/uploads\/2015\/02\/Ewa-Tu\u0142acz-Rusz-G\u0142ow\u0105.png\" alt=\"Ewa Tu\u0142acz - Rusz G\u0142ow\u0105\" width=\"409\" height=\"306\" srcset=\"https:\/\/serwis.interactiveworld.pl\/wp-content\/uploads\/2015\/02\/Ewa-Tu\u0142acz-Rusz-G\u0142ow\u0105.png 409w, https:\/\/serwis.interactiveworld.pl\/wp-content\/uploads\/2015\/02\/Ewa-Tu\u0142acz-Rusz-G\u0142ow\u0105-300x224.png 300w, https:\/\/serwis.interactiveworld.pl\/wp-content\/uploads\/2015\/02\/Ewa-Tu\u0142acz-Rusz-G\u0142ow\u0105-80x60.png 80w\" sizes=\"auto, (max-width: 409px) 100vw, 409px\" \/>Ewa Tu\u0142acz w programie &#8222;Rusz G\u0142ow\u0105&#8221; &#8211; 2010r.<\/strong><\/p>\n<hr \/>\n<p><strong><img loading=\"lazy\" decoding=\"async\" class=\"aligncenter wp-image-3466 size-full\" title=\"Ewa Tu\u0142acz \" src=\"https:\/\/serwis.interactiveworld.pl\/wp-content\/uploads\/2015\/02\/Ewa-Tu\u0142acz-DZF.png\" alt=\"Ewa Tu\u0142acz \" width=\"409\" height=\"306\" srcset=\"https:\/\/serwis.interactiveworld.pl\/wp-content\/uploads\/2015\/02\/Ewa-Tu\u0142acz-DZF.png 409w, https:\/\/serwis.interactiveworld.pl\/wp-content\/uploads\/2015\/02\/Ewa-Tu\u0142acz-DZF-300x224.png 300w, https:\/\/serwis.interactiveworld.pl\/wp-content\/uploads\/2015\/02\/Ewa-Tu\u0142acz-DZF-80x60.png 80w\" sizes=\"auto, (max-width: 409px) 100vw, 409px\" \/>Ewa na antenie TV4 w programie &#8222;Dziewczyny z fortun\u0105&#8221; &#8211; 2010r.<\/strong><\/p>\n<hr \/>\n<p><strong><img loading=\"lazy\" decoding=\"async\" class=\"aligncenter wp-image-3467 size-full\" title=\"Ewa Tu\u0142acz - Zagadkowa Noc\" src=\"https:\/\/serwis.interactiveworld.pl\/wp-content\/uploads\/2015\/02\/Ewa-Tu\u0142acz-Zagadkowa-Noc.png\" alt=\"Ewa Tu\u0142acz - Zagadkowa Noc\" width=\"409\" height=\"306\" srcset=\"https:\/\/serwis.interactiveworld.pl\/wp-content\/uploads\/2015\/02\/Ewa-Tu\u0142acz-Zagadkowa-Noc.png 409w, https:\/\/serwis.interactiveworld.pl\/wp-content\/uploads\/2015\/02\/Ewa-Tu\u0142acz-Zagadkowa-Noc-300x224.png 300w, https:\/\/serwis.interactiveworld.pl\/wp-content\/uploads\/2015\/02\/Ewa-Tu\u0142acz-Zagadkowa-Noc-80x60.png 80w\" sizes=\"auto, (max-width: 409px) 100vw, 409px\" \/>Ewa Tu\u0142acz w programie &#8222;Zagadkowa Noc&#8221; &#8211; 2012r.<\/strong><\/p>\n<hr \/>\n<p><strong><img loading=\"lazy\" decoding=\"async\" class=\"aligncenter wp-image-3468 size-full\" title=\"Ewa Tu\u0142acz \" src=\"https:\/\/serwis.interactiveworld.pl\/wp-content\/uploads\/2015\/02\/Ewa-Tu\u0142acz-DZF-2.png\" alt=\"Ewa Tu\u0142acz \" width=\"409\" height=\"306\" srcset=\"https:\/\/serwis.interactiveworld.pl\/wp-content\/uploads\/2015\/02\/Ewa-Tu\u0142acz-DZF-2.png 409w, https:\/\/serwis.interactiveworld.pl\/wp-content\/uploads\/2015\/02\/Ewa-Tu\u0142acz-DZF-2-300x224.png 300w, https:\/\/serwis.interactiveworld.pl\/wp-content\/uploads\/2015\/02\/Ewa-Tu\u0142acz-DZF-2-80x60.png 80w\" sizes=\"auto, (max-width: 409px) 100vw, 409px\" \/>Ewa w programie &#8222;Dziewczyny z fortun\u0105&#8221; na antenie Polsatu &#8211; 2013r.\u00a0<\/strong><\/p>\n<hr \/>\n<p><strong><img loading=\"lazy\" decoding=\"async\" class=\"aligncenter wp-image-3469 size-full\" title=\"\u0141owcy nagr\u00f3d\" src=\"https:\/\/serwis.interactiveworld.pl\/wp-content\/uploads\/2015\/02\/\u0141ocy-nagr\u00f3d.png\" alt=\"\u0141owcy nagr\u00f3d\" width=\"409\" height=\"306\" srcset=\"https:\/\/serwis.interactiveworld.pl\/wp-content\/uploads\/2015\/02\/\u0141ocy-nagr\u00f3d.png 409w, https:\/\/serwis.interactiveworld.pl\/wp-content\/uploads\/2015\/02\/\u0141ocy-nagr\u00f3d-300x224.png 300w, https:\/\/serwis.interactiveworld.pl\/wp-content\/uploads\/2015\/02\/\u0141ocy-nagr\u00f3d-80x60.png 80w\" sizes=\"auto, (max-width: 409px) 100vw, 409px\" \/>Ewa w programie &#8222;\u0141owcy Nagr\u00f3d&#8221; na kanale Polonia1 &#8211; 2013r.<\/strong><\/p>\n<\/div>\n","protected":false},"excerpt":{"rendered":"<p>Ewa Tu\u0142acz &#8211; prezenterka od 2007 r. Zadebiutowa\u0142a w Telemedia InteracTV prowadz\u0105c program &#8222;Nagroda Gwarantowana&#8221; w telewizji Polsat. P\u00f3\u017aniej zosta\u0142a gospodyni\u0105 &#8222;Wielkiej Wygranej&#8221;, a nast\u0119pnie &#8222;Fortuny Wiedzy&#8221; i &#8222;Zagadkowej Nocy&#8221;. W 2010 r. zako\u0144czy\u0142a wsp\u00f3\u0142prac\u0119 z w\u0119giersk\u0105 firm\u0105 i w tym samym roku zacz\u0119\u0142a pojawia\u0107 si\u0119 w programach Green Hat Studios. Prowadzi\u0142a &#8222;Dziewczyny z Fortun\u0105&#8221;<a href=\"https:\/\/serwis.interactiveworld.pl\/?page_id=3454\">&nbsp;&nbsp;[wi&#281;cej]<\/a><\/p>\n","protected":false},"author":6,"featured_media":0,"parent":0,"menu_order":0,"comment_status":"closed","ping_status":"closed","template":"","meta":{"footnotes":""},"class_list":["post-3454","page","type-page","status-publish","hentry"],"_links":{"self":[{"href":"https:\/\/serwis.interactiveworld.pl\/index.php?rest_route=\/wp\/v2\/pages\/3454","targetHints":{"allow":["GET"]}}],"collection":[{"href":"https:\/\/serwis.interactiveworld.pl\/index.php?rest_route=\/wp\/v2\/pages"}],"about":[{"href":"https:\/\/serwis.interactiveworld.pl\/index.php?rest_route=\/wp\/v2\/types\/page"}],"author":[{"embeddable":true,"href":"https:\/\/serwis.interactiveworld.pl\/index.php?rest_route=\/wp\/v2\/users\/6"}],"replies":[{"embeddable":true,"href":"https:\/\/serwis.interactiveworld.pl\/index.php?rest_route=%2Fwp%2Fv2%2Fcomments&post=3454"}],"version-history":[{"count":9,"href":"https:\/\/serwis.interactiveworld.pl\/index.php?rest_route=\/wp\/v2\/pages\/3454\/revisions"}],"predecessor-version":[{"id":6271,"href":"https:\/\/serwis.interactiveworld.pl\/index.php?rest_route=\/wp\/v2\/pages\/3454\/revisions\/6271"}],"wp:attachment":[{"href":"https:\/\/serwis.interactiveworld.pl\/index.php?rest_route=%2Fwp%2Fv2%2Fmedia&parent=3454"}],"curies":[{"name":"wp","href":"https:\/\/api.w.org\/{rel}","templated":true}]}}