{"id":37,"date":"2011-04-02T18:34:58","date_gmt":"2011-04-02T18:34:58","guid":{"rendered":"http:\/\/interactiveworld.cba.pl\/?page_id=37"},"modified":"2017-05-31T16:21:37","modified_gmt":"2017-05-31T14:21:37","slug":"zagadkowa-jedynka","status":"publish","type":"page","link":"https:\/\/serwis.interactiveworld.pl\/?page_id=37","title":{"rendered":"Zagadkowa Jedynka"},"content":{"rendered":"<p style=\"text-align: center;\"><img loading=\"lazy\" decoding=\"async\" class=\"aligncenter wp-image-4536\" title=\"Zagadkowa Jedynka\" src=\"https:\/\/serwis.interactiveworld.pl\/wp-content\/uploads\/2011\/04\/Zagadkowa-Jedynka-21.png\" alt=\"Zagadkowa Jedynka\" width=\"450\" height=\"275\" srcset=\"https:\/\/serwis.interactiveworld.pl\/wp-content\/uploads\/2011\/04\/Zagadkowa-Jedynka-21.png 900w, https:\/\/serwis.interactiveworld.pl\/wp-content\/uploads\/2011\/04\/Zagadkowa-Jedynka-21-300x183.png 300w\" sizes=\"auto, (max-width: 450px) 100vw, 450px\" \/><\/p>\n<p><strong>Zagadkowa Jedynka<\/strong> to teleturniej interaktywny produkcji Green Hat Studios z siedzib\u0105 w Warszawie, poprzednia ods\u0142ona tego programu by\u0142a produkcj\u0105 w\u0119gierskiej firmy Telemedia InteracTv. Jego poprzednikiem by\u0142 program <em>Zagraj w kabaret<\/em>. Program jest nadawany w technologii panoramicznej &#8211; 16:9.<\/p>\n<p><strong>Program prowadzi: <\/strong>Monika Chrzanowska (Green Hat Studios)<\/p>\n<p><strong>Program prowadzili<\/strong> :\u00a0Justyna Widawska (Green Hat Studios &amp; Telemedia InteracTv), Olga P\u0119czak (Green Hat Studios &amp; Telemedia InteracTv) oraz go\u015bcinnie\u00a0Monika Laskowska (Green Hat Studios) i \u00a0Marcin Ga\u0142ka &#8211; Walczykiewicz (Telemedia InteracTv)<\/p>\n<p><strong>Emisja <\/strong> : Noc, ruchoma pora nadawania. Jest to ostatnia pozycja w ram\u00f3wce dnia. Przewa\u017cnie ok. godziny 3:00-5:00 \u2013 TVP1.<\/p>\n<p style=\"text-align: center;\"><img loading=\"lazy\" decoding=\"async\" class=\"aligncenter wp-image-4530\" src=\"https:\/\/serwis.interactiveworld.pl\/wp-content\/uploads\/2011\/04\/Zagadkowa-jedynka.png\" alt=\"Monika Chrzanowska - Zagadkowa Jedynka\" width=\"450\" height=\"275\" srcset=\"https:\/\/serwis.interactiveworld.pl\/wp-content\/uploads\/2011\/04\/Zagadkowa-jedynka.png 900w, https:\/\/serwis.interactiveworld.pl\/wp-content\/uploads\/2011\/04\/Zagadkowa-jedynka-300x183.png 300w\" sizes=\"auto, (max-width: 450px) 100vw, 450px\" \/><strong>Monika Chrzanowska w programie &#8222;Zagadkowa Jedynka&#8221;<\/strong><\/p>\n<hr \/>\n<p style=\"text-align: center;\"><strong><img loading=\"lazy\" decoding=\"async\" class=\"aligncenter wp-image-4531\" title=\"Monika Laskowska - Zagadkowa Jedynka\" src=\"https:\/\/serwis.interactiveworld.pl\/wp-content\/uploads\/2011\/04\/Zagadkowa-Jedynka-3.png\" alt=\"Monika Laskowska - Zagadkowa Jedynka\" width=\"450\" height=\"275\" srcset=\"https:\/\/serwis.interactiveworld.pl\/wp-content\/uploads\/2011\/04\/Zagadkowa-Jedynka-3.png 900w, https:\/\/serwis.interactiveworld.pl\/wp-content\/uploads\/2011\/04\/Zagadkowa-Jedynka-3-300x183.png 300w\" sizes=\"auto, (max-width: 450px) 100vw, 450px\" \/>Monika Laskowska go\u015bcinnie w &#8222;Zagadkowej Jedynce&#8221;<\/strong><\/p>\n<hr \/>\n<p style=\"text-align: center;\"><img loading=\"lazy\" decoding=\"async\" class=\"aligncenter wp-image-4533\" title=\"Justyna Widawska - Zagadkowa Jedynka\" src=\"https:\/\/serwis.interactiveworld.pl\/wp-content\/uploads\/2011\/04\/Zagadkowa-Jedynka-4.png\" alt=\"Justyna Widawska - Zagadkowa Jedynka\" width=\"450\" height=\"275\" srcset=\"https:\/\/serwis.interactiveworld.pl\/wp-content\/uploads\/2011\/04\/Zagadkowa-Jedynka-4.png 900w, https:\/\/serwis.interactiveworld.pl\/wp-content\/uploads\/2011\/04\/Zagadkowa-Jedynka-4-300x183.png 300w\" sizes=\"auto, (max-width: 450px) 100vw, 450px\" \/><strong>Justyna Widawska w swojej ostatniej &#8222;Zagadkowej Jedynce&#8221;<\/strong><\/p>\n<hr \/>\n<p style=\"text-align: center;\"><strong><img loading=\"lazy\" decoding=\"async\" class=\"aligncenter wp-image-4534\" title=\"Olga P\u0119czak - Zagadkowa Jedynka\" src=\"https:\/\/serwis.interactiveworld.pl\/wp-content\/uploads\/2011\/04\/Zagadkowa-Jedynka-2.png\" alt=\"Olga P\u0119czak - Zagadkowa Jedynka\" width=\"450\" height=\"275\" srcset=\"https:\/\/serwis.interactiveworld.pl\/wp-content\/uploads\/2011\/04\/Zagadkowa-Jedynka-2.png 900w, https:\/\/serwis.interactiveworld.pl\/wp-content\/uploads\/2011\/04\/Zagadkowa-Jedynka-2-300x183.png 300w\" sizes=\"auto, (max-width: 450px) 100vw, 450px\" \/>Olga P\u0119czak &#8211; dawna prezenterka programu<\/strong><\/p>\n","protected":false},"excerpt":{"rendered":"<p>Zagadkowa Jedynka to teleturniej interaktywny produkcji Green Hat Studios z siedzib\u0105 w Warszawie, poprzednia ods\u0142ona tego programu by\u0142a produkcj\u0105 w\u0119gierskiej firmy Telemedia InteracTv. Jego poprzednikiem by\u0142 program Zagraj w kabaret. Program jest nadawany w technologii panoramicznej &#8211; 16:9. Program prowadzi: Monika Chrzanowska (Green Hat Studios) Program prowadzili :\u00a0Justyna Widawska (Green Hat Studios &amp; Telemedia InteracTv),<a href=\"https:\/\/serwis.interactiveworld.pl\/?page_id=37\">&nbsp;&nbsp;[wi&#281;cej]<\/a><\/p>\n","protected":false},"author":1,"featured_media":0,"parent":0,"menu_order":0,"comment_status":"open","ping_status":"open","template":"","meta":{"footnotes":""},"class_list":["post-37","page","type-page","status-publish","hentry"],"_links":{"self":[{"href":"https:\/\/serwis.interactiveworld.pl\/index.php?rest_route=\/wp\/v2\/pages\/37","targetHints":{"allow":["GET"]}}],"collection":[{"href":"https:\/\/serwis.interactiveworld.pl\/index.php?rest_route=\/wp\/v2\/pages"}],"about":[{"href":"https:\/\/serwis.interactiveworld.pl\/index.php?rest_route=\/wp\/v2\/types\/page"}],"author":[{"embeddable":true,"href":"https:\/\/serwis.interactiveworld.pl\/index.php?rest_route=\/wp\/v2\/users\/1"}],"replies":[{"embeddable":true,"href":"https:\/\/serwis.interactiveworld.pl\/index.php?rest_route=%2Fwp%2Fv2%2Fcomments&post=37"}],"version-history":[{"count":20,"href":"https:\/\/serwis.interactiveworld.pl\/index.php?rest_route=\/wp\/v2\/pages\/37\/revisions"}],"predecessor-version":[{"id":1281,"href":"https:\/\/serwis.interactiveworld.pl\/index.php?rest_route=\/wp\/v2\/pages\/37\/revisions\/1281"}],"wp:attachment":[{"href":"https:\/\/serwis.interactiveworld.pl\/index.php?rest_route=%2Fwp%2Fv2%2Fmedia&parent=37"}],"curies":[{"name":"wp","href":"https:\/\/api.w.org\/{rel}","templated":true}]}}