{"id":4395,"date":"2015-04-11T07:57:48","date_gmt":"2015-04-11T06:57:48","guid":{"rendered":"http:\/\/serwis.interactiveworld.pl\/?page_id=4395"},"modified":"2017-02-27T17:09:47","modified_gmt":"2017-02-27T15:09:47","slug":"monika-chrzanowska","status":"publish","type":"page","link":"https:\/\/serwis.interactiveworld.pl\/?page_id=4395","title":{"rendered":"Monika Chrzanowska"},"content":{"rendered":"<p><strong>Monika Chrzanowska<\/strong> &#8211; aktorka, kt\u00f3ra uko\u0144czy\u0142a w 2014 roku Szko\u0142\u0119 Aktork\u0105 Haliny i Jana Machulskich. Na swoim koncie ma mn\u00f3stwo r\u00f3l w filmach i serialach. Aktorstwo nie jest jej jedyn\u0105 prac\u0105, w trakcie swojej kariery mia\u0142a epizody zwi\u0105zane z ta\u0144cem, \u015bpiewem czy modelingiem. Z kamer\u0105 nie spotyka\u0142a si\u0119 jedynie na planach filmowych, w 2009 roku by\u0142a prezenterk\u0105 aerobicu w telewizji iTV. W teleturniejach interaktywnych po raz pierwszy pojawi\u0142a si\u0119 8 kwietnia 2015 roku, prowadz\u0105c &#8222;Zagadkow\u0105 Jedynk\u0119&#8221;<\/p>\n<p style=\"text-align: center;\"><img loading=\"lazy\" decoding=\"async\" class=\"aligncenter wp-image-4530\" title=\"Zagadkowa Jedynka\" src=\"https:\/\/serwis.interactiveworld.pl\/wp-content\/uploads\/2011\/04\/Zagadkowa-jedynka.png\" alt=\"Zagadkowa Jedynka\" width=\"450\" height=\"275\" srcset=\"https:\/\/serwis.interactiveworld.pl\/wp-content\/uploads\/2011\/04\/Zagadkowa-jedynka.png 900w, https:\/\/serwis.interactiveworld.pl\/wp-content\/uploads\/2011\/04\/Zagadkowa-jedynka-300x183.png 300w\" sizes=\"auto, (max-width: 450px) 100vw, 450px\" \/><strong>Monika Chrzanowska w programie &#8222;Zagadkowa Jedynka&#8221;<\/strong><\/p>\n","protected":false},"excerpt":{"rendered":"<p>Monika Chrzanowska &#8211; aktorka, kt\u00f3ra uko\u0144czy\u0142a w 2014 roku Szko\u0142\u0119 Aktork\u0105 Haliny i Jana Machulskich. Na swoim koncie ma mn\u00f3stwo r\u00f3l w filmach i serialach. Aktorstwo nie jest jej jedyn\u0105 prac\u0105, w trakcie swojej kariery mia\u0142a epizody zwi\u0105zane z ta\u0144cem, \u015bpiewem czy modelingiem. Z kamer\u0105 nie spotyka\u0142a si\u0119 jedynie na planach filmowych, w 2009 roku<a href=\"https:\/\/serwis.interactiveworld.pl\/?page_id=4395\">&nbsp;&nbsp;[wi&#281;cej]<\/a><\/p>\n","protected":false},"author":6,"featured_media":0,"parent":0,"menu_order":0,"comment_status":"closed","ping_status":"closed","template":"","meta":{"footnotes":""},"class_list":["post-4395","page","type-page","status-publish","hentry"],"_links":{"self":[{"href":"https:\/\/serwis.interactiveworld.pl\/index.php?rest_route=\/wp\/v2\/pages\/4395","targetHints":{"allow":["GET"]}}],"collection":[{"href":"https:\/\/serwis.interactiveworld.pl\/index.php?rest_route=\/wp\/v2\/pages"}],"about":[{"href":"https:\/\/serwis.interactiveworld.pl\/index.php?rest_route=\/wp\/v2\/types\/page"}],"author":[{"embeddable":true,"href":"https:\/\/serwis.interactiveworld.pl\/index.php?rest_route=\/wp\/v2\/users\/6"}],"replies":[{"embeddable":true,"href":"https:\/\/serwis.interactiveworld.pl\/index.php?rest_route=%2Fwp%2Fv2%2Fcomments&post=4395"}],"version-history":[{"count":7,"href":"https:\/\/serwis.interactiveworld.pl\/index.php?rest_route=\/wp\/v2\/pages\/4395\/revisions"}],"predecessor-version":[{"id":5988,"href":"https:\/\/serwis.interactiveworld.pl\/index.php?rest_route=\/wp\/v2\/pages\/4395\/revisions\/5988"}],"wp:attachment":[{"href":"https:\/\/serwis.interactiveworld.pl\/index.php?rest_route=%2Fwp%2Fv2%2Fmedia&parent=4395"}],"curies":[{"name":"wp","href":"https:\/\/api.w.org\/{rel}","templated":true}]}}