{"id":455,"date":"2011-05-01T08:52:15","date_gmt":"2011-05-01T08:52:15","guid":{"rendered":"http:\/\/interactiveworld.cba.pl\/?page_id=455"},"modified":"2015-01-22T16:18:05","modified_gmt":"2015-01-22T15:18:05","slug":"wywiad-z-ewa-chodaczynska","status":"publish","type":"page","link":"https:\/\/serwis.interactiveworld.pl\/?page_id=455","title":{"rendered":"Wywiad z Ew\u0105 Chodaczy\u0144sk\u0105"},"content":{"rendered":"<p style=\"text-align: center;\">\n<p style=\"text-align: center;\"><img loading=\"lazy\" decoding=\"async\" class=\"aligncenter wp-image-3386 size-full\" title=\"Ewa Chodaczy\u0144ska \" src=\"https:\/\/serwis.interactiveworld.pl\/wp-content\/uploads\/2011\/05\/Ewa-Chodaczy\u0144ska.png\" alt=\"Ewa Chodaczy\u0144ska \" width=\"360\" height=\"288\" srcset=\"https:\/\/serwis.interactiveworld.pl\/wp-content\/uploads\/2011\/05\/Ewa-Chodaczy\u0144ska.png 360w, https:\/\/serwis.interactiveworld.pl\/wp-content\/uploads\/2011\/05\/Ewa-Chodaczy\u0144ska-300x240.png 300w\" sizes=\"auto, (max-width: 360px) 100vw, 360px\" \/><\/p>\n<p style=\"text-align: center;\">\u0141adna, pe\u0142na humoru dawna prezenterka CallTv. Pami\u0119tamy j\u0105 z:<\/p>\n<p style=\"text-align: center;\">&#8211; Nocy Zagadek (TVP2)<br \/>\n&#8211; Szybkiej Wygranej (TVPuls)<\/p>\n<p style=\"text-align: center;\"><strong>Wywiad z Ew\u0105 Chodaczy\u0144sk\u0105:<\/strong><\/p>\n<p style=\"text-align: center;\"><strong>1. Witaj Ewo. Przeprowadzisz ze mn\u0105 wywiad o programach interaktywnych?<\/strong><\/p>\n<p style=\"text-align: center;\">Ewa Chodaczy\u0144ska: tak szybko, bo mam tylko chwilk\u0119.<\/p>\n<p style=\"text-align: center;\"><strong>2. Od kt\u00f3rego roku prowadzi pani programy interaktywne?<\/strong><\/p>\n<p style=\"text-align: center;\">Ewa Chodaczy\u0144ska: od 2009 chyba, nie pami\u0119tam dok\u0142adnie.<\/p>\n<p style=\"text-align: center;\"><strong>3. Czy powr\u00f3ci pani do prowadzenia tego typu program\u00f3w? Szczeg\u00f3lnie w nowej firmie Green Hat Studios siedzib\u0105 w Warszawie.<\/strong><\/p>\n<p style=\"text-align: center;\">Ewa Chodaczy\u0144ska: Je\u015bli pojawi si\u0119 propozycja zatrudnienia, rozwa\u017c\u0119 \ud83d\ude09<\/p>\n<p style=\"text-align: center;\"><strong>4. Czy przed wej\u015bciem na wizj\u0119 by\u0142a trema?<\/strong><\/p>\n<p style=\"text-align: center;\">Ewa Chodaczy\u0144ska: na pocz\u0105tku by\u0142a, z biegiem czasu min\u0119\u0142a.<\/p>\n<p style=\"text-align: center;\"><strong>5. Prowadzenie program\u00f3w by\u0142o dla pani przyjemno\u015bci\u0105? Co najbardziej pani podoba\u0142o si\u0119 w programach CallTv?<\/strong><\/p>\n<p style=\"text-align: center;\">Ewa Chodaczy\u0144ska: program by\u0142 na \u017cywo, fajne by\u0142o to, \u017ce tak naprawd\u0119 wszystko mog\u0142o si\u0119 zdarzy\u0107&#8230;<\/p>\n<p style=\"text-align: center;\"><strong>6. Jak wygl\u0105da\u0142 typowy dzie\u0144 pracy w <em>Telemedia InteracTv<\/em>?<\/strong><\/p>\n<p style=\"text-align: center;\">Ewa Chodaczy\u0144ska: hehe, nic nierobienie ca\u0142y dzien, wieczorem program, og\u00f3lnie dobra zabawa \ud83d\ude42<\/p>\n<p style=\"text-align: center;\"><strong>7. Ostatnie pytanie: Jakie jest pani hobby?<br \/>\n<\/strong><\/p>\n<p style=\"text-align: center;\">Ewa Chodaczy\u0144ska: PODR\u00d3\u017bE \ud83d\ude42<\/p>\n<p style=\"text-align: center;\"><strong>8. Dzi\u0119kuje za wywiad. Mam nadziej\u0119, \u017ce jeszcze zobaczymy pani\u0105 w CallTv, np. w Zagadkowej jedynce, albo w Dziewczynach z fortun\u0105&#8230; Pozdrawiam.<\/strong><\/p>\n<p style=\"text-align: center;\">Ewa Chodaczy\u0144ska: by\u0142oby mi\u0142o \ud83d\ude42 pozdrawiam buzik :*<\/p>\n<p style=\"text-align: center;\">\n","protected":false},"excerpt":{"rendered":"<p>\u0141adna, pe\u0142na humoru dawna prezenterka CallTv. Pami\u0119tamy j\u0105 z: &#8211; Nocy Zagadek (TVP2) &#8211; Szybkiej Wygranej (TVPuls) Wywiad z Ew\u0105 Chodaczy\u0144sk\u0105: 1. Witaj Ewo. Przeprowadzisz ze mn\u0105 wywiad o programach interaktywnych? Ewa Chodaczy\u0144ska: tak szybko, bo mam tylko chwilk\u0119. 2. Od kt\u00f3rego roku prowadzi pani programy interaktywne? Ewa Chodaczy\u0144ska: od 2009 chyba, nie pami\u0119tam dok\u0142adnie.<a href=\"https:\/\/serwis.interactiveworld.pl\/?page_id=455\">&nbsp;&nbsp;[wi&#281;cej]<\/a><\/p>\n","protected":false},"author":1,"featured_media":0,"parent":0,"menu_order":0,"comment_status":"open","ping_status":"open","template":"","meta":{"footnotes":""},"class_list":["post-455","page","type-page","status-publish","hentry"],"_links":{"self":[{"href":"https:\/\/serwis.interactiveworld.pl\/index.php?rest_route=\/wp\/v2\/pages\/455","targetHints":{"allow":["GET"]}}],"collection":[{"href":"https:\/\/serwis.interactiveworld.pl\/index.php?rest_route=\/wp\/v2\/pages"}],"about":[{"href":"https:\/\/serwis.interactiveworld.pl\/index.php?rest_route=\/wp\/v2\/types\/page"}],"author":[{"embeddable":true,"href":"https:\/\/serwis.interactiveworld.pl\/index.php?rest_route=\/wp\/v2\/users\/1"}],"replies":[{"embeddable":true,"href":"https:\/\/serwis.interactiveworld.pl\/index.php?rest_route=%2Fwp%2Fv2%2Fcomments&post=455"}],"version-history":[{"count":4,"href":"https:\/\/serwis.interactiveworld.pl\/index.php?rest_route=\/wp\/v2\/pages\/455\/revisions"}],"predecessor-version":[{"id":3387,"href":"https:\/\/serwis.interactiveworld.pl\/index.php?rest_route=\/wp\/v2\/pages\/455\/revisions\/3387"}],"wp:attachment":[{"href":"https:\/\/serwis.interactiveworld.pl\/index.php?rest_route=%2Fwp%2Fv2%2Fmedia&parent=455"}],"curies":[{"name":"wp","href":"https:\/\/api.w.org\/{rel}","templated":true}]}}