{"id":470,"date":"2011-05-01T11:18:25","date_gmt":"2011-05-01T11:18:25","guid":{"rendered":"http:\/\/interactiveworld.cba.pl\/?page_id=470"},"modified":"2015-02-04T10:48:24","modified_gmt":"2015-02-04T09:48:24","slug":"ewa-chodaczynska","status":"publish","type":"page","link":"https:\/\/serwis.interactiveworld.pl\/?page_id=470","title":{"rendered":"Ewa Chodaczy\u0144ska &#8211; B\u0105k"},"content":{"rendered":"<p><strong>Ewa Chodaczy\u0144ska-B\u0105k<\/strong> &#8211; \u0142adna, pe\u0142na humoru prezenterka pochodzi ze Zwardonia. W Krakowie uko\u0144czy\u0142a Akademi\u0119 Wychowania Fizycznego im. Bronis\u0142awa Czecha. Przed prowadzeniem program\u00f3w Call &#8211; Tv pracowa\u0142a jako modelka. Swoj\u0105 przygod\u0119 z programami interaktywnymi zacz\u0119\u0142a od prowadzenia program\u00f3w na zlecenie firmy Telemedia InteracTV. Pierwszym programem poprowadzonym przez Ew\u0119 by\u0142a druga ods\u0142ona programu Noc zagadek nadawanym w TVP 2. Po znikni\u0119ciu programu nie by\u0142o nic wiadomo o Ewie, a\u017c do czasu pojawienia si\u0119 Szybkiej wygranej. Cz\u0119sto pojawia\u0142a si\u0119 w r\u00f3\u017cnych filmach, raz mo\u017cna by\u0142o j\u0105 zobaczy\u0107 w serialu: &#8222;W-11 Wydzia\u0142 \u015aledczy&#8221; jako kole\u017canka zamordowanej.<\/p>\n<p><strong>Programy<\/strong> : Noc zagadek, Szybka wygrana oraz Nocne I-Granie.<\/p>\n<p style=\"text-align: center;\"><img loading=\"lazy\" decoding=\"async\" class=\"aligncenter wp-image-3486 size-full\" title=\"Ewa Chodaczy\u0144ska\" src=\"https:\/\/serwis.interactiveworld.pl\/wp-content\/uploads\/2011\/05\/Ewa-Chodaczy\u0144ska-1.png\" alt=\"Ewa Chodaczy\u0144ska\" width=\"409\" height=\"306\" srcset=\"https:\/\/serwis.interactiveworld.pl\/wp-content\/uploads\/2011\/05\/Ewa-Chodaczy\u0144ska-1.png 409w, https:\/\/serwis.interactiveworld.pl\/wp-content\/uploads\/2011\/05\/Ewa-Chodaczy\u0144ska-1-300x224.png 300w, https:\/\/serwis.interactiveworld.pl\/wp-content\/uploads\/2011\/05\/Ewa-Chodaczy\u0144ska-1-80x60.png 80w\" sizes=\"auto, (max-width: 409px) 100vw, 409px\" \/><strong>Ewa na antenie TVP2 w programie &#8222;Noc Zagadek&#8221; &#8211; 2009r.<\/strong><\/p>\n<hr \/>\n<p style=\"text-align: center;\"><strong><img loading=\"lazy\" decoding=\"async\" class=\"aligncenter wp-image-3488 size-full\" title=\"Szybka Wygrana - Ewa Chodaczy\u0144ska\" src=\"https:\/\/serwis.interactiveworld.pl\/wp-content\/uploads\/2011\/05\/Szybka-Wygrana.png\" alt=\"Szybka Wygrana - Ewa Chodaczy\u0144ska\" width=\"409\" height=\"306\" srcset=\"https:\/\/serwis.interactiveworld.pl\/wp-content\/uploads\/2011\/05\/Szybka-Wygrana.png 409w, https:\/\/serwis.interactiveworld.pl\/wp-content\/uploads\/2011\/05\/Szybka-Wygrana-300x224.png 300w, https:\/\/serwis.interactiveworld.pl\/wp-content\/uploads\/2011\/05\/Szybka-Wygrana-80x60.png 80w\" sizes=\"auto, (max-width: 409px) 100vw, 409px\" \/>Ewa na antenie TVPuls w programie &#8222;Szybka Wygrana&#8221; &#8211; 2009r.<\/strong><\/p>\n<hr \/>\n<p style=\"text-align: center;\"><strong><img loading=\"lazy\" decoding=\"async\" class=\"aligncenter wp-image-3489 size-full\" title=\"Ewa Chodaczy\u0144ska - Nocne I-Granie\" src=\"https:\/\/serwis.interactiveworld.pl\/wp-content\/uploads\/2011\/05\/Ewa-Chodaczy\u0144ska-3.jpg\" alt=\"Ewa Chodaczy\u0144ska - Nocne I-Granie\" width=\"409\" height=\"306\" srcset=\"https:\/\/serwis.interactiveworld.pl\/wp-content\/uploads\/2011\/05\/Ewa-Chodaczy\u0144ska-3.jpg 409w, https:\/\/serwis.interactiveworld.pl\/wp-content\/uploads\/2011\/05\/Ewa-Chodaczy\u0144ska-3-300x224.jpg 300w, https:\/\/serwis.interactiveworld.pl\/wp-content\/uploads\/2011\/05\/Ewa-Chodaczy\u0144ska-3-80x60.jpg 80w\" sizes=\"auto, (max-width: 409px) 100vw, 409px\" \/>Ewa na kanale TVPuls w programie &#8222;Nocne I-Granie&#8221; &#8211; 2009r.<\/strong><\/p>\n<p style=\"text-align: center;\">\n","protected":false},"excerpt":{"rendered":"<p>Ewa Chodaczy\u0144ska-B\u0105k &#8211; \u0142adna, pe\u0142na humoru prezenterka pochodzi ze Zwardonia. W Krakowie uko\u0144czy\u0142a Akademi\u0119 Wychowania Fizycznego im. Bronis\u0142awa Czecha. Przed prowadzeniem program\u00f3w Call &#8211; Tv pracowa\u0142a jako modelka. Swoj\u0105 przygod\u0119 z programami interaktywnymi zacz\u0119\u0142a od prowadzenia program\u00f3w na zlecenie firmy Telemedia InteracTV. Pierwszym programem poprowadzonym przez Ew\u0119 by\u0142a druga ods\u0142ona programu Noc zagadek nadawanym w<a href=\"https:\/\/serwis.interactiveworld.pl\/?page_id=470\">&nbsp;&nbsp;[wi&#281;cej]<\/a><\/p>\n","protected":false},"author":1,"featured_media":0,"parent":0,"menu_order":0,"comment_status":"open","ping_status":"open","template":"","meta":{"footnotes":""},"class_list":["post-470","page","type-page","status-publish","hentry"],"_links":{"self":[{"href":"https:\/\/serwis.interactiveworld.pl\/index.php?rest_route=\/wp\/v2\/pages\/470","targetHints":{"allow":["GET"]}}],"collection":[{"href":"https:\/\/serwis.interactiveworld.pl\/index.php?rest_route=\/wp\/v2\/pages"}],"about":[{"href":"https:\/\/serwis.interactiveworld.pl\/index.php?rest_route=\/wp\/v2\/types\/page"}],"author":[{"embeddable":true,"href":"https:\/\/serwis.interactiveworld.pl\/index.php?rest_route=\/wp\/v2\/users\/1"}],"replies":[{"embeddable":true,"href":"https:\/\/serwis.interactiveworld.pl\/index.php?rest_route=%2Fwp%2Fv2%2Fcomments&post=470"}],"version-history":[{"count":5,"href":"https:\/\/serwis.interactiveworld.pl\/index.php?rest_route=\/wp\/v2\/pages\/470\/revisions"}],"predecessor-version":[{"id":3490,"href":"https:\/\/serwis.interactiveworld.pl\/index.php?rest_route=\/wp\/v2\/pages\/470\/revisions\/3490"}],"wp:attachment":[{"href":"https:\/\/serwis.interactiveworld.pl\/index.php?rest_route=%2Fwp%2Fv2%2Fmedia&parent=470"}],"curies":[{"name":"wp","href":"https:\/\/api.w.org\/{rel}","templated":true}]}}