{"id":478,"date":"2011-05-03T17:09:53","date_gmt":"2011-05-03T17:09:53","guid":{"rendered":"http:\/\/interactiveworld.cba.pl\/?page_id=478"},"modified":"2014-12-24T09:49:34","modified_gmt":"2014-12-24T08:49:34","slug":"wywiad-z-justyna-widawska","status":"publish","type":"page","link":"https:\/\/serwis.interactiveworld.pl\/?page_id=478","title":{"rendered":"Wywiad z Justyn\u0105 Widawsk\u0105"},"content":{"rendered":"<p style=\"text-align: center;\"><img loading=\"lazy\" decoding=\"async\" class=\"aligncenter wp-image-3214 size-full\" title=\"Justyna Widawska w programie &quot;Rozwi\u0105\u017c Zagadk\u0119&quot; \" src=\"https:\/\/serwis.interactiveworld.pl\/wp-content\/uploads\/2011\/05\/Justyna.png\" alt=\"Justyna Widawska w programie &quot;Rozwi\u0105\u017c Zagadk\u0119&quot; \" width=\"394\" height=\"307\" srcset=\"https:\/\/serwis.interactiveworld.pl\/wp-content\/uploads\/2011\/05\/Justyna.png 394w, https:\/\/serwis.interactiveworld.pl\/wp-content\/uploads\/2011\/05\/Justyna-300x233.png 300w\" sizes=\"auto, (max-width: 394px) 100vw, 394px\" \/><a href=\"http:\/\/interactiveworld.cba.pl\/wp-content\/uploads\/2011\/05\/justi.png\"><br \/>\n<\/a>Prezenterka programu: &#8222;Zagadkowa jedynka&#8221; produkcji firmy Green Hat Studios siedzib\u0105 w Warszawie przy ulicy Pu\u0142awskiej.<\/p>\n<p style=\"text-align: center;\"><em><strong>Wywiad z Justyn\u0105 Widawsk\u0105:<\/strong><\/em><\/p>\n<p style=\"text-align: center;\"><strong>1. Od ilu lat zwi\u0105zana jest Pani z telewizj\u0105?<\/strong><\/p>\n<p style=\"text-align: center;\">Justyna Widawska: Od 6 lat, jako\u015b tak. \ud83d\ude42<\/p>\n<p style=\"text-align: center;\"><strong>2. Jak\u0105 nosi\u0142 nazw\u0119 Pani pierwszy poprowadzony program?<\/strong><\/p>\n<p style=\"text-align: center;\">Justyna Widawska: &#8222;Kasa na bank&#8221; dla TV 4.<\/p>\n<p style=\"text-align: center;\"><strong>3. Prowadzi pani programy na \u017cywo, tak? Czy towarzyszy Pani stres przed wej\u015bciem na wizj\u0119?<\/strong><\/p>\n<p style=\"text-align: center;\">Justyna Widawska: Ju\u017c nie&#8230; Kiedy\u015b tak. Bardzo lubi\u0119 to robi\u0107. Przywyk\u0142am ju\u017c do kamery. \ud83d\ude42<\/p>\n<p style=\"text-align: center;\"><strong>4. W kt\u00f3rej firmie produkuj\u0105cej Call-Tv, by\u0142o Pani lepiej: Green Hat Studios czy Telemedia InteracTv?<\/strong><\/p>\n<p style=\"text-align: center;\">Justyna Widawska: Hmm&#8230; z jednej strony uwielbiam Budapeszt, a z drugiej lepiej pracuje si\u0119 tutaj, z polsk\u0105 ekip\u0105, z kt\u00f3r\u0105 znamy si\u0119 od dawna..<\/p>\n<p style=\"text-align: center;\"><strong>5. Czy b\u0119dzie nowa prezenterka programu Zagadkowa Jedynka, je\u017celi tak, to kiedy i jaka?<\/strong><\/p>\n<p style=\"text-align: center;\">Justyna Widawska: Nic mi na ten temat nie wiadomo. \ud83d\ude42<\/p>\n<p style=\"text-align: center;\"><strong>6. Jaki program najbardziej pami\u0119ta w swoim \u017cyciu &#8222;telewizyjnym&#8221; i dlaczego akurat ten?<\/strong><\/p>\n<p style=\"text-align: center;\">Justyna Widawska: &#8222;Kasa gra&#8221; bardzo lu\u017any program i mo\u017cna by\u0142o po\u017cartowa\u0107..<br \/>\nale chyba dla Telewizji Polskiej pracuje mi si\u0119 najlepiej. \ud83d\ude42<\/p>\n<p style=\"text-align: center;\"><strong>7. Czy powr\u00f3ci program Noc Zagadek dla TVP2?<\/strong><\/p>\n<p style=\"text-align: center;\">Justyna Widawska: Niestety prezenterki nie maj\u0105 takich informacji&#8230; a nawet gdyby mia\u0142y, jest to tajemnic\u0105 s\u0142u\u017cbow\u0105. \ud83d\ude09<\/p>\n<p style=\"text-align: center;\"><strong>8. Prowadzenie program\u00f3w by\u0142o dla Pani przyjemno\u015bci\u0105? Co najbardziej pani podoba\u0142o si\u0119 w dawnych programach CallTv?<\/strong><\/p>\n<p style=\"text-align: center;\">Justyna Widawska: Nie mam rozr\u00f3\u017cnienia na dawne programy i tera\u017aniejsze. Z r\u00f3wn\u0105 przyjemno\u015bci\u0105 traktuj\u0119 moj\u0105 prac\u0119.<\/p>\n<p style=\"text-align: center;\"><strong>9. Jakie chwil\u0119 najbardziej Pani utkn\u0119\u0142y w pani g\u0142owie? \ud83d\ude42<\/strong><\/p>\n<p style=\"text-align: center;\">Justyna Widawska: Ajj&#8230; Wiele jest chwil przez te 6 lat. Z fajn\u0105 ekip\u0105 jest zawsze co wspomina\u0107.<\/p>\n<p style=\"text-align: center;\"><strong>10. Czy ogl\u0105da Pani nagrania ze swoich program\u00f3w?<\/strong><\/p>\n<p style=\"text-align: center;\">Justyna Widawska: Bardzo rzadko<strong>, <\/strong>ale ch\u0119tnie s\u0142ucham uwag od innych. <strong><br \/>\n<\/strong><\/p>\n<p style=\"text-align: center;\"><strong>11. Teraz czas na zagadki&#8230; Gdy wydawcy wybieraj\u0105 zagadki, ma Pani jaki\u015b g\u0142os w tej kwestii? Mo\u017ce Pani co\u015b im zasugerowa\u0107?<\/strong><\/p>\n<p style=\"text-align: center;\">Justyna Widawska: Ka\u017cdy z ekipy ma prawo do g\u0142osu. Zasugerowa\u0107&#8230; co\u015b \ud83d\ude42<\/p>\n<p style=\"text-align: center;\"><strong>11. Jaki rodzaj zagadek Pani lubi najbardziej?<\/strong><\/p>\n<p style=\"text-align: center;\">Justyna Widawska: Obrazkowe. \ud83d\ude42 W zasadzie lubi\u0119 wszystkie, a im zabawniejsza tym lepiej<strong>. <\/strong>Lubi\u0119 te\u017c s\u0142owa ukryte w kopercie. Zawsze jest czas na osobiste dygresj\u0119.<\/p>\n<p style=\"text-align: center;\"><strong>12. Jaki by\u0142 pow\u00f3d zas\u0142abni\u0119cia na wizji w Nocnym I &#8211; Graniu?<\/strong><\/p>\n<p style=\"text-align: center;\">Justyna Widawska: Niestety nie mam poj\u0119cia&#8230; wa\u017cne, \u017ce wszystko dobrze si\u0119 sko\u0144czy\u0142o. Takie rzeczy si\u0119 zdarzaj\u0105.<\/p>\n<p style=\"text-align: center;\"><strong>13. Obecne programy opieraj\u0105 si\u0119 g\u0142\u00f3wnie na jednakowych schematach i grane s\u0105 prawie ci\u0105gle te same zagadki. W programach CallTv brakuje luzu, co jest tego przyczyn\u0105, i czy uwa\u017ca pani \u017ce dawne programy by\u0142y ciekawsze? I dlaczego?<\/strong><\/p>\n<p style=\"text-align: center;\">Justyna Widawska: Programy s\u0105 o wiele kr\u00f3tsze. Wymusza to oszcz\u0119dno\u015b\u0107 czasu i nieco wi\u0119cej powagi. Natomiast&#8230; abstrahuj\u0105c od zagadek, bo tu ka\u017cdy mo\u017ce mie\u0107 w\u0142asne zdanie. Nie uwa\u017cam, abym by\u0142a jako\u015b powa\u017cna w programach.<\/p>\n<p style=\"text-align: center;\"><strong>14. Gdy przychodzi pani do firmy w Warszawie, ile pani sp\u0119dza czasu przed programem, i co pani robi? Jakie\u015b ma\u0142e przygotowania?<\/strong><\/p>\n<p style=\"text-align: center;\">Justyna Widawska: 1,5 godziny przed programem&#8230; Jeszcze raz przygotowania i przygotowania.\u00a0 Na tematy zawodowe b\u0119d\u0119 wypowiada\u0142a si\u0119 oszcz\u0119dnie; tajemnica. \ud83d\ude42<\/p>\n<p style=\"text-align: center;\"><strong>15. Dlaczego w obecnych programach Green Hat Studios kamery s\u0105 bardzo statyczne, a w w\u0119gierskiej firmie by\u0142y ruchome, fajne loty kamerowy, z daleka i z bliska. Dlaczego teraz tak nie jest? Jaki jest pow\u00f3d zmiany?<\/strong><\/p>\n<p style=\"text-align: center;\">Justyna Widawska: Spokojnie.. Wszystko w swoim czasie.<\/p>\n<p style=\"text-align: center;\"><strong>16. Jaka atmosfera dopisuj\u0119 na planie w studio?<\/strong><\/p>\n<p style=\"text-align: center;\">Justyna Widawska: \u015awietna, na prawd\u0119&#8230; Dla mnie jest wszystko super. \ud83d\ude42 Lubi\u0119 ludzi z kt\u00f3rymi pracuj\u0119, bardzo dobrze znamy si\u0119.<\/p>\n<p style=\"text-align: center;\"><strong>17. Jakie jest pani hobby?<\/strong><\/p>\n<p style=\"text-align: center;\">Justyna Widawska: Uprawiam sport: gimnastyka, aerobik, i p\u0142ywanie. Kiedy\u015b uprawia\u0142 lekkoatletyk\u0119. W wolnych chwilach czytam ksi\u0105\u017cki, nie zawsze takie chwile mam, jestem bardzo zabiegana&#8230; Po za tym zajmuje si\u0119 astrologi\u0105.<\/p>\n<p style=\"text-align: center;\"><strong>18. Dlaczego Olga P\u0119czak tak d\u0142ugo ju\u017c program\u00f3w nie prowadzi? Urlop czy jest tak grafik u\u0142o\u017cony?<\/strong><\/p>\n<p style=\"text-align: center;\">Justyna Widawska: Nie, nie&#8230; Olga prowadzi\u0142a tylko programy przez 4 dni na moj\u0105 pro\u015bb\u0119, gdy\u017c wyjecha\u0142am s\u0142u\u017cbowo.<\/p>\n<p style=\"text-align: center;\">\n","protected":false},"excerpt":{"rendered":"<p>Prezenterka programu: &#8222;Zagadkowa jedynka&#8221; produkcji firmy Green Hat Studios siedzib\u0105 w Warszawie przy ulicy Pu\u0142awskiej. Wywiad z Justyn\u0105 Widawsk\u0105: 1. Od ilu lat zwi\u0105zana jest Pani z telewizj\u0105? Justyna Widawska: Od 6 lat, jako\u015b tak. \ud83d\ude42 2. Jak\u0105 nosi\u0142 nazw\u0119 Pani pierwszy poprowadzony program? Justyna Widawska: &#8222;Kasa na bank&#8221; dla TV 4. 3. Prowadzi pani<a href=\"https:\/\/serwis.interactiveworld.pl\/?page_id=478\">&nbsp;&nbsp;[wi&#281;cej]<\/a><\/p>\n","protected":false},"author":1,"featured_media":0,"parent":0,"menu_order":0,"comment_status":"open","ping_status":"open","template":"","meta":{"footnotes":""},"class_list":["post-478","page","type-page","status-publish","hentry"],"_links":{"self":[{"href":"https:\/\/serwis.interactiveworld.pl\/index.php?rest_route=\/wp\/v2\/pages\/478","targetHints":{"allow":["GET"]}}],"collection":[{"href":"https:\/\/serwis.interactiveworld.pl\/index.php?rest_route=\/wp\/v2\/pages"}],"about":[{"href":"https:\/\/serwis.interactiveworld.pl\/index.php?rest_route=\/wp\/v2\/types\/page"}],"author":[{"embeddable":true,"href":"https:\/\/serwis.interactiveworld.pl\/index.php?rest_route=\/wp\/v2\/users\/1"}],"replies":[{"embeddable":true,"href":"https:\/\/serwis.interactiveworld.pl\/index.php?rest_route=%2Fwp%2Fv2%2Fcomments&post=478"}],"version-history":[{"count":2,"href":"https:\/\/serwis.interactiveworld.pl\/index.php?rest_route=\/wp\/v2\/pages\/478\/revisions"}],"predecessor-version":[{"id":3216,"href":"https:\/\/serwis.interactiveworld.pl\/index.php?rest_route=\/wp\/v2\/pages\/478\/revisions\/3216"}],"wp:attachment":[{"href":"https:\/\/serwis.interactiveworld.pl\/index.php?rest_route=%2Fwp%2Fv2%2Fmedia&parent=478"}],"curies":[{"name":"wp","href":"https:\/\/api.w.org\/{rel}","templated":true}]}}