{"id":4957,"date":"2015-10-27T15:49:07","date_gmt":"2015-10-27T14:49:07","guid":{"rendered":"http:\/\/serwis.interactiveworld.pl\/?page_id=4957"},"modified":"2023-01-25T19:59:10","modified_gmt":"2023-01-25T18:59:10","slug":"krystian-lis","status":"publish","type":"page","link":"https:\/\/serwis.interactiveworld.pl\/?page_id=4957","title":{"rendered":"Krystian Lis"},"content":{"rendered":"<p style=\"text-align: center;\"><strong>Krystian Lis &#8211; <\/strong>prezenter telewizyjny oraz niegdy\u015b doradca ezoteryczny <em>Tajemnic Losu<\/em> nadawanych co noc na antenie telewizji <em>Polsat<\/em>. Krystian uko\u0144czy\u0142 <em>Dziennikarstwo i Komunikacj\u0119 Spo\u0142eczn\u0105<\/em> na <em>Uniwersytecie \u015al\u0105skim<\/em> w Katowicach oraz <em>J\u0119zyk i Spo\u0142ecze\u0144stwo<\/em> na <em>Uniwersytecie Warszawskim<\/em>. Zna dobrze j\u0119zyk angielski oraz podstawy j\u0119zyka francuskiego i \u0142aciny. Od kwietnia 2014 r. przez lata by\u0142 cenionym i lubianym prowadz\u0105cym ezoterycznego pasma <em>Tajemnice Losu<\/em>. Od 23 pa\u017adziernika 2015 r. do 19 maja 2019 r. prowadzi\u0142 program interaktywny <em>Zagadkowa Wyspa<\/em> nadawany na kana\u0142ach <em>Tele5<\/em>, <em>Polonia1, NoboxTV, TVT czy TVR<\/em>. Pochodzi ze \u015al\u0105ska, do marca 2019 r. mieszka\u0142 w Warszawie, za\u015b obecnie w Krakowie, gdzie pracowa\u0142 dla<em> Telewizji Polskiej S.A.<\/em> (w <em>TVP3 Krak\u00f3w<\/em> pocz\u0105tkowo by\u0142 prezenterem pogody, nast\u0119pnie reporterem i prowadz\u0105cym <em>Kroniki<\/em> oraz reporterem dla\u00a0<em>TVP Info<\/em> z ma\u0142opolski). Poprowadzi\u0142\u00a0<em>Poranek TVP3<\/em> w duetch z: Karolem Gnatem, Urszul\u0105 Rogal\u0105, Natali\u0105 Nowak-Podbro\u017cn\u0105, Mateuszem Gadomskim czy Jagod\u0105 Rogatty. Obecnie pracuje w krakowskim oddziale Radia Eska. W grudniu 2022 r. &#8211; jako g\u0142\u00f3wny inicjator powrotu formatu calltv do polskiej telewizji &#8211; dokona\u0142 wskrzeszenia formatu projektem &#8222;Zagadkowy Weekend&#8221; emitowanym w niedzielne popo\u0142udnia na antenie Polonii1.<\/p>\n<p style=\"text-align: center;\"><iframe loading=\"lazy\" title=\"Zagadkowy Weekend 25.12.2022 Polonia1\" width=\"500\" height=\"281\" src=\"https:\/\/www.youtube.com\/embed\/TDgRceyIEP8?feature=oembed\" frameborder=\"0\" allow=\"accelerometer; autoplay; clipboard-write; encrypted-media; gyroscope; picture-in-picture; web-share\" referrerpolicy=\"strict-origin-when-cross-origin\" allowfullscreen><\/iframe><\/p>\n<p style=\"text-align: center;\"><iframe loading=\"lazy\" title=\"Zagadkowy Weekend 08.01.2023\" width=\"500\" height=\"281\" src=\"https:\/\/www.youtube.com\/embed\/4nrpcQXgWV8?feature=oembed\" frameborder=\"0\" allow=\"accelerometer; autoplay; clipboard-write; encrypted-media; gyroscope; picture-in-picture; web-share\" referrerpolicy=\"strict-origin-when-cross-origin\" allowfullscreen><\/iframe><\/p>\n<p style=\"text-align: center;\"><strong>Krystian Lis w programie &#8222;Zagadkowy Weekend&#8221;<\/strong><\/p>\n<p style=\"text-align: center;\"><iframe loading=\"lazy\" title=\"TVP Krystian Lis\" width=\"500\" height=\"281\" src=\"https:\/\/www.youtube.com\/embed\/tIL2ceH48XE?feature=oembed\" frameborder=\"0\" allow=\"accelerometer; autoplay; clipboard-write; encrypted-media; gyroscope; picture-in-picture; web-share\" referrerpolicy=\"strict-origin-when-cross-origin\" allowfullscreen><\/iframe><\/p>\n<p style=\"text-align: center;\">\u00a0<strong>Krystian Lis w roli reportera dla <em>TVP Info<\/em> i <em>TVP3<\/em><\/strong><\/p>\n<p style=\"text-align: center;\"><img loading=\"lazy\" decoding=\"async\" class=\"aligncenter wp-image-5730\" src=\"https:\/\/serwis.interactiveworld.pl\/wp-content\/uploads\/2014\/12\/Krystian-Lis1.png\" alt=\"Krystian Lis\" width=\"571\" height=\"321\" \/><strong>Krystian Lis w programie <em>Zagadkowa Wyspa<\/em>\u00a0na antenie <em>Polonii1<\/em><\/strong><\/p>\n","protected":false},"excerpt":{"rendered":"<p>Krystian Lis &#8211; prezenter telewizyjny oraz niegdy\u015b doradca ezoteryczny Tajemnic Losu nadawanych co noc na antenie telewizji Polsat. Krystian uko\u0144czy\u0142 Dziennikarstwo i Komunikacj\u0119 Spo\u0142eczn\u0105 na Uniwersytecie \u015al\u0105skim w Katowicach oraz J\u0119zyk i Spo\u0142ecze\u0144stwo na Uniwersytecie Warszawskim. Zna dobrze j\u0119zyk angielski oraz podstawy j\u0119zyka francuskiego i \u0142aciny. Od kwietnia 2014 r. przez lata by\u0142 cenionym i<a href=\"https:\/\/serwis.interactiveworld.pl\/?page_id=4957\">&nbsp;&nbsp;[wi&#281;cej]<\/a><\/p>\n","protected":false},"author":6,"featured_media":0,"parent":0,"menu_order":0,"comment_status":"closed","ping_status":"closed","template":"","meta":{"footnotes":""},"class_list":["post-4957","page","type-page","status-publish","hentry"],"_links":{"self":[{"href":"https:\/\/serwis.interactiveworld.pl\/index.php?rest_route=\/wp\/v2\/pages\/4957","targetHints":{"allow":["GET"]}}],"collection":[{"href":"https:\/\/serwis.interactiveworld.pl\/index.php?rest_route=\/wp\/v2\/pages"}],"about":[{"href":"https:\/\/serwis.interactiveworld.pl\/index.php?rest_route=\/wp\/v2\/types\/page"}],"author":[{"embeddable":true,"href":"https:\/\/serwis.interactiveworld.pl\/index.php?rest_route=\/wp\/v2\/users\/6"}],"replies":[{"embeddable":true,"href":"https:\/\/serwis.interactiveworld.pl\/index.php?rest_route=%2Fwp%2Fv2%2Fcomments&post=4957"}],"version-history":[{"count":20,"href":"https:\/\/serwis.interactiveworld.pl\/index.php?rest_route=\/wp\/v2\/pages\/4957\/revisions"}],"predecessor-version":[{"id":7188,"href":"https:\/\/serwis.interactiveworld.pl\/index.php?rest_route=\/wp\/v2\/pages\/4957\/revisions\/7188"}],"wp:attachment":[{"href":"https:\/\/serwis.interactiveworld.pl\/index.php?rest_route=%2Fwp%2Fv2%2Fmedia&parent=4957"}],"curies":[{"name":"wp","href":"https:\/\/api.w.org\/{rel}","templated":true}]}}