{"id":572,"date":"2011-05-07T15:36:07","date_gmt":"2011-05-07T15:36:07","guid":{"rendered":"http:\/\/interactiveworld.cba.pl\/?page_id=572"},"modified":"2013-03-25T14:22:40","modified_gmt":"2013-03-25T13:22:40","slug":"wywiad-z-olga-peczak","status":"publish","type":"page","link":"https:\/\/serwis.interactiveworld.pl\/?page_id=572","title":{"rendered":"Wywiad z Olg\u0105 P\u0119czak"},"content":{"rendered":"<p style=\"text-align: center;\"><a href=\"http:\/\/interactiveworld.cba.pl\/wp-content\/uploads\/2011\/05\/olgawywiad2.jpg\"><img loading=\"lazy\" decoding=\"async\" class=\"aligncenter\" title=\"Olga P\u0119czak\" src=\"http:\/\/img195.imageshack.us\/img195\/1378\/vlcsnap2012092909h59m35.png\" alt=\"\" width=\"458\" height=\"251\" \/><br \/>\n<\/a>Prezenterka programu: \u201eZagadkowa jedynka\u201d produkcji firmy Telemedia InteracTv oraz Green Hat Studios.<\/p>\n<p style=\"text-align: center;\"><strong>Wywiad z Olg\u0105 P\u0119czak:<\/strong><\/p>\n<p style=\"text-align: center;\"><strong>1. Co skusi\u0142o pani\u0105 do prowadzenia program\u00f3w interaktywnych?<\/strong><br \/>\nOlga P\u0119czak: Zosta\u0142am zaproszona na casting do programu i wybrano mnie:)<\/p>\n<p style=\"text-align: center;\"><strong>2. Czy w obecnej Zagadkowej Jedynce postanawia pani zosta\u0107 na d\u0142u\u017cej?<\/strong><br \/>\nOlga P\u0119czak: Obecn\u0105 Zagadkow\u0105 Jedynk\u0119 prowadzi Justyna, co wychodzi Jej \u015bwietnie:)<br \/>\nJa by\u0107 mo\u017ce czasami b\u0119d\u0119 si\u0119 pojawia\u0107.<\/p>\n<p style=\"text-align: center;\"><strong>3. Czy wie pani mo\u017ce czy maj\u0105 pojawi\u0107 si\u0119 jakie\u015b nowe programy firmy Green Hat Studios?<\/strong><br \/>\nOlga P\u0119czak: Tego niestety nie wiem. Nie posiadam takich informacji.<\/p>\n<p style=\"text-align: center;\"><strong>4. Jak pani sp\u0119dza wolny czas ? Czym zajmuje si\u0119 pani opr\u00f3cz telewizji?<\/strong><br \/>\nOlga P\u0119czak: W tej chwili mam dosy\u0107 ma\u0142o wolnego czasu. Pracuj\u0119 w\u0142a\u015bciwie ca\u0142y czas. Ale jak ju\u017c znajd\u0119 chwile to spotykam si\u0119 ze znajomymi, wychodz\u0119 z moj\u0105 m\u0142od\u0105 suni\u0105 na spacer lub id\u0119 do kina.<\/p>\n<p style=\"text-align: center;\"><strong>5. Jaka jest atmosfera w firmie Green Hat Studios, lepiej si\u0119 pracuje ni\u017c w Budapeszcie?<\/strong><br \/>\nOlga P\u0119czak: Atmosfera jest bardzo fajna. Super ekipa \ud83d\ude42<br \/>\nPracowa\u0142o mi si\u0119 dobrze i w Budapeszcie i tutaj. Teraz jest o tyle lepiej,\u017ce jeste\u015bmy na miejscu, w Polsce.<\/p>\n<p style=\"text-align: center;\"><strong>6. Z kim pani najbardziej si\u0119 zaprzyja\u017ani\u0142a prowadz\u0105c programy interaktywne?<\/strong><\/p>\n<p style=\"text-align: center;\">Olga P\u0119czak: Hmm&#8230; Ze wszystkimi, hehe. Mieszka\u0142am z Justyn\u0105, wi\u0119c najwi\u0119cej czasu sp\u0119dza\u0142y\u015bmy razem. W sumie ona i Ewa oprowadza\u0142y mnie po pi\u0119knym Budapeszcie. Bardzo mi\u0142o wspominam ca\u0142\u0105 ekip\u0119. \ud83d\ude42<\/p>\n<p style=\"text-align: center;\">+<\/p>\n<p style=\"text-align: center;\">Olga P\u0119czak: Przepraszam, za d\u0142ugie oczekiwania, ale jak m\u00f3wi\u0142am mam du\u017co pracy.<\/p>\n<p style=\"text-align: center;\">Pozdrawiam wszystkich, Olga. \ud83d\ude42<\/p>\n<p><em><strong>Wywiad przeprowadzony przez jednego z naszych u\u017cytkownik\u00f3w: Mattink.<\/strong><\/em><\/p>\n","protected":false},"excerpt":{"rendered":"<p>Prezenterka programu: \u201eZagadkowa jedynka\u201d produkcji firmy Telemedia InteracTv oraz Green Hat Studios. Wywiad z Olg\u0105 P\u0119czak: 1. Co skusi\u0142o pani\u0105 do prowadzenia program\u00f3w interaktywnych? Olga P\u0119czak: Zosta\u0142am zaproszona na casting do programu i wybrano mnie:) 2. Czy w obecnej Zagadkowej Jedynce postanawia pani zosta\u0107 na d\u0142u\u017cej? Olga P\u0119czak: Obecn\u0105 Zagadkow\u0105 Jedynk\u0119 prowadzi Justyna, co wychodzi<a href=\"https:\/\/serwis.interactiveworld.pl\/?page_id=572\">&nbsp;&nbsp;[wi&#281;cej]<\/a><\/p>\n","protected":false},"author":1,"featured_media":0,"parent":0,"menu_order":0,"comment_status":"open","ping_status":"open","template":"","meta":{"footnotes":""},"class_list":["post-572","page","type-page","status-publish","hentry"],"_links":{"self":[{"href":"https:\/\/serwis.interactiveworld.pl\/index.php?rest_route=\/wp\/v2\/pages\/572","targetHints":{"allow":["GET"]}}],"collection":[{"href":"https:\/\/serwis.interactiveworld.pl\/index.php?rest_route=\/wp\/v2\/pages"}],"about":[{"href":"https:\/\/serwis.interactiveworld.pl\/index.php?rest_route=\/wp\/v2\/types\/page"}],"author":[{"embeddable":true,"href":"https:\/\/serwis.interactiveworld.pl\/index.php?rest_route=\/wp\/v2\/users\/1"}],"replies":[{"embeddable":true,"href":"https:\/\/serwis.interactiveworld.pl\/index.php?rest_route=%2Fwp%2Fv2%2Fcomments&post=572"}],"version-history":[{"count":4,"href":"https:\/\/serwis.interactiveworld.pl\/index.php?rest_route=\/wp\/v2\/pages\/572\/revisions"}],"predecessor-version":[{"id":2185,"href":"https:\/\/serwis.interactiveworld.pl\/index.php?rest_route=\/wp\/v2\/pages\/572\/revisions\/2185"}],"wp:attachment":[{"href":"https:\/\/serwis.interactiveworld.pl\/index.php?rest_route=%2Fwp%2Fv2%2Fmedia&parent=572"}],"curies":[{"name":"wp","href":"https:\/\/api.w.org\/{rel}","templated":true}]}}