{"id":5842,"date":"2016-11-05T23:14:03","date_gmt":"2016-11-05T21:14:03","guid":{"rendered":"http:\/\/serwis.interactiveworld.pl\/?page_id=5842"},"modified":"2017-06-01T23:14:32","modified_gmt":"2017-06-01T21:14:32","slug":"maria-krzeminska","status":"publish","type":"page","link":"https:\/\/serwis.interactiveworld.pl\/?page_id=5842","title":{"rendered":"Maria Krzemi\u0144ska"},"content":{"rendered":"<p><strong>Maria Krzemi\u0144ska<\/strong> \u2013 prowadz\u0105ca program \u201eZagadkowa Wyspa\u201d firmy Green Hat Studios. Zadebiutowa\u0142a na antenie Polonii1 3 listopada 2016 roku. Prywatnie \u017cona aktora Mariusza Krzemi\u0144skiego i matka dw\u00f3jki dzieci.<\/p>\n<p style=\"text-align: center;\"><img loading=\"lazy\" decoding=\"async\" class=\"aligncenter wp-image-5943\" src=\"https:\/\/serwis.interactiveworld.pl\/wp-content\/uploads\/2017\/01\/marysia-krzeminska2.png\" alt=\"\" width=\"450\" height=\"255\" srcset=\"https:\/\/serwis.interactiveworld.pl\/wp-content\/uploads\/2017\/01\/marysia-krzeminska2.png 799w, https:\/\/serwis.interactiveworld.pl\/wp-content\/uploads\/2017\/01\/marysia-krzeminska2-300x170.png 300w, https:\/\/serwis.interactiveworld.pl\/wp-content\/uploads\/2017\/01\/marysia-krzeminska2-768x435.png 768w\" sizes=\"auto, (max-width: 450px) 100vw, 450px\" \/><strong>Maria Krzemi\u0144ska w programie &#8222;Zagadkowa Wyspa&#8221; w Polonii1<\/strong><\/p>\n","protected":false},"excerpt":{"rendered":"<p>Maria Krzemi\u0144ska \u2013 prowadz\u0105ca program \u201eZagadkowa Wyspa\u201d firmy Green Hat Studios. Zadebiutowa\u0142a na antenie Polonii1 3 listopada 2016 roku. Prywatnie \u017cona aktora Mariusza Krzemi\u0144skiego i matka dw\u00f3jki dzieci. Maria Krzemi\u0144ska w programie &#8222;Zagadkowa Wyspa&#8221; w Polonii1<\/p>\n","protected":false},"author":1,"featured_media":0,"parent":0,"menu_order":0,"comment_status":"closed","ping_status":"closed","template":"","meta":{"footnotes":""},"class_list":["post-5842","page","type-page","status-publish","hentry"],"_links":{"self":[{"href":"https:\/\/serwis.interactiveworld.pl\/index.php?rest_route=\/wp\/v2\/pages\/5842","targetHints":{"allow":["GET"]}}],"collection":[{"href":"https:\/\/serwis.interactiveworld.pl\/index.php?rest_route=\/wp\/v2\/pages"}],"about":[{"href":"https:\/\/serwis.interactiveworld.pl\/index.php?rest_route=\/wp\/v2\/types\/page"}],"author":[{"embeddable":true,"href":"https:\/\/serwis.interactiveworld.pl\/index.php?rest_route=\/wp\/v2\/users\/1"}],"replies":[{"embeddable":true,"href":"https:\/\/serwis.interactiveworld.pl\/index.php?rest_route=%2Fwp%2Fv2%2Fcomments&post=5842"}],"version-history":[{"count":4,"href":"https:\/\/serwis.interactiveworld.pl\/index.php?rest_route=\/wp\/v2\/pages\/5842\/revisions"}],"predecessor-version":[{"id":6105,"href":"https:\/\/serwis.interactiveworld.pl\/index.php?rest_route=\/wp\/v2\/pages\/5842\/revisions\/6105"}],"wp:attachment":[{"href":"https:\/\/serwis.interactiveworld.pl\/index.php?rest_route=%2Fwp%2Fv2%2Fmedia&parent=5842"}],"curies":[{"name":"wp","href":"https:\/\/api.w.org\/{rel}","templated":true}]}}