{"id":6233,"date":"2017-11-14T18:17:01","date_gmt":"2017-11-14T16:17:01","guid":{"rendered":"http:\/\/serwis.interactiveworld.pl\/?page_id=6233"},"modified":"2019-02-21T21:07:03","modified_gmt":"2019-02-21T20:07:03","slug":"astra-tv","status":"publish","type":"page","link":"https:\/\/serwis.interactiveworld.pl\/?page_id=6233","title":{"rendered":"Astra TV"},"content":{"rendered":"<p><img loading=\"lazy\" decoding=\"async\" class=\"aligncenter wp-image-6238\" title=\"Astra TV\" src=\"https:\/\/serwis.interactiveworld.pl\/wp-content\/uploads\/2017\/11\/logoastra.png\" alt=\"logo_astraTV\" width=\"450\" height=\"275\" srcset=\"https:\/\/serwis.interactiveworld.pl\/wp-content\/uploads\/2017\/11\/logoastra.png 900w, https:\/\/serwis.interactiveworld.pl\/wp-content\/uploads\/2017\/11\/logoastra-300x183.png 300w, https:\/\/serwis.interactiveworld.pl\/wp-content\/uploads\/2017\/11\/logoastra-768x469.png 768w\" sizes=\"auto, (max-width: 450px) 100vw, 450px\" \/><\/p>\n<p style=\"text-align: center;\"><strong>Astra TV \u2013 <\/strong>program ezoteryczny, w kt\u00f3rym udzia\u0142 bior\u0105 znani doradcy ezoteryczni. Na podstawie rozk\u0142adu kart tarota, run b\u0105d\u017a numerologii udzielaj\u0105 porad widzom, kt\u00f3rzy zadzwoni\u0105 do studia. Produkcj\u0105 pasma zajmuje si\u0119 sp\u00f3\u0142ka <em>AdAstra<\/em>.<\/p>\n<p style=\"text-align: center;\"><strong>Program prowadz\u0105:\u00a0<\/strong>Ezoteriusz Maximus, Valentina, Wr\u00f3\u017cbita Maciej, Joanna Stawi\u0144ska, Beata Borowska, Zbyszko Patyk, Dorota Ha\u0142adyn-Biel, Robert G\u00f3rnicki, Tarocista Adrian, Akima, Beata \u015alusarek, Katarzyna Po\u0142udniak, Halina Kazusek.<\/p>\n<p style=\"text-align: center;\"><strong>Emisja programu:\u00a0<\/strong>od 11 lutego 2019 r. o 18:15-19:45 w telewizji<em> TVR<\/em>.<br \/>\nPoprzednio emisja programu odbywa\u0142a si\u0119 w <em>Polonii1<\/em>.<\/p>\n<p><center><iframe loading=\"lazy\" src=\"https:\/\/www.youtube.com\/embed\/lV47q_i5VQs?rel=0\" width=\"450\" height=\"253\" frameborder=\"0\" allowfullscreen=\"allowfullscreen\"><\/iframe><\/center><center><strong>Halina Kazusek w programie \u201eAstraTV\u201d (Polonia1)<\/strong><\/center><\/p>\n","protected":false},"excerpt":{"rendered":"<p>Astra TV \u2013 program ezoteryczny, w kt\u00f3rym udzia\u0142 bior\u0105 znani doradcy ezoteryczni. Na podstawie rozk\u0142adu kart tarota, run b\u0105d\u017a numerologii udzielaj\u0105 porad widzom, kt\u00f3rzy zadzwoni\u0105 do studia. Produkcj\u0105 pasma zajmuje si\u0119 sp\u00f3\u0142ka AdAstra. Program prowadz\u0105:\u00a0Ezoteriusz Maximus, Valentina, Wr\u00f3\u017cbita Maciej, Joanna Stawi\u0144ska, Beata Borowska, Zbyszko Patyk, Dorota Ha\u0142adyn-Biel, Robert G\u00f3rnicki, Tarocista Adrian, Akima, Beata \u015alusarek, Katarzyna<a href=\"https:\/\/serwis.interactiveworld.pl\/?page_id=6233\">&nbsp;&nbsp;[wi&#281;cej]<\/a><\/p>\n","protected":false},"author":6,"featured_media":0,"parent":0,"menu_order":0,"comment_status":"closed","ping_status":"closed","template":"","meta":{"footnotes":""},"class_list":["post-6233","page","type-page","status-publish","hentry"],"_links":{"self":[{"href":"https:\/\/serwis.interactiveworld.pl\/index.php?rest_route=\/wp\/v2\/pages\/6233","targetHints":{"allow":["GET"]}}],"collection":[{"href":"https:\/\/serwis.interactiveworld.pl\/index.php?rest_route=\/wp\/v2\/pages"}],"about":[{"href":"https:\/\/serwis.interactiveworld.pl\/index.php?rest_route=\/wp\/v2\/types\/page"}],"author":[{"embeddable":true,"href":"https:\/\/serwis.interactiveworld.pl\/index.php?rest_route=\/wp\/v2\/users\/6"}],"replies":[{"embeddable":true,"href":"https:\/\/serwis.interactiveworld.pl\/index.php?rest_route=%2Fwp%2Fv2%2Fcomments&post=6233"}],"version-history":[{"count":6,"href":"https:\/\/serwis.interactiveworld.pl\/index.php?rest_route=\/wp\/v2\/pages\/6233\/revisions"}],"predecessor-version":[{"id":7065,"href":"https:\/\/serwis.interactiveworld.pl\/index.php?rest_route=\/wp\/v2\/pages\/6233\/revisions\/7065"}],"wp:attachment":[{"href":"https:\/\/serwis.interactiveworld.pl\/index.php?rest_route=%2Fwp%2Fv2%2Fmedia&parent=6233"}],"curies":[{"name":"wp","href":"https:\/\/api.w.org\/{rel}","templated":true}]}}