{"id":630,"date":"2011-05-27T06:53:09","date_gmt":"2011-05-27T06:53:09","guid":{"rendered":"http:\/\/interactiveworld.cba.pl\/?page_id=630"},"modified":"2011-05-27T06:53:09","modified_gmt":"2011-05-27T06:53:09","slug":"rozwiaz-zagadke","status":"publish","type":"page","link":"https:\/\/serwis.interactiveworld.pl\/?page_id=630","title":{"rendered":"Rozwi\u0105\u017c zagadk\u0119"},"content":{"rendered":"<p style=\"text-align: center;\"><a href=\"http:\/\/interactiveworld.cba.pl\/wp-content\/uploads\/2011\/05\/33.jpg\"><img loading=\"lazy\" decoding=\"async\" class=\"aligncenter size-full wp-image-631\" title=\"33\" src=\"http:\/\/interactiveworld.cba.pl\/wp-content\/uploads\/2011\/05\/33.jpg\" alt=\"\" width=\"472\" height=\"342\" \/><\/a><\/p>\n<p><strong>Rozwi\u0105\u017c zagadk\u0119<\/strong> &#8211; to program interaktywny w TV Biznes, kt\u00f3ry by\u0142 nadany tylko 3 razy. Produkcj\u0105 zajmowa\u0142a si\u0119 w\u0119gierska firma Telemedia InteracTv.<\/p>\n<p style=\"text-align: center;\"><em><strong>Pierwszy program zosta\u0142 nadany: 6 lutego 2010r.<\/strong><\/em><\/p>\n<p><strong>Program prowadzili<\/strong> : Justyna Widawska<br \/>\n<strong>Emisja<\/strong> : Noc, przewa\u017cnie &#8211; 0:00 w TV Biznes.<\/p>\n<p>&nbsp;<\/p>\n<p style=\"text-align: center;\"><a href=\"http:\/\/interactiveworld.cba.pl\/wp-content\/uploads\/2011\/05\/11.jpg\"><img loading=\"lazy\" decoding=\"async\" class=\"aligncenter size-full wp-image-633\" title=\"11\" src=\"http:\/\/interactiveworld.cba.pl\/wp-content\/uploads\/2011\/05\/11.jpg\" alt=\"\" width=\"501\" height=\"357\" \/><\/a><strong>Justyna Widawska w &#8222;Rozwi\u0105\u017c zagadk\u0119&#8221;.<\/strong><\/p>\n","protected":false},"excerpt":{"rendered":"<p>Rozwi\u0105\u017c zagadk\u0119 &#8211; to program interaktywny w TV Biznes, kt\u00f3ry by\u0142 nadany tylko 3 razy. Produkcj\u0105 zajmowa\u0142a si\u0119 w\u0119gierska firma Telemedia InteracTv. Pierwszy program zosta\u0142 nadany: 6 lutego 2010r. Program prowadzili : Justyna Widawska Emisja : Noc, przewa\u017cnie &#8211; 0:00 w TV Biznes. &nbsp; Justyna Widawska w &#8222;Rozwi\u0105\u017c zagadk\u0119&#8221;.<\/p>\n","protected":false},"author":1,"featured_media":0,"parent":0,"menu_order":0,"comment_status":"open","ping_status":"open","template":"","meta":{"footnotes":""},"class_list":["post-630","page","type-page","status-publish","hentry"],"_links":{"self":[{"href":"https:\/\/serwis.interactiveworld.pl\/index.php?rest_route=\/wp\/v2\/pages\/630","targetHints":{"allow":["GET"]}}],"collection":[{"href":"https:\/\/serwis.interactiveworld.pl\/index.php?rest_route=\/wp\/v2\/pages"}],"about":[{"href":"https:\/\/serwis.interactiveworld.pl\/index.php?rest_route=\/wp\/v2\/types\/page"}],"author":[{"embeddable":true,"href":"https:\/\/serwis.interactiveworld.pl\/index.php?rest_route=\/wp\/v2\/users\/1"}],"replies":[{"embeddable":true,"href":"https:\/\/serwis.interactiveworld.pl\/index.php?rest_route=%2Fwp%2Fv2%2Fcomments&post=630"}],"version-history":[{"count":0,"href":"https:\/\/serwis.interactiveworld.pl\/index.php?rest_route=\/wp\/v2\/pages\/630\/revisions"}],"wp:attachment":[{"href":"https:\/\/serwis.interactiveworld.pl\/index.php?rest_route=%2Fwp%2Fv2%2Fmedia&parent=630"}],"curies":[{"name":"wp","href":"https:\/\/api.w.org\/{rel}","templated":true}]}}