{"id":7143,"date":"2022-12-13T21:29:35","date_gmt":"2022-12-13T20:29:35","guid":{"rendered":"https:\/\/serwis.interactiveworld.pl\/?page_id=7143"},"modified":"2024-08-10T22:53:34","modified_gmt":"2024-08-10T21:53:34","slug":"zagadkowy-weekend","status":"publish","type":"page","link":"https:\/\/serwis.interactiveworld.pl\/?page_id=7143","title":{"rendered":"Zagadkowy Weekend"},"content":{"rendered":"\n<p class=\"has-text-align-center\"><img loading=\"lazy\" decoding=\"async\" width=\"600\" height=\"338\" class=\"wp-image-7155\" style=\"width: 600px;\" src=\"https:\/\/serwis.interactiveworld.pl\/wp-content\/uploads\/2022\/12\/czolowka-propozycja-2.png\" alt=\"Czo\u0142\u00f3wka Zagadkowy Weekend\" srcset=\"https:\/\/serwis.interactiveworld.pl\/wp-content\/uploads\/2022\/12\/czolowka-propozycja-2.png 1920w, https:\/\/serwis.interactiveworld.pl\/wp-content\/uploads\/2022\/12\/czolowka-propozycja-2-300x169.png 300w, https:\/\/serwis.interactiveworld.pl\/wp-content\/uploads\/2022\/12\/czolowka-propozycja-2-1024x576.png 1024w, https:\/\/serwis.interactiveworld.pl\/wp-content\/uploads\/2022\/12\/czolowka-propozycja-2-768x432.png 768w, https:\/\/serwis.interactiveworld.pl\/wp-content\/uploads\/2022\/12\/czolowka-propozycja-2-1536x864.png 1536w\" sizes=\"auto, (max-width: 600px) 100vw, 600px\" \/><\/p>\n\n\n\n<p class=\"has-text-align-center\"><strong><em>Zagadkowy Weekend<\/em><\/strong>&nbsp;to teleturniej interaktywny produkcji&nbsp;<strong>POLCAST<\/strong> <strong>TELEVISION&nbsp;<\/strong>z siedzib\u0105 w Warszawie. Program&nbsp;<em>Zagadkowy Weekend&nbsp;<\/em>emitowany jest od 18 grudnia 2022 r. Regulamin teleturnieju dost\u0119pny na stronie&nbsp;<a href=\"https:\/\/media1.pl\/wp-content\/uploads\/2023\/01\/REGULAMIN-KONKURSU-Zagadkowy-Weekend.pdf\" target=\"_blank\" rel=\"noreferrer noopener\">www.Polonia1.tv<\/a> w opisie audycji. W odr\u00f3\u017cnieniu od wi\u0119kszo\u015bci produkowanych teleturniej\u00f3w calltv w Polsce, w tym przypadku zg\u0142aszanie si\u0119 do konkurs\u00f3w nast\u0119puje wy\u0142\u0105cznie drog\u0105 SMSow\u0105. Koszt jednej wiadomo\u015bci wynosi 6,15 z\u0142, a wiadomo\u015b\u0107 musi rozpoczyna\u0107 si\u0119 s\u0142owem &#8222;GRAM&#8221;. <\/p>\n\n\n\n<p class=\"has-text-align-center\"><strong>Program prowadzi:<\/strong>\u00a0Krystian Lis.<br>Go\u015bcinnie na kilka minut dwukrotnie pojawi\u0142a si\u0119 Ewa W\u0105sikowska-Tomczy\u0144ska.<br>10.08.2024 r. program poprowadzi\u0142 Patryk Lewy.<br>W wydaniu 23.04.2023 r. nawi\u0105zano po\u0142\u0105czenie telefoniczne z Justyn\u0105 Widawsk\u0105.<br>26.10.2023 r. zostrzygni\u0119cie <em>Zagadki Tygodnia<\/em> nast\u0105pi\u0142o w dodatkowym 5-min. wydaniu o godz. 23.<\/p>\n\n\n\n<p class=\"has-text-align-center\"><strong>Emisja teleturnieju<\/strong>: Polonia1 w soboty od 21:00 do 23:30<br>(pocz\u0105tkowo w niedziele ok. 14:00-16:00, ok. 15:00-17:00, ok. 14:25-17:00)<br>Wyj\u0105tkowo emisja programu odby\u0142a si\u0119 r\u00f3wnie\u017c w Poniedzia\u0142ek Wielkanocny 10 kwietnia 2023 r. oraz w sobot\u0119 11 listopada 2023 r., natomiast nie by\u0142o wyda\u0144 1 stycznia 2023 r. oraz 24 grudnia 2023 r.<\/p>\n\n\n\n<p class=\"has-text-align-center\">Od 1 lutego 2023 r. w ramach autopromocji audycji w ci\u0105gu ca\u0142ego tygodnia emitowana jest &#8222;Zagadka Tygodnia&#8221; o r\u00f3\u017cnych porach w Polonii1 &#8211; jest to nagrany materia\u0142 z prezentowan\u0105 zagadk\u0105, kt\u00f3rej rozwi\u0105zanie nast\u0105pi w ostatnim w tygodniu programie &#8222;Zagadkowy Weekend&#8221; na \u017cywo (niedziela\/aktualnie: sobota). Zg\u0142oszenia odbywaj\u0105 si\u0119 r\u00f3wnie\u017c SMSem za 6,15 z\u0142, jednak tre\u015b\u0107 wiadomo\u015bci musi zaczyna\u0107 si\u0119 s\u0142owem &#8222;ZNAM&#8221;. W pierwszych programach prowadz\u0105cy nie by\u0142 widoczny, a by\u0142 jedynie jego g\u0142os. Od czasu wprowdzenia wersji 15-minutowych jest widoczny prowadz\u0105cy w studiu. Od 10 kwienia 2023 r. &#8222;Zagadki Tygodnia&#8221; maj\u0105 sta\u0142\u0105 godzin\u0119 emisji wersji 2&#215;15 min. &#8211; od poniedzia\u0142ku do pi\u0105tku o 21:00 i oko\u0142o 22:30. Ponadto losowo podczas tygodnia s\u0105 emitowane wersje 5-minutowe. Regulamin <a href=\"https:\/\/media1.pl\/wp-content\/uploads\/2023\/01\/REGULAMIN-Zagadka-Tygodnia.pdf\" target=\"_blank\" rel=\"noreferrer noopener\">TUTAJ<\/a>.<\/p>\n\n\n\n<center><p class=\"has-text-align-center\"><iframe loading=\"lazy\" width=\"560\" height=\"315\" src=\"https:\/\/www.youtube.com\/embed\/zDcfQ_VfcYA\" title=\"YouTube video player\" frameborder=\"0\" allow=\"accelerometer; autoplay; clipboard-write; encrypted-media; gyroscope; picture-in-picture; web-share\" allowfullscreen=\"\"><br>Premiera: wydanie \u015bwi\u0105teczne 18.12.2022 r.<\/iframe><br>18.12.2022 r. PREMIERA &#8211; wydanie \u015bwi\u0105teczne<\/p><\/center>\n\n\n\n<center><p class=\"has-text-align-center\"> <iframe loading=\"lazy\" width=\"560\" height=\"315\" src=\"https:\/\/www.youtube.com\/embed\/pzhpncmslyo\" title=\"YouTube video player\" frameborder=\"0\" allow=\"accelerometer; autoplay; clipboard-write; encrypted-media; gyroscope; picture-in-picture; web-share\" allowfullscreen=\"\"><br>Wydanie standardowe z dn. 22.01.2023 r.<\/iframe><br>22.01.2023 r. wydanie standardowe<\/p><\/center>\n","protected":false},"excerpt":{"rendered":"<p>Zagadkowy Weekend&nbsp;to teleturniej interaktywny produkcji&nbsp;POLCAST TELEVISION&nbsp;z siedzib\u0105 w Warszawie. Program&nbsp;Zagadkowy Weekend&nbsp;emitowany jest od 18 grudnia 2022 r. Regulamin teleturnieju dost\u0119pny na stronie&nbsp;www.Polonia1.tv w opisie audycji. W odr\u00f3\u017cnieniu od wi\u0119kszo\u015bci produkowanych teleturniej\u00f3w calltv w Polsce, w tym przypadku zg\u0142aszanie si\u0119 do konkurs\u00f3w nast\u0119puje wy\u0142\u0105cznie drog\u0105 SMSow\u0105. Koszt jednej wiadomo\u015bci wynosi 6,15 z\u0142, a wiadomo\u015b\u0107 musi rozpoczyna\u0107<a href=\"https:\/\/serwis.interactiveworld.pl\/?page_id=7143\">&nbsp;&nbsp;[wi&#281;cej]<\/a><\/p>\n","protected":false},"author":1,"featured_media":0,"parent":0,"menu_order":0,"comment_status":"closed","ping_status":"closed","template":"","meta":{"footnotes":""},"class_list":["post-7143","page","type-page","status-publish","hentry"],"_links":{"self":[{"href":"https:\/\/serwis.interactiveworld.pl\/index.php?rest_route=\/wp\/v2\/pages\/7143","targetHints":{"allow":["GET"]}}],"collection":[{"href":"https:\/\/serwis.interactiveworld.pl\/index.php?rest_route=\/wp\/v2\/pages"}],"about":[{"href":"https:\/\/serwis.interactiveworld.pl\/index.php?rest_route=\/wp\/v2\/types\/page"}],"author":[{"embeddable":true,"href":"https:\/\/serwis.interactiveworld.pl\/index.php?rest_route=\/wp\/v2\/users\/1"}],"replies":[{"embeddable":true,"href":"https:\/\/serwis.interactiveworld.pl\/index.php?rest_route=%2Fwp%2Fv2%2Fcomments&post=7143"}],"version-history":[{"count":21,"href":"https:\/\/serwis.interactiveworld.pl\/index.php?rest_route=\/wp\/v2\/pages\/7143\/revisions"}],"predecessor-version":[{"id":7327,"href":"https:\/\/serwis.interactiveworld.pl\/index.php?rest_route=\/wp\/v2\/pages\/7143\/revisions\/7327"}],"wp:attachment":[{"href":"https:\/\/serwis.interactiveworld.pl\/index.php?rest_route=%2Fwp%2Fv2%2Fmedia&parent=7143"}],"curies":[{"name":"wp","href":"https:\/\/api.w.org\/{rel}","templated":true}]}}