{"id":803,"date":"2011-07-19T06:21:56","date_gmt":"2011-07-19T06:21:56","guid":{"rendered":"http:\/\/interactiveworld.cba.pl\/?page_id=803"},"modified":"2011-07-19T06:21:56","modified_gmt":"2011-07-19T06:21:56","slug":"wywiad-z-ewa-tulacz","status":"publish","type":"page","link":"https:\/\/serwis.interactiveworld.pl\/?page_id=803","title":{"rendered":"Wywiad z Ew\u0105 Tu\u0142acz"},"content":{"rendered":"<p style=\"text-align: center;\"><img loading=\"lazy\" decoding=\"async\" class=\"aligncenter size-large wp-image-575\" title=\"olgawywiad2\" src=\"http:\/\/img62.imageshack.us\/img62\/5986\/7kopiowanie.png\" alt=\"\" width=\"550\" height=\"324\" \/>Prezenterka programu \u201eZagadkowa noc\u201d produkcji firmy Green Hat Studios z siedzib\u0105 w Warszawie przy ulicy Pu\u0142awskiej.<\/p>\n<p style=\"text-align: center;\"><strong>Wywiad z Ew\u0105 Tu\u0142acz:<\/strong><\/p>\n<p style=\"text-align: center;\"><strong>1.\tOd ilu lat Pani jest zwi\u0105zana z programami CallTv?<\/strong><br \/>\nEwa Tu\u0142acz: Zajmuj\u0119 si\u0119 tym prawie 4 lata, cho\u0107 nie wiem, kiedy to tak szybko zlecia\u0142o \ud83d\ude42<img decoding=\"async\" src=\"http:\/\/static.ak.fbcdn.net\/images\/blank.gif\" alt=\":)\" \/>.<\/p>\n<p style=\"text-align: center;\"><strong>2. Jaki program poprowadzi\u0142a Pani jako pierwszy?<\/strong><br \/>\nEwa Tu\u0142acz: To by\u0142a \u201eNagroda Gwarantowana\u201d w TV Polsat.<\/p>\n<p style=\"text-align: center;\"><strong>3. Czy ma Pani jakie\u015b inne zaj\u0119cie ni\u017c prezenterka CallTv?<\/strong><br \/>\nEwa Tu\u0142acz: Tak, zdarza mi si\u0119 u\u017cycza\u0107 twarzy jako fotomodelka, prowadz\u0119 te\u017c r\u00f3\u017cne  ciekawe imprezy. Dzi\u0119ki temu mam okazj\u0119 podr\u00f3\u017cowa\u0107 po \u015bwiecie \u0142\u0105cz\u0105c  przyjemne z po\u017cytecznym.<\/p>\n<p style=\"text-align: center;\"><strong>4. Jaka atmosfera panuje na planie tych program\u00f3w?<\/strong><br \/>\nEwa Tu\u0142acz: Atmosfera w studio jest bardzo ciep\u0142a, wi\u0119c zawsze godzin\u0119 przed startem  programu ustawiam klim\u0119 na 16 C, dzi\u0119ki czemu czuj\u0119 si\u0119 mocno o\u017cywiona,  ale wiem \u017ce inne prezenterski wol\u0105 raczej cieplejsze klimaty \ud83d\ude00<img decoding=\"async\" src=\"http:\/\/static.ak.fbcdn.net\/images\/blank.gif\" alt=\":D\" \/>.<\/p>\n<p style=\"text-align: center;\"><strong>5. Gdy przychodzi pani do firmy w Warszawie, ile pani sp\u0119dza czasu przed programem, i co pani robi? Jakie\u015b ma\u0142e przygotowania?<\/strong><br \/>\nEwa Tu\u0142acz: Czas przygotowania do programu zale\u017cy g\u0142\u00f3wnie od tego jak si\u0119 wygl\u0105da. Jedni potrzebuj\u0105 tego czasu mniej, inni wi\u0119cej \ud83d\ude42<img decoding=\"async\" src=\"http:\/\/static.ak.fbcdn.net\/images\/blank.gif\" alt=\":)\" \/>.  W firmie jestem oko\u0142o 2 godziny przed programem, gdzie przemieniam si\u0119 z  larwy w motyla (make-up, fryzura itp.), nast\u0119pnie zarzucam jakie\u015b  wdzianko i ju\u017c jestem gotowa. Potem jeszcze om\u00f3wienie zagadek i 3 2 1  STARTUJEMY :).<\/p>\n<p style=\"text-align: center;\"><strong>6. Czym zajmuje si\u0119 Pani w wolnych chwilach?<\/strong><\/p>\n<p style=\"text-align: center;\">Ewa Tu\u0142acz: Mam troch\u0119 wolnych chwil i zwariowanych pomys\u0142\u00f3w, wi\u0119c nie starczy\u0142oby miejsca na opis.<\/p>\n<p style=\"text-align: center;\"><strong>7. Najpierw powr\u00f3t Zagadkowej jedynki, p\u00f3\u017aniej powr\u00f3t programu pt.  &#8222;Zagadkowa noc&#8221; dla Telewizji Polsat? Jakie kolejne programy powr\u00f3c\u0105 i  kiedy?<\/strong><\/p>\n<p style=\"text-align: center;\">Ewa Tu\u0142acz: Z tym pytaniem, to nie do mnie.<\/p>\n<p style=\"text-align: center;\"><strong>8. Jaki program Pani najbardziej lubi?<\/strong><\/p>\n<p style=\"text-align: center;\">Ewa Tu\u0142acz: Discovery i Kub\u0119 Wojew\u00f3dzkiego \ud83d\ude42<img decoding=\"async\" src=\"http:\/\/static.ak.fbcdn.net\/images\/blank.gif\" alt=\":)\" \/>.<\/p>\n<p style=\"text-align: center;\"><strong>9. Ehh&#8230;Dlaczego w obecnych programach Green Hat Studios kamery s\u0105 bardzo  statyczne, a w w\u0119gierskiej firmie by\u0142y ruchome, fajne loty kamerowy, z  daleka i z bliska. Dlaczego teraz tak nie jest? Jaki jest pow\u00f3d zmiany? Z  reszt\u0105&#8230; Wszystko jest statyczne w tych programach.<\/strong><\/p>\n<p style=\"text-align: center;\">Ewa Tu\u0142acz: Sugeruj\u0119 spos\u00f3b realizacji programu pozostawi\u0107 osobom, kt\u00f3re si\u0119 na tym  znaj\u0105. Tym bardziej, \u017ce robi\u0105 wszystko co mog\u0105, \u017ceby programy by\u0142y jak  najlepszej jako\u015bci. Produkcja takich program\u00f3w zale\u017cy od wielu  czynnik\u00f3w, o kt\u00f3rych zwyk\u0142y \u015bmiertelnik nie ma poj\u0119cia.<\/p>\n<p style=\"text-align: center;\"><strong>10. Na r\u00f3\u017cnych stronach\/forach\/blogach internetowych, pojawiaj\u0105 si\u0119  r\u00f3\u017cne opinie na temat ka\u017cdych prezenterek. Czy zdarza\u0142o si\u0119 Pani czyta\u0107  opinie widz\u00f3w\/fan\u00f3w na Pani temat, je\u015bli tak, to cieszy\u0142a si\u0119 Pani z  nich, b\u0105d\u017a przejmowa\u0142a z tych gorszych?<\/strong><\/p>\n<p style=\"text-align: center;\">Ewa Tu\u0142acz: Zdarza\u0142o si\u0119, \u017ce gdzie\u015b natrafi\u0142am na jak\u0105\u015b opini\u0119. Ceni\u0119 sobie  konstruktywn\u0105 krytyk\u0119, pod warunkiem, \u017ce wyp\u0142ywa od kogo\u015b, z kogo  zdaniem si\u0119 licz\u0119. A wiemy, \u017ce fora to w sporym procencie miejsca na  anonimowe wylewanie swoich frustracji i gniewu, zamiast obiektywnych  opinii. Praca w TV nauczy\u0142a mnie sporego dystansu do siebie i do \u015bwiata,  wi\u0119c wi\u0119kszo\u015b\u0107 opinii, zar\u00f3wno tych pozytywnych jak i negatywnych  traktuj\u0119 ze sporym przymru\u017ceniem oka.<\/p>\n<p style=\"text-align: center;\"><strong>11. Ile firma Green Hat Studios posiada studi\u00f3w?<\/strong><\/p>\n<p style=\"text-align: center;\">Ewa Tu\u0142acz: Nie mog\u0119 wypowiada\u0107 si\u0119 w imieniu ca\u0142ej firmy, ale ja osobi\u015bcie posiadam uko\u0144czone studia wy\u017csze \ud83d\ude00<img decoding=\"async\" src=\"http:\/\/static.ak.fbcdn.net\/images\/blank.gif\" alt=\":D\" \/>.<\/p>\n<p style=\"text-align: center;\"><strong>12. Jakie Pani zna j\u0119zyki obce?<\/strong><\/p>\n<p style=\"text-align: center;\">Ewa Tu\u0142acz: Znam wi\u0119kszo\u015b\u0107, w kilku nawet potrafi\u0119 rozmawia\u0107.<\/p>\n<p style=\"text-align: center;\"><strong>13. Jak Pani wspomina prac\u0119 w Telemedii InteracTv?<\/strong><\/p>\n<p style=\"text-align: center;\">Ewa Tu\u0142acz: Je\u015bli chodzi o prac\u0119 w TelemedIACH InteracTV, wspominam z sentymentem.  Po pierwsze przepi\u0119kny Budapeszt, po drugie zetkni\u0119cie wielu kultur z  przer\u00f3\u017cnych stron \u015bwiata pozostawi\u0142o niezapomniane wra\u017cenia i wiele mnie  nauczy\u0142o.<\/p>\n<p style=\"text-align: center;\"><strong>14. Jaki rodzaj zagadek Pani lubi najbardziej?<\/strong><\/p>\n<p style=\"text-align: center;\">Ewa Tu\u0142acz: Nie mam ulubionych. Dla mnie wa\u017cne jest to, jakie lubi\u0105 widzowie.<\/p>\n<p style=\"text-align: center;\">+<\/p>\n<p style=\"text-align: center;\">Pozdrawiam was wszystkich, Ewa. \ud83d\ude42<\/p>\n","protected":false},"excerpt":{"rendered":"<p>Prezenterka programu \u201eZagadkowa noc\u201d produkcji firmy Green Hat Studios z siedzib\u0105 w Warszawie przy ulicy Pu\u0142awskiej. Wywiad z Ew\u0105 Tu\u0142acz: 1. Od ilu lat Pani jest zwi\u0105zana z programami CallTv? Ewa Tu\u0142acz: Zajmuj\u0119 si\u0119 tym prawie 4 lata, cho\u0107 nie wiem, kiedy to tak szybko zlecia\u0142o \ud83d\ude42. 2. Jaki program poprowadzi\u0142a Pani jako pierwszy? Ewa<a href=\"https:\/\/serwis.interactiveworld.pl\/?page_id=803\">&nbsp;&nbsp;[wi&#281;cej]<\/a><\/p>\n","protected":false},"author":1,"featured_media":0,"parent":0,"menu_order":0,"comment_status":"open","ping_status":"open","template":"","meta":{"footnotes":""},"class_list":["post-803","page","type-page","status-publish","hentry"],"_links":{"self":[{"href":"https:\/\/serwis.interactiveworld.pl\/index.php?rest_route=\/wp\/v2\/pages\/803","targetHints":{"allow":["GET"]}}],"collection":[{"href":"https:\/\/serwis.interactiveworld.pl\/index.php?rest_route=\/wp\/v2\/pages"}],"about":[{"href":"https:\/\/serwis.interactiveworld.pl\/index.php?rest_route=\/wp\/v2\/types\/page"}],"author":[{"embeddable":true,"href":"https:\/\/serwis.interactiveworld.pl\/index.php?rest_route=\/wp\/v2\/users\/1"}],"replies":[{"embeddable":true,"href":"https:\/\/serwis.interactiveworld.pl\/index.php?rest_route=%2Fwp%2Fv2%2Fcomments&post=803"}],"version-history":[{"count":0,"href":"https:\/\/serwis.interactiveworld.pl\/index.php?rest_route=\/wp\/v2\/pages\/803\/revisions"}],"wp:attachment":[{"href":"https:\/\/serwis.interactiveworld.pl\/index.php?rest_route=%2Fwp%2Fv2%2Fmedia&parent=803"}],"curies":[{"name":"wp","href":"https:\/\/api.w.org\/{rel}","templated":true}]}}