{"id":980,"date":"2011-08-24T19:18:21","date_gmt":"2011-08-24T19:18:21","guid":{"rendered":"http:\/\/interactiveworld.pl\/?page_id=980"},"modified":"2017-06-16T23:07:00","modified_gmt":"2017-06-16T21:07:00","slug":"wywiad-z-marzena-ziarek","status":"publish","type":"page","link":"https:\/\/serwis.interactiveworld.pl\/?page_id=980","title":{"rendered":"Wywiad z Marzen\u0105 Ziarek"},"content":{"rendered":"<p style=\"text-align: center;\">\n<p style=\"text-align: center;\"><img loading=\"lazy\" decoding=\"async\" class=\"aligncenter wp-image-5267\" src=\"https:\/\/serwis.interactiveworld.pl\/wp-content\/uploads\/2011\/08\/Marzena.png\" alt=\"\" width=\"450\" height=\"350\" srcset=\"https:\/\/serwis.interactiveworld.pl\/wp-content\/uploads\/2011\/08\/Marzena.png 610w, https:\/\/serwis.interactiveworld.pl\/wp-content\/uploads\/2011\/08\/Marzena-300x234.png 300w\" sizes=\"auto, (max-width: 450px) 100vw, 450px\" \/><\/p>\n<p style=\"text-align: center;\">Dawna prezenterka programu &#8222;Dziewczyny z fortun\u0105&#8221; produkcji firmy Green Hat Studios z siedzib\u0105 w Warszawie.<\/p>\n<p style=\"text-align: center;\"><strong>Wywiad z Marzen\u0105 Ziarek:<\/strong><\/p>\n<p style=\"text-align: center;\"><strong>1. Ile lat Pani jest zwi\u0105zana z programami Call-Tv?<\/strong><\/p>\n<p style=\"text-align: center;\">Marzena Ziarek: Jako prowadz\u0105ca programy interaktywne zadebiutowa\u0142am w 2006 roku, wi\u0119c na dzie\u0144 dzisiejszy b\u0119dzie 5 lat.<\/p>\n<p style=\"text-align: center;\"><strong>2. Jaki program poprowadzi\u0142a Pani jako pierwszy?<\/strong><\/p>\n<p style=\"text-align: center;\">Marzena Ziarek: Niekt\u00f3rzy z Was mo\u017ce pami\u0119taj\u0105 program &#8222;Wygraj fortun\u0119&#8221; i &#8222;Kasa na bank&#8221; (TV4) i moje pocz\u0105tki. By\u0142o ci\u0119\u017cko&#8230;, jak w Ci\u0119\u017ckowicach, metaforycznie ujmuj\u0105c \ud83d\ude09<\/p>\n<p style=\"text-align: center;\"><strong>3. Co Pani lubi robi\u0107 w wolnej chwili?<\/strong><\/p>\n<p style=\"text-align: center;\">Marzena Ziarek: Lubi\u0119: rolki, horrory i &#8222;crime story&#8221;. Nie lubi\u0119: pecet\u00f3w i nowatorskich gad\u017cet\u00f3w. Bardzo lubi\u0119 s\u0142ucha\u0107 Evy Cassidy i chodzi\u0107 na strzelnic\u0119. W wolnych chwilach uwielbiam le\u017ce\u0107 na kanapie i macha\u0107 nog\u0105.<\/p>\n<p style=\"text-align: center;\"><strong>4. Najpierw powr\u00f3t Zagadkowej jedynki, p\u00f3\u017aniej powr\u00f3t programu Zagadkowej nocy dla Telewizji Polsat? Jakie kolejne programy powr\u00f3c\u0105 i kiedy?<br \/>\n<\/strong><\/p>\n<p style=\"text-align: center;\">Marzena Ziarek: To pytanie powinno by\u0107 skierowane do Producenta. Do &#8222;Zagadkowej nocy&#8221;<br \/>\ntrafi\u0142am, kiedy zosta\u0142a ju\u017c reaktywowana, je\u015bli chodzi o kolejne programy,<br \/>\nnic mi na ten temat nie wiadomo. Je\u017celi b\u0119d\u0119 co\u015b wiedzia\u0142a, dam zna\u0107.<\/p>\n<p style=\"text-align: center;\"><strong>5. Pracowa\u0142a Pani w wielu firmach produkuj\u0105cych programy Call-Tv. Kt\u00f3r\u0105 firm\u0119 najbardziej Pani wspomina? Gdzie by\u0142a najlepsza atmosfera?<\/strong><\/p>\n<p style=\"text-align: center;\">Marzena Ziarek: Zar\u00f3wno wsp\u00f3\u0142prac\u0119 z Telemedia Interac Tv, 9live jak i TVN-em wspominam niezmiernie mi\u0142o. Pozna\u0142am ciekawych ludzi, przy okazji zwiedzi\u0142am nowe miejsca, a w odniesieniu do pracy, mog\u0119 powiedzie\u0107, \u017ce to niezapomniane chwile by\u0142y a tak\u017ce cenne do\u015bwiadczenia zawodowe.<\/p>\n<p style=\"text-align: center;\"><strong>6. Co Pani\u0105 sk\u0142oni\u0142o do pracowania w firmie Green Hat Studios?<\/strong><\/p>\n<p style=\"text-align: center;\">Marzena Ziarek: Jak to si\u0119 m\u00f3wi.. : &#8222;Ci\u0105gnie wilka do lasu.&#8221;<\/p>\n<p style=\"text-align: center;\"><strong>7. Po kilku miesi\u0105cach pracy w Telemedia zrezygnowa\u0142a Pani ze wsp\u00f3\u0142pracy z t\u0105 firm\u0105. Jakie by\u0142y przyczyny odej\u015bcia?<\/strong><\/p>\n<p style=\"text-align: center;\">Marzena Ziarek: Nostalgia mnie dopad\u0142a, dlatego musia\u0142am wr\u00f3ci\u0107 do Polski.<\/p>\n<p style=\"text-align: center;\"><strong>8. Jak\u0105 kategorie zagadek lubi Pani najbardziej?<\/strong><\/p>\n<p style=\"text-align: center;\">Marzena Ziarek: Najbardziej lubi\u0119 jak do mnie dzwonicie. \ud83d\ude09<\/p>\n<p style=\"text-align: center;\"><strong>9. Jak Pani &#8222;trafi\u0142a&#8221; do telewizji?<\/strong><\/p>\n<p style=\"text-align: center;\">Marzena Ziarek: Najpierw trafi\u0142am na casting. Tam pozna\u0142am Pana Piotra S., kt\u00f3ry siedzia\u0142 na kanapie, za kamer\u0105 i zadawa\u0142 pytania. To On mnie dla Was wybra\u0142. \ud83d\ude42<\/p>\n<p style=\"text-align: center;\"><strong>10. Przy programach na \u017cywo zdarzaj\u0105 si\u0119 wpadki. Mia\u0142a Pani jak\u0105\u015b, kt\u00f3ra utkn\u0119\u0142a w pami\u0119ci?<\/strong><\/p>\n<p style=\"text-align: center;\">Marzena Ziarek: Wpadki w programach na \u017cywo zawsze si\u0119 zdarzaj\u0105, ja r\u00f3wnie\u017c mia\u0142am ich sporo i niejednokrotnie si\u0119 u\u015bmia\u0142am sama z siebie. <strong><br \/>\n<\/strong><\/p>\n<p style=\"text-align: center;\"><strong>11. Przy prowadzeniu program\u00f3w towarzyszy Pani stres?<\/strong><\/p>\n<p style=\"text-align: center;\">Marzena Ziarek: Jedyne co mnie w \u017cyciu stresuje, to m\u00f3j telefon, dlatego, \u017ce notoryczne zdarza mi si\u0119 najzwyczajniej w \u015bwiecie niechc\u0105cy go pozby\u0107, tzn. zgubi\u0107, utopi\u0107, zapomnie\u0107. Co do program\u00f3w to nie mam tremy.<\/p>\n<p style=\"text-align: center;\"><strong>12. Ile firma Green Hat Studios posiada studi\u00f3w?<\/strong><\/p>\n<p style=\"text-align: center;\">Marzena Ziarek: Trudno odpowiedzie\u0107 na to pytanie, bo ta ulega wci\u0105\u017c zmianie. Tym razem niechc\u0105cy mi si\u0119 zrymowa\u0142o.<strong>.\u00a0<\/strong><\/p>\n<p style=\"text-align: center;\"><strong>13. Kto wymy\u015bla zagadki do program\u00f3w Call-Tv?<\/strong><\/p>\n<p style=\"text-align: center;\">Marzena Ziarek: Przygotowanie konkurs\u00f3w to efekt pracy zespo\u0142owej, redakcja, re\u017cyserzy program\u00f3w, prowadz\u0105ce, ka\u017cdy ma sw\u00f3j mniejszy lub wi\u0119kszy w tym udzia\u0142.<\/p>\n<p style=\"text-align: center;\"><strong>14. Czy mi\u0142o Pani wspomina prac\u0119 w Telemedia?<\/strong><\/p>\n<p style=\"text-align: center;\">Marzena Ziarek: Tak i to bardzo! \ud83d\ude42<\/p>\n<p style=\"text-align: center;\"><strong>Zapraszamy bardzo serdecznie do czytania \u015bwietnego bloga Marzeny Ziarek!<\/strong><\/p>\n<p style=\"text-align: center;\"><a href=\"http:\/\/marzenaziarek.pl\">www.marzenaziarek.pl<\/a><\/p>\n","protected":false},"excerpt":{"rendered":"<p>Dawna prezenterka programu &#8222;Dziewczyny z fortun\u0105&#8221; produkcji firmy Green Hat Studios z siedzib\u0105 w Warszawie. Wywiad z Marzen\u0105 Ziarek: 1. Ile lat Pani jest zwi\u0105zana z programami Call-Tv? Marzena Ziarek: Jako prowadz\u0105ca programy interaktywne zadebiutowa\u0142am w 2006 roku, wi\u0119c na dzie\u0144 dzisiejszy b\u0119dzie 5 lat. 2. Jaki program poprowadzi\u0142a Pani jako pierwszy? Marzena Ziarek: Niekt\u00f3rzy<a href=\"https:\/\/serwis.interactiveworld.pl\/?page_id=980\">&nbsp;&nbsp;[wi&#281;cej]<\/a><\/p>\n","protected":false},"author":1,"featured_media":0,"parent":0,"menu_order":0,"comment_status":"open","ping_status":"open","template":"","meta":{"footnotes":""},"class_list":["post-980","page","type-page","status-publish","hentry"],"_links":{"self":[{"href":"https:\/\/serwis.interactiveworld.pl\/index.php?rest_route=\/wp\/v2\/pages\/980","targetHints":{"allow":["GET"]}}],"collection":[{"href":"https:\/\/serwis.interactiveworld.pl\/index.php?rest_route=\/wp\/v2\/pages"}],"about":[{"href":"https:\/\/serwis.interactiveworld.pl\/index.php?rest_route=\/wp\/v2\/types\/page"}],"author":[{"embeddable":true,"href":"https:\/\/serwis.interactiveworld.pl\/index.php?rest_route=\/wp\/v2\/users\/1"}],"replies":[{"embeddable":true,"href":"https:\/\/serwis.interactiveworld.pl\/index.php?rest_route=%2Fwp%2Fv2%2Fcomments&post=980"}],"version-history":[{"count":4,"href":"https:\/\/serwis.interactiveworld.pl\/index.php?rest_route=\/wp\/v2\/pages\/980\/revisions"}],"predecessor-version":[{"id":6177,"href":"https:\/\/serwis.interactiveworld.pl\/index.php?rest_route=\/wp\/v2\/pages\/980\/revisions\/6177"}],"wp:attachment":[{"href":"https:\/\/serwis.interactiveworld.pl\/index.php?rest_route=%2Fwp%2Fv2%2Fmedia&parent=980"}],"curies":[{"name":"wp","href":"https:\/\/api.w.org\/{rel}","templated":true}]}}